{"id":19492,"date":"2024-08-07T11:57:37","date_gmt":"2024-08-07T11:57:37","guid":{"rendered":"https:\/\/canribas.com\/?page_id=19492"},"modified":"2024-08-07T11:58:24","modified_gmt":"2024-08-07T11:58:24","slug":"avis-legal-i-politica-de-privacitat","status":"publish","type":"page","link":"https:\/\/canribas.com\/ca\/avis-legal-i-politica-de-privacitat\/","title":{"rendered":"Av\u00eds legal i pol\u00edtica de privacitat"},"content":{"rendered":"\t\t<div data-elementor-type=\"wp-page\" data-elementor-id=\"19492\" class=\"elementor elementor-19492 elementor-19294\" data-elementor-post-type=\"page\">\n\t\t\t\t<div class=\"elementor-element elementor-element-48fcb4c e-flex e-con-boxed e-con e-parent\" data-id=\"48fcb4c\" data-element_type=\"container\" data-e-type=\"container\">\n\t\t\t\t\t<div class=\"e-con-inner\">\n\t\t\t\t<div class=\"elementor-element elementor-element-d18492d elementor-widget elementor-widget-heading\" data-id=\"d18492d\" data-element_type=\"widget\" data-e-type=\"widget\" data-widget_type=\"heading.default\">\n\t\t\t\t<div class=\"elementor-widget-container\">\n\t\t\t\t\t<h1 class=\"elementor-heading-title elementor-size-default\">Avis legal y privacidat<\/h1>\t\t\t\t<\/div>\n\t\t\t\t<\/div>\n\t\t\t\t<div class=\"elementor-element elementor-element-e0e1348 elementor-widget elementor-widget-text-editor\" data-id=\"e0e1348\" data-element_type=\"widget\" data-e-type=\"widget\" data-widget_type=\"text-editor.default\">\n\t\t\t\t<div class=\"elementor-widget-container\">\n\t\t\t\t\t\t\t\t\t<h2 class=\"legal-head\" style=\"margin: 0px 0px 20px; padding: 0px; border: 0px; font-variant-numeric: inherit; font-variant-east-asian: inherit; font-variant-alternates: inherit; font-variant-position: inherit; font-stretch: inherit; font-size: 26px; line-height: 32px; font-family: 'PT Serif', Arial, Tahoma, sans-serif; font-optical-sizing: inherit; font-size-adjust: inherit; font-kerning: inherit; font-feature-settings: inherit; font-variation-settings: inherit; vertical-align: baseline; color: #161922;\">Informaci\u00f3 legal LSSIYCE<\/h2><p class=\"legal\" style=\"margin: 0px 0px 15px; padding: 0px; border: 0px; font-variant-numeric: inherit; font-variant-east-asian: inherit; font-variant-alternates: inherit; font-variant-position: inherit; font-stretch: inherit; font-size: 12px; line-height: 18px; font-family: 'PT Serif', Arial, Tahoma, sans-serif; font-optical-sizing: inherit; font-size-adjust: inherit; font-kerning: inherit; font-feature-settings: inherit; font-variation-settings: inherit; vertical-align: baseline; color: #000000;\">D&#8217;acord amb les obligacions previstes en la Llei 34\/2002, de serveis de la Societat de la Informaci\u00f3 i del comer\u00e7 electr\u00f2nic (des d&#8217;ara LSSIYCE), CAN RIBAS SL manifesta que el domini canribas.com \u00e9s propietat de CAN RIBAS SL, amb CIF B-59998286, i domicili a Cam\u00ed de Can Ribas s \/ n, 08415 Bigues i Riells (Barcelona).<\/p><p class=\"legal\" style=\"margin: 0px 0px 15px; padding: 0px; border: 0px; font-variant-numeric: inherit; font-variant-east-asian: inherit; font-variant-alternates: inherit; font-variant-position: inherit; font-stretch: inherit; font-size: 12px; line-height: 18px; font-family: 'PT Serif', Arial, Tahoma, sans-serif; font-optical-sizing: inherit; font-size-adjust: inherit; font-kerning: inherit; font-feature-settings: inherit; font-variation-settings: inherit; vertical-align: baseline; color: #000000;\">Que CAN RIBAS SL est\u00e0 inscrita al Registre Mercantil de Barcelona, al tom 21942, foli 29.812 i full 0141.<\/p><p class=\"legal\" style=\"margin: 0px 0px 15px; padding: 0px; border: 0px; font-variant-numeric: inherit; font-variant-east-asian: inherit; font-variant-alternates: inherit; font-variant-position: inherit; font-stretch: inherit; font-size: 12px; line-height: 18px; font-family: 'PT Serif', Arial, Tahoma, sans-serif; font-optical-sizing: inherit; font-size-adjust: inherit; font-kerning: inherit; font-feature-settings: inherit; font-variation-settings: inherit; vertical-align: baseline; color: #000000;\">CAN RIBAS SL no pot assumir cap responsabilitat derivada de l&#8217;\u00fas incorrecte, inapropiat o il\u00b7l\u00edcit de la informaci\u00f3 apareguda en les seves p\u00e0gines<\/p><p class=\"legal\" style=\"margin: 0px 0px 15px; padding: 0px; border: 0px; font-variant-numeric: inherit; font-variant-east-asian: inherit; font-variant-alternates: inherit; font-variant-position: inherit; font-stretch: inherit; font-size: 12px; line-height: 18px; font-family: 'PT Serif', Arial, Tahoma, sans-serif; font-optical-sizing: inherit; font-size-adjust: inherit; font-kerning: inherit; font-feature-settings: inherit; font-variation-settings: inherit; vertical-align: baseline; color: #000000;\">Amb els l\u00edmits establerts a la llei, CAN RIBAS SL no assumeix cap responsabilitat derivada de la falta de veracitat, integritat, actualitzaci\u00f3 i precisi\u00f3 de les dades o informacions que contenen les seves p\u00e0gines d&#8217;Internet. Els continguts i informaci\u00f3 de les p\u00e0gines d&#8217;Internet de CAN RIBAS SL estan elaborades per professionals degudament qualificats per a l&#8217;exercici de la seva professi\u00f3. No obstant aix\u00f2, els continguts i informaci\u00f3 no vinculen a la susdita, ni constitueixen opinions, consells o assessorament legal de cap tipus, doncs es tracta merament d&#8217;un servei ofert amb car\u00e0cter informatiu i divulgatiu. Les p\u00e0gines d&#8217;Internet de CAN RIBAS SL poden contenir enlla\u00e7os (links) a altres p\u00e0gines de terceres parts. Per tant, aquesta no pot assumir responsabilitats pel contingut que pugui apar\u00e8ixer en p\u00e0gines de tercers. Els textos, imatges, sons, animacions, programari i la resta de continguts inclosos en aquest website s\u00f3n propietat exclusiva de CAN RIBAS SL o els seus llicenciants. Qualsevol acte de transmissi\u00f3, distribuci\u00f3, cessi\u00f3, reproducci\u00f3, emmagatzematge o comunicaci\u00f3 p\u00fablica total o parcial, ha de comptar amb el consentiment expr\u00e9s de CAN RIBAS SL.<\/p><p class=\"legal\" style=\"margin: 0px 0px 15px; padding: 0px; border: 0px; font-variant-numeric: inherit; font-variant-east-asian: inherit; font-variant-alternates: inherit; font-variant-position: inherit; font-stretch: inherit; font-size: 12px; line-height: 18px; font-family: 'PT Serif', Arial, Tahoma, sans-serif; font-optical-sizing: inherit; font-size-adjust: inherit; font-kerning: inherit; font-feature-settings: inherit; font-variation-settings: inherit; vertical-align: baseline; color: #000000;\">De la mateixa maner es reserva el dret a retirar l&#8217;acc\u00e9s al Portal, sense necessitat de avios previ, a qualsevol usuari que contravingui el disposat en aquest av\u00eds.<\/p><h2 class=\"legal-head\" style=\"margin: 0px 0px 20px; padding: 0px; border: 0px; font-variant-numeric: inherit; font-variant-east-asian: inherit; font-variant-alternates: inherit; font-variant-position: inherit; font-stretch: inherit; font-size: 26px; line-height: 32px; font-family: 'PT Serif', Arial, Tahoma, sans-serif; font-optical-sizing: inherit; font-size-adjust: inherit; font-kerning: inherit; font-feature-settings: inherit; font-variation-settings: inherit; vertical-align: baseline; color: #161922;\">Protecci\u00f3 de dades personals<\/h2><p class=\"legal\" style=\"margin: 0px 0px 15px; padding: 0px; border: 0px; font-variant-numeric: inherit; font-variant-east-asian: inherit; font-variant-alternates: inherit; font-variant-position: inherit; font-stretch: inherit; font-size: 12px; line-height: 18px; font-family: 'PT Serif', Arial, Tahoma, sans-serif; font-optical-sizing: inherit; font-size-adjust: inherit; font-kerning: inherit; font-feature-settings: inherit; font-variation-settings: inherit; vertical-align: baseline; color: #000000;\">En virtut de la Llei 15\/1999, de 13 de desembre, sobre la Protecci\u00f3 de Dades de car\u00e0cter personal, el fem coneixedor que les seves dades personals, estan incorporades en un fitxer responsabilitat del CAN RIBAS SL, CIF: B-59.998.286 . La finalitat d&#8217;aquest fitxer \u00e9s la de gestionar la relaci\u00f3 negocial i informar dels nostres serveis. Aquestes dades no seran transmeses a terceres persones.<\/p><p class=\"legal\" style=\"margin: 0px 0px 15px; padding: 0px; border: 0px; font-variant-numeric: inherit; font-variant-east-asian: inherit; font-variant-alternates: inherit; font-variant-position: inherit; font-stretch: inherit; font-size: 12px; line-height: 18px; font-family: 'PT Serif', Arial, Tahoma, sans-serif; font-optical-sizing: inherit; font-size-adjust: inherit; font-kerning: inherit; font-feature-settings: inherit; font-variation-settings: inherit; vertical-align: baseline; color: #000000;\">Aix\u00ed mateix, per a rebre informaci\u00f3nde nostres serveis, CAN RIBAS SL ofereix a trav\u00e9s d&#8217;aquest website haur\u00e0 de proporcionar algunes dades de car\u00e0cter personal. En compliment del que estableix la LO 15\/1999, de 13 de desembre, de Protecci\u00f3 de Dades de Car\u00e0cter Personal li informem que, mitjan\u00e7ant el compliment del formulari, les seves dades personals quedaran incorporades i seran tractades en els fitxers de CAN RIBAS SL amb la finalitat de prestar-li i oferir els nostres serveis, aix\u00ed com per informar de les millores de la web.<\/p><p class=\"legal\" style=\"margin: 0px 0px 15px; padding: 0px; border: 0px; font-variant-numeric: inherit; font-variant-east-asian: inherit; font-variant-alternates: inherit; font-variant-position: inherit; font-stretch: inherit; font-size: 12px; line-height: 18px; font-family: 'PT Serif', Arial, Tahoma, sans-serif; font-optical-sizing: inherit; font-size-adjust: inherit; font-kerning: inherit; font-feature-settings: inherit; font-variation-settings: inherit; vertical-align: baseline; color: #000000;\">Si desitja exercir els drets d&#8217;acc\u00e9s, rectificaci\u00f3, cancel\u00b7laci\u00f3 o oposici\u00f3, pot dirigir-se a: Cam\u00ed de Can Ribas s \/ n, 08415 Bigues i Riells (Barcelona), o b\u00e9, enviar un correu electr\u00f2nic a gestio@canribas.com.<\/p><h2 class=\"legal-head\" style=\"margin: 0px 0px 20px; padding: 0px; border: 0px; font-variant-numeric: inherit; font-variant-east-asian: inherit; font-variant-alternates: inherit; font-variant-position: inherit; font-stretch: inherit; font-size: 26px; line-height: 32px; font-family: 'PT Serif', Arial, Tahoma, sans-serif; font-optical-sizing: inherit; font-size-adjust: inherit; font-kerning: inherit; font-feature-settings: inherit; font-variation-settings: inherit; vertical-align: baseline; color: #161922;\">condicions d&#8217;\u00fas<\/h2><p class=\"legal\" style=\"margin: 0px 0px 15px; padding: 0px; border: 0px; font-variant-numeric: inherit; font-variant-east-asian: inherit; font-variant-alternates: inherit; font-variant-position: inherit; font-stretch: inherit; font-size: 12px; line-height: 18px; font-family: 'PT Serif', Arial, Tahoma, sans-serif; font-optical-sizing: inherit; font-size-adjust: inherit; font-kerning: inherit; font-feature-settings: inherit; font-variation-settings: inherit; vertical-align: baseline; color: #000000;\">En el cas que V\u00e8. Realitzi alguna reserva dels nostres serveis a trav\u00e9s d&#8217;aquesta web, li recomanem que es posi en contacte amb nosaltres per poder prestar-li els serveis amb una atenci\u00f3 m\u00e9s personalitzada i d&#8217;acord als seus desitjos.<\/p><p class=\"legal\" style=\"margin: 0px 0px 15px; padding: 0px; border: 0px; font-variant-numeric: inherit; font-variant-east-asian: inherit; font-variant-alternates: inherit; font-variant-position: inherit; font-stretch: inherit; font-size: 12px; line-height: 18px; font-family: 'PT Serif', Arial, Tahoma, sans-serif; font-optical-sizing: inherit; font-size-adjust: inherit; font-kerning: inherit; font-feature-settings: inherit; font-variation-settings: inherit; vertical-align: baseline; color: #000000;\">En el cas que aquesta es formalitzi via aquesta web, li remetrem per correu electr\u00f2nic el detalla dels serveis encarregats, i la forma i termini de pagament que dependr\u00e0 del servei contractat.<\/p><p class=\"legal\" style=\"margin: 0px 0px 15px; padding: 0px; border: 0px; font-variant-numeric: inherit; font-variant-east-asian: inherit; font-variant-alternates: inherit; font-variant-position: inherit; font-stretch: inherit; font-size: 12px; line-height: 18px; font-family: 'PT Serif', Arial, Tahoma, sans-serif; font-optical-sizing: inherit; font-size-adjust: inherit; font-kerning: inherit; font-feature-settings: inherit; font-variation-settings: inherit; vertical-align: baseline; color: #000000;\">Un cop verificat el pagament, li comunicarem al correu electr\u00f2nic indicat per V\u00e8., El corresponent comprovant de pagament; disposant del termini legal de 14 dies naturals per a exercir el seu dret de desistiment respecte als serveis contractats, en el cas que l&#8217;usuari sigui un consumidor.<\/p><p class=\"legal\" style=\"margin: 0px 0px 15px; padding: 0px; border: 0px; font-variant-numeric: inherit; font-variant-east-asian: inherit; font-variant-alternates: inherit; font-variant-position: inherit; font-stretch: inherit; font-size: 12px; line-height: 18px; font-family: 'PT Serif', Arial, Tahoma, sans-serif; font-optical-sizing: inherit; font-size-adjust: inherit; font-kerning: inherit; font-feature-settings: inherit; font-variation-settings: inherit; vertical-align: baseline; color: #000000;\">Un cop finalitzat aquest termini no s&#8217;admetr\u00e0 cap resoluci\u00f3 contractual per esistimiento, havent d&#8217;abonar les despeses que a CAN RIBAS SL li hagi ocasionat la preparaci\u00f3 dels serveis encarregats fins a la seva cancel\u00b7laci\u00f3 per voluntat unilateral de V\u00e8.<\/p><p class=\"legal\" style=\"margin: 0px 0px 15px; padding: 0px; border: 0px; font-style: inherit; font-variant: inherit; font-weight: inherit; font-stretch: inherit; font-size: 12px; line-height: 18px; font-family: inherit; font-optical-sizing: inherit; font-size-adjust: inherit; font-kerning: inherit; font-feature-settings: inherit; font-variation-settings: inherit; vertical-align: baseline; color: #000000;\">Aquesta web \u00e9s propietat de CAN RIBAS SL. Els drets de Propietat Intel\u00b7lectual i d&#8217;explotaci\u00f3 i reproducci\u00f3 d&#8217;aquesta web, de les seves p\u00e0gines, pantalles, la Informaci\u00f3 que contenen, la seva aparen\u00e7a i disseny, aix\u00ed com els vincles ( &#8220;hiperlinks&#8221;) que s&#8217;estableixin des d&#8217;ella a altres p\u00e0gines web de qualsevol centre adscrits \/ o organisme de CAN RIBAS SL, s\u00f3n propietat exclusiva d&#8217;aquesta, tret que expressament s&#8217;especifiqui altra cosa.<\/p><p class=\"legal\" style=\"margin: 0px 0px 15px; padding: 0px; border: 0px; font-style: inherit; font-variant: inherit; font-weight: inherit; font-stretch: inherit; font-size: 12px; line-height: 18px; font-family: inherit; font-optical-sizing: inherit; font-size-adjust: inherit; font-kerning: inherit; font-feature-settings: inherit; font-variation-settings: inherit; vertical-align: baseline; color: #000000;\">Qualsevol denominaci\u00f3, disseny i \/ o logotip, aix\u00ed com qualsevol producte o servei oferts i reflectits en aquesta p\u00e0gina web, s\u00f3n propietat de CAN RIBAS SL, o de tercers, dels quals es disposa la seva autoritzaci\u00f3 per l&#8217;\u00fas d&#8217;aquests drets en el seu web .<\/p><p class=\"legal\" style=\"margin: 0px 0px 15px; padding: 0px; border: 0px; font-style: inherit; font-variant: inherit; font-weight: inherit; font-stretch: inherit; font-size: 12px; line-height: 18px; font-family: inherit; font-optical-sizing: inherit; font-size-adjust: inherit; font-kerning: inherit; font-feature-settings: inherit; font-variation-settings: inherit; vertical-align: baseline; color: #000000;\">Qualsevol \u00fas indegut de les mateixes per persones diferents del seu leg\u00edtim titular i sense el consentiment expr\u00e9s i inequ\u00edvoc per part d&#8217;aquest podr\u00e0 ser denunciat i perseguit a trav\u00e9s de tots els mitjans legals existents en l&#8217;Ordenament Jur\u00eddic espanyol i \/ o comunitari.<\/p><p class=\"legal\" style=\"margin: 0px 0px 15px; padding: 0px; border: 0px; font-style: inherit; font-variant: inherit; font-weight: inherit; font-stretch: inherit; font-size: 12px; line-height: 18px; font-family: inherit; font-optical-sizing: inherit; font-size-adjust: inherit; font-kerning: inherit; font-feature-settings: inherit; font-variation-settings: inherit; vertical-align: baseline; color: #000000;\">Els drets de propietat intel\u00b7lectual i marques de tercers estan destacats convenientment i han de ser respectats per tot aquell que accedeixi a aquesta p\u00e0gina, no essent responsabilitat de CAN RIBAS SL l&#8217;\u00fas que l&#8217;usuari pugui portar a terme al respecte, recaient la responsabilitat exclusiva en la seva persona.<\/p><p class=\"legal\" style=\"margin: 0px 0px 15px; padding: 0px; border: 0px; font-style: inherit; font-variant: inherit; font-weight: inherit; font-stretch: inherit; font-size: 12px; line-height: 18px; font-family: inherit; font-optical-sizing: inherit; font-size-adjust: inherit; font-kerning: inherit; font-feature-settings: inherit; font-variation-settings: inherit; vertical-align: baseline; color: #000000;\">Nom\u00e9s per a \u00fas personal i privat es permet descarregar els continguts, copiar o imprimir qualsevol p\u00e0gina d&#8217;aquesta web. Queda prohibit reproduir, transmetre, modificar o suprimir la informaci\u00f3, contingut o advert\u00e8ncies d&#8217;aquesta web sense la pr\u00e8via autoritzaci\u00f3 per escrit de CAN RIBAS SL.<\/p><p class=\"legal\" style=\"margin: 0px 0px 15px; padding: 0px; border: 0px; font-style: inherit; font-variant: inherit; font-weight: inherit; font-stretch: inherit; font-size: 12px; line-height: 18px; font-family: inherit; font-optical-sizing: inherit; font-size-adjust: inherit; font-kerning: inherit; font-feature-settings: inherit; font-variation-settings: inherit; vertical-align: baseline; color: #000000;\">CAN RIBAS SL no transfereix als usuaris la propietat del seu programari. L&#8217;usuari \u00e9s el propietari del suport en el qual el programari \u00e9s gravat. CAN RIBAS SL posseeix tots els drets de propietat industrial i intel\u00b7lectual, incloent el programari. Si l&#8217;usuari transfereix el programari d&#8217;aquest website al seu terminal, no podr\u00e0 disseccionar pel seu estudi i descompilar, traduir la versi\u00f3 del codi objecte original o el seu llenguatge a un altre codi o llenguatge.<\/p><h2 class=\"legal-head\" style=\"margin: 0px 0px 20px; padding: 0px; border: 0px; font-variant-numeric: inherit; font-variant-east-asian: inherit; font-variant-alternates: inherit; font-variant-position: inherit; font-stretch: inherit; font-size: 26px; line-height: 32px; font-family: 'PT Serif', Arial, Tahoma, sans-serif; font-optical-sizing: inherit; font-size-adjust: inherit; font-kerning: inherit; font-feature-settings: inherit; font-variation-settings: inherit; vertical-align: baseline; color: #161922;\">Llei aplicable i jurisdicci\u00f3<\/h2><p class=\"legal\" style=\"margin: 0px 0px 15px; padding: 0px; border: 0px; font-variant-numeric: inherit; font-variant-east-asian: inherit; font-variant-alternates: inherit; font-variant-position: inherit; font-stretch: inherit; font-size: 12px; line-height: 18px; font-family: 'PT Serif', Arial, Tahoma, sans-serif; font-optical-sizing: inherit; font-size-adjust: inherit; font-kerning: inherit; font-feature-settings: inherit; font-variation-settings: inherit; vertical-align: baseline; color: #000000;\">Les presents condicions generals es regeixen per la Legislaci\u00f3 espanyola, sent competents els Jutjats i Tribunals espanyols per a con\u00e8ixer qualsevol q\u00fcesti\u00f3 que es susciti sobre la interpretaci\u00f3, aplicaci\u00f3 i compliment de les mateixes. L&#8217;USUARI, per virtut de la seva acceptaci\u00f3 a les condicions generals recollides en aquest av\u00eds legal, renuncia expressament a qualsevol fur que, per aplicaci\u00f3 de la Llei d&#8217;Enjudiciament Civil vigent pogu\u00e9s correspondre-.<\/p>\t\t\t\t\t\t\t\t<\/div>\n\t\t\t\t<\/div>\n\t\t\t\t\t<\/div>\n\t\t\t\t<\/div>\n\t\t\t\t<\/div>\n\t\t","protected":false},"excerpt":{"rendered":"<p>Avis legal y privacidat Informaci\u00f3 legal LSSIYCE D&#8217;acord amb les obligacions previstes en la Llei 34\/2002, de serveis de la Societat de la Informaci\u00f3 i del comer\u00e7 electr\u00f2nic (des d&#8217;ara LSSIYCE), CAN RIBAS SL manifesta que el domini canribas.com \u00e9s propietat de CAN RIBAS SL, amb CIF B-59998286, i domicili a Cam\u00ed de Can Ribas [&hellip;]<\/p>\n","protected":false},"author":1,"featured_media":0,"parent":0,"menu_order":0,"comment_status":"closed","ping_status":"closed","template":"","meta":{"footnotes":""},"class_list":["post-19492","page","type-page","status-publish","hentry"],"_links":{"self":[{"href":"https:\/\/canribas.com\/ca\/wp-json\/wp\/v2\/pages\/19492","targetHints":{"allow":["GET"]}}],"collection":[{"href":"https:\/\/canribas.com\/ca\/wp-json\/wp\/v2\/pages"}],"about":[{"href":"https:\/\/canribas.com\/ca\/wp-json\/wp\/v2\/types\/page"}],"author":[{"embeddable":true,"href":"https:\/\/canribas.com\/ca\/wp-json\/wp\/v2\/users\/1"}],"replies":[{"embeddable":true,"href":"https:\/\/canribas.com\/ca\/wp-json\/wp\/v2\/comments?post=19492"}],"version-history":[{"count":4,"href":"https:\/\/canribas.com\/ca\/wp-json\/wp\/v2\/pages\/19492\/revisions"}],"predecessor-version":[{"id":19496,"href":"https:\/\/canribas.com\/ca\/wp-json\/wp\/v2\/pages\/19492\/revisions\/19496"}],"wp:attachment":[{"href":"https:\/\/canribas.com\/ca\/wp-json\/wp\/v2\/media?parent=19492"}],"curies":[{"name":"wp","href":"https:\/\/api.w.org\/{rel}","templated":true}]}}