{"id":24238,"date":"2025-09-23T07:50:06","date_gmt":"2025-09-23T07:50:06","guid":{"rendered":"https:\/\/canribas.com\/?page_id=24238"},"modified":"2025-10-06T17:05:06","modified_gmt":"2025-10-06T17:05:06","slug":"com-arribar","status":"publish","type":"page","link":"https:\/\/canribas.com\/ca\/com-arribar\/","title":{"rendered":"Com arribar"},"content":{"rendered":"\t\t<div data-elementor-type=\"wp-page\" data-elementor-id=\"24238\" class=\"elementor elementor-24238 elementor-22936\" data-elementor-post-type=\"page\">\n\t\t\t\t<div class=\"elementor-element elementor-element-4a6ca77 e-flex e-con-boxed e-con e-parent\" data-id=\"4a6ca77\" data-element_type=\"container\" data-e-type=\"container\">\n\t\t\t\t\t<div class=\"e-con-inner\">\n\t\t\t\t<div class=\"elementor-element elementor-element-332a7cf elementor-widget elementor-widget-heading\" data-id=\"332a7cf\" data-element_type=\"widget\" data-e-type=\"widget\" data-widget_type=\"heading.default\">\n\t\t\t\t<div class=\"elementor-widget-container\">\n\t\t\t\t\t<h1 class=\"elementor-heading-title elementor-size-default\">COM ARRIBAR: <br> EL CAM\u00cd CAP A UN RECORD INOBLIDABLE\n<\/h1>\t\t\t\t<\/div>\n\t\t\t\t<\/div>\n\t\t\t\t<div class=\"elementor-element elementor-element-12307d9 elementor-widget elementor-widget-text-editor\" data-id=\"12307d9\" data-element_type=\"widget\" data-e-type=\"widget\" data-widget_type=\"text-editor.default\">\n\t\t\t\t<div class=\"elementor-widget-container\">\n\t\t\t\t\t\t\t\t\t<p><span style=\"font-weight: 400;\">Sabem que el cam\u00ed cap a un esdeveniment inoblidable ha de ser tan agradable com la pr\u00f2pia destinaci\u00f3. Aqu\u00ed detallem com arribar a la nostra masia, on us esperarem amb els bra\u00e7os oberts.<\/span><\/p>\t\t\t\t\t\t\t\t<\/div>\n\t\t\t\t<\/div>\n\t\t\t\t\t<\/div>\n\t\t\t\t<\/div>\n\t\t<div class=\"elementor-element elementor-element-9073cc1 e-flex e-con-boxed e-con e-parent\" data-id=\"9073cc1\" data-element_type=\"container\" data-e-type=\"container\" data-settings=\"{&quot;background_background&quot;:&quot;classic&quot;,&quot;shape_divider_top&quot;:&quot;book&quot;}\">\n\t\t\t\t\t<div class=\"e-con-inner\">\n\t\t\t\t<div class=\"elementor-shape elementor-shape-top\" aria-hidden=\"true\" data-negative=\"false\">\n\t\t\t<svg xmlns=\"http:\/\/www.w3.org\/2000\/svg\" viewBox=\"0 0 1000 100\" preserveAspectRatio=\"none\">\n\t<path class=\"elementor-shape-fill\" d=\"M194,99c186.7,0.7,305-78.3,306-97.2c1,18.9,119.3,97.9,306,97.2c114.3-0.3,194,0.3,194,0.3s0-91.7,0-100c0,0,0,0,0-0 L0,0v99.3C0,99.3,79.7,98.7,194,99z\"\/>\n<\/svg>\t\t<\/div>\n\t\t<div class=\"elementor-element elementor-element-87d6378 e-con-full e-flex e-con e-child\" data-id=\"87d6378\" data-element_type=\"container\" data-e-type=\"container\">\n\t\t\t\t<div class=\"elementor-element elementor-element-a3af6f6 elementor-widget elementor-widget-heading\" data-id=\"a3af6f6\" data-element_type=\"widget\" data-e-type=\"widget\" data-widget_type=\"heading.default\">\n\t\t\t\t<div class=\"elementor-widget-container\">\n\t\t\t\t\t<h2 class=\"elementor-heading-title elementor-size-default\">On som?\n<\/h2>\t\t\t\t<\/div>\n\t\t\t\t<\/div>\n\t\t\t\t<div class=\"elementor-element elementor-element-20265e0 elementor-widget elementor-widget-text-editor\" data-id=\"20265e0\" data-element_type=\"widget\" data-e-type=\"widget\" data-widget_type=\"text-editor.default\">\n\t\t\t\t<div class=\"elementor-widget-container\">\n\t\t\t\t\t\t\t\t\t<p><b>Casa nostra us espera a:<\/b><span style=\"font-weight: 400;\"> Cam\u00ed de Can Ribas, s\/n, 08415 Bigues i Riells, Barcelona <\/span><\/p><p><b>Per al navegador:<\/b><span style=\"font-weight: 400;\"> Coordenades GPS: 41.666099, 2.210300 <\/span><\/p><p><b>Un toc, i sereu aqu\u00ed: <\/b><a href=\"https:\/\/www.google.com\/search?q=https:\/\/canribas.com\/como-llegar\/\"><span style=\"font-weight: 400;\">Obrir a Google Maps<\/span><\/a><span style=\"font-weight: 400;\">\u00a0<\/span><\/p>\t\t\t\t\t\t\t\t<\/div>\n\t\t\t\t<\/div>\n\t\t\t\t<\/div>\n\t\t<div class=\"elementor-element elementor-element-4c5e5b9 e-con-full e-flex e-con e-child\" data-id=\"4c5e5b9\" data-element_type=\"container\" data-e-type=\"container\">\n\t\t\t\t<div class=\"elementor-element elementor-element-72323c7 elementor-widget elementor-widget-google_maps\" data-id=\"72323c7\" data-element_type=\"widget\" data-e-type=\"widget\" data-widget_type=\"google_maps.default\">\n\t\t\t\t<div class=\"elementor-widget-container\">\n\t\t\t\t\t\t\t<div class=\"elementor-custom-embed\">\n\t\t\t<iframe loading=\"lazy\"\n\t\t\t\t\tsrc=\"https:\/\/maps.google.com\/maps?q=Cam%C3%AD%20de%20Can%20Ribas%2C%20s%2Fn%2C%2008415%20Bigues%20i%20Riells%2C%20Barcelona&#038;t=m&#038;z=10&#038;output=embed&#038;iwloc=near\"\n\t\t\t\t\ttitle=\"Cam\u00ed de Can Ribas, s\/n, 08415 Bigues i Riells, Barcelona\"\n\t\t\t\t\taria-label=\"Cam\u00ed de Can Ribas, s\/n, 08415 Bigues i Riells, Barcelona\"\n\t\t\t><\/iframe>\n\t\t<\/div>\n\t\t\t\t\t\t<\/div>\n\t\t\t\t<\/div>\n\t\t\t\t<\/div>\n\t\t\t\t\t<\/div>\n\t\t\t\t<\/div>\n\t\t<div class=\"elementor-element elementor-element-8545779 e-flex e-con-boxed e-con e-parent\" data-id=\"8545779\" data-element_type=\"container\" data-e-type=\"container\">\n\t\t\t\t\t<div class=\"e-con-inner\">\n\t\t<div class=\"elementor-element elementor-element-566336f e-con-full e-flex e-con e-child\" data-id=\"566336f\" data-element_type=\"container\" data-e-type=\"container\">\n\t\t\t\t<div class=\"elementor-element elementor-element-44a565e elementor-widget elementor-widget-image\" data-id=\"44a565e\" data-element_type=\"widget\" data-e-type=\"widget\" data-widget_type=\"image.default\">\n\t\t\t\t<div class=\"elementor-widget-container\">\n\t\t\t\t\t\t\t\t\t\t\t\t\t\t\t<img fetchpriority=\"high\" decoding=\"async\" width=\"735\" height=\"1024\" src=\"https:\/\/canribas.com\/wp-content\/uploads\/2025\/07\/Diseno-sin-titulo-735x1024.jpg\" class=\"attachment-large size-large wp-image-23618\" alt=\"\" srcset=\"https:\/\/canribas.com\/wp-content\/uploads\/2025\/07\/Diseno-sin-titulo-735x1024.jpg 735w, https:\/\/canribas.com\/wp-content\/uploads\/2025\/07\/Diseno-sin-titulo-215x300.jpg 215w, https:\/\/canribas.com\/wp-content\/uploads\/2025\/07\/Diseno-sin-titulo-768x1070.jpg 768w, https:\/\/canribas.com\/wp-content\/uploads\/2025\/07\/Diseno-sin-titulo-1102x1536.jpg 1102w, https:\/\/canribas.com\/wp-content\/uploads\/2025\/07\/Diseno-sin-titulo.jpg 1420w\" sizes=\"(max-width: 735px) 100vw, 735px\" \/>\t\t\t\t\t\t\t\t\t\t\t\t\t\t\t<\/div>\n\t\t\t\t<\/div>\n\t\t\t\t<\/div>\n\t\t<div class=\"elementor-element elementor-element-707b634 e-con-full e-flex e-con e-child\" data-id=\"707b634\" data-element_type=\"container\" data-e-type=\"container\">\n\t\t\t\t<div class=\"elementor-element elementor-element-1df43a8 elementor-widget-divider--view-line elementor-widget elementor-widget-divider\" data-id=\"1df43a8\" data-element_type=\"widget\" data-e-type=\"widget\" data-widget_type=\"divider.default\">\n\t\t\t\t<div class=\"elementor-widget-container\">\n\t\t\t\t\t\t\t<div class=\"elementor-divider\">\n\t\t\t<span class=\"elementor-divider-separator\">\n\t\t\t\t\t\t<\/span>\n\t\t<\/div>\n\t\t\t\t\t\t<\/div>\n\t\t\t\t<\/div>\n\t\t\t\t<div class=\"elementor-element elementor-element-8f16a51 elementor-widget elementor-widget-heading\" data-id=\"8f16a51\" data-element_type=\"widget\" data-e-type=\"widget\" data-widget_type=\"heading.default\">\n\t\t\t\t<div class=\"elementor-widget-container\">\n\t\t\t\t\t<h3 class=\"elementor-heading-title elementor-size-default\">Des de Barcelona (35-40 minuts)\n<\/h3>\t\t\t\t<\/div>\n\t\t\t\t<\/div>\n\t\t\t\t<div class=\"elementor-element elementor-element-8299754 elementor-widget elementor-widget-text-editor\" data-id=\"8299754\" data-element_type=\"widget\" data-e-type=\"widget\" data-widget_type=\"text-editor.default\">\n\t\t\t\t<div class=\"elementor-widget-container\">\n\t\t\t\t\t\t\t\t\t<ul><li><span style=\"font-weight: 400;\">Agafeu la <\/span><b>C-33<\/b><span style=\"font-weight: 400;\"> en direcci\u00f3 a Girona o Fran\u00e7a, buscant la sortida 2, que us connectar\u00e0 amb la <\/span><b>C-17<\/b><span style=\"font-weight: 400;\">.<\/span><\/li><li><span style=\"font-weight: 400;\">Un cop a la C-17, pareu atenci\u00f3 a la <\/span><b>sortida 3, cap a l&#8217;Ametlla del Vall\u00e8s<\/b><span style=\"font-weight: 400;\">.<\/span><\/li><li style=\"font-weight: 400;\" aria-level=\"1\"><span style=\"font-weight: 400;\">Des d&#8217;all\u00ed, seguiu les indicacions cap a <\/span><b>Bigues i Riells<\/b><span style=\"font-weight: 400;\">, i molt aviat, els senyals de <\/span><b>Can Ribas de Montbui<\/b><span style=\"font-weight: 400;\"> us guiaran directament a la nostra porta.<\/span><\/li><\/ul><p>\u00a0<\/p><p><b>La Vostra Ruta, a un Clic! Obrir a Google Maps: <\/b><a href=\"https:\/\/www.google.com\/search?q=https:\/\/www.google.com\/maps\/dir\/Barcelona\/Can%2BRibas%2Bde%2BMontbui,%2BBigues%2Bi%2BRiells\/%4041.478362,2.116099,10z\/data%3D!3m1!4b1!4m14!4m13!1m5!1m1!1s0x12a497d7c4b4f7d7:0x8a7d2a7d4d7f2d4d!2m2!1d2.1734035!2d41.3850639!1m5!1m1!1s0x12a48c3f3e3f3f3f:0x3e3f3f3f3f3f3f3f!2m2!1d2.210300!2d41.666099!3e0\" target=\"_blank\" rel=\"noopener\">Ruta des de Barcelona a Can Ribas<\/a><\/p><p><span style=\"font-weight: 400;\">Si ho preferiu, podeu introduir aquestes coordenades al vostre GPS per a una major precisi\u00f3: <\/span><b>41\u00ba39&#8217;42.906\u2033N \/ 2\u00ba11&#8217;55.551\u2033E<\/b><span style=\"font-weight: 400;\">.<\/span><\/p><p><b>I en arribar? Zero preocupacions!<\/b><span style=\"font-weight: 400;\"> Comptem amb una <\/span><b>\u00e0mplia i gratu\u00efta zona d&#8217;aparcament<\/b><span style=\"font-weight: 400;\"> dins del nostre recinte, pensada per a la comoditat de tots, ja vingueu amb cotxe particular o amb autocar.<\/span><\/p>\t\t\t\t\t\t\t\t<\/div>\n\t\t\t\t<\/div>\n\t\t\t\t<\/div>\n\t\t\t\t\t<\/div>\n\t\t\t\t<\/div>\n\t\t<div class=\"elementor-element elementor-element-3c6b796 e-flex e-con-boxed e-con e-parent\" data-id=\"3c6b796\" data-element_type=\"container\" data-e-type=\"container\">\n\t\t\t\t\t<div class=\"e-con-inner\">\n\t\t<div class=\"elementor-element elementor-element-ee4c7e0 e-con-full e-flex e-con e-child\" data-id=\"ee4c7e0\" data-element_type=\"container\" data-e-type=\"container\">\n\t\t\t\t<div class=\"elementor-element elementor-element-99963c9 elementor-widget elementor-widget-heading\" data-id=\"99963c9\" data-element_type=\"widget\" data-e-type=\"widget\" data-widget_type=\"heading.default\">\n\t\t\t\t<div class=\"elementor-widget-container\">\n\t\t\t\t\t<h3 class=\"elementor-heading-title elementor-size-default\">Des de Girona (aproximadament 1 hora)<\/h3>\t\t\t\t<\/div>\n\t\t\t\t<\/div>\n\t\t\t\t<div class=\"elementor-element elementor-element-3a9adc9 elementor-widget elementor-widget-text-editor\" data-id=\"3a9adc9\" data-element_type=\"widget\" data-e-type=\"widget\" data-widget_type=\"text-editor.default\">\n\t\t\t\t<div class=\"elementor-widget-container\">\n\t\t\t\t\t\t\t\t\t<ul><li style=\"font-weight: 400;\" aria-level=\"1\"><span style=\"font-weight: 400;\">Agafar l&#8217;<\/span><b>AP-7 direcci\u00f3 Barcelona<\/b><span style=\"font-weight: 400;\">.<\/span><\/li><li style=\"font-weight: 400;\" aria-level=\"1\"><span style=\"font-weight: 400;\">Sortir a la <\/span><b>sortida 12B<\/b><span style=\"font-weight: 400;\">, que porta a la <\/span><b>C-59 \/ Caldes de Montbui<\/b><span style=\"font-weight: 400;\">.<\/span><\/li><li style=\"font-weight: 400;\" aria-level=\"1\"><span style=\"font-weight: 400;\">Continuar per la C-59, deixant enrere Caldes, i seguir les indicacions cap a <\/span><b>Bigues i Riells<\/b><span style=\"font-weight: 400;\">.<\/span><\/li><li><span style=\"font-weight: 400;\">Al final, agafar el <\/span><b>Cam\u00ed de Can Ribas<\/b><span style=\"font-weight: 400;\">, i haureu arribat a casa nostra.<\/span><\/li><\/ul><p><b>La Vostra Ruta Llesta: Obrir a Google Maps: <\/b><a href=\"https:\/\/www.google.com\/search?q=https:\/\/www.google.com\/maps\/dir\/Girona\/Can%2BRibas%2Bde%2BMontbui\/%4041.924367,2.314599,9z\/data%3D!3m1!4b1!4m14!4m13!1m5!1m1!1s0x12a4b1a5b1a5b1a5:0x1a5b1a5b1a5b1a5b!2m2!1d2.8219721!2d41.9794557!1m5!1m1!1s0x12a48c3f3e3f3f3f:0x3e3f3f3f3f3f3f3f!2m2!1d2.210300!2d41.666099!3e0\" target=\"_blank\" rel=\"noopener\"><span style=\"font-weight: 400;\">Ruta des de Girona a Can Ribas<\/span><\/a><\/p>\t\t\t\t\t\t\t\t<\/div>\n\t\t\t\t<\/div>\n\t\t\t\t<\/div>\n\t\t\t\t\t<\/div>\n\t\t\t\t<\/div>\n\t\t<div class=\"elementor-element elementor-element-ee01ede e-flex e-con-boxed e-con e-parent\" data-id=\"ee01ede\" data-element_type=\"container\" data-e-type=\"container\">\n\t\t\t\t\t<div class=\"e-con-inner\">\n\t\t\t\t<div class=\"elementor-element elementor-element-86afc4e elementor-widget elementor-widget-heading\" data-id=\"86afc4e\" data-element_type=\"widget\" data-e-type=\"widget\" data-widget_type=\"heading.default\">\n\t\t\t\t<div class=\"elementor-widget-container\">\n\t\t\t\t\t<h2 class=\"elementor-heading-title elementor-size-default\">Altres maneres d'arribar a Can Ribas\n<\/h2>\t\t\t\t<\/div>\n\t\t\t\t<\/div>\n\t\t\t\t\t<\/div>\n\t\t\t\t<\/div>\n\t\t<div class=\"elementor-element elementor-element-7821314 e-flex e-con-boxed e-con e-parent\" data-id=\"7821314\" data-element_type=\"container\" data-e-type=\"container\">\n\t\t\t\t\t<div class=\"e-con-inner\">\n\t\t<div class=\"elementor-element elementor-element-0fda52c e-con-full e-flex e-con e-child\" data-id=\"0fda52c\" data-element_type=\"container\" data-e-type=\"container\">\n\t\t\t\t<div class=\"elementor-element elementor-element-9d362fd elementor-widget elementor-widget-heading\" data-id=\"9d362fd\" data-element_type=\"widget\" data-e-type=\"widget\" data-widget_type=\"heading.default\">\n\t\t\t\t<div class=\"elementor-widget-container\">\n\t\t\t\t\t<h3 class=\"elementor-heading-title elementor-size-default\">Tren + taxi<\/h3>\t\t\t\t<\/div>\n\t\t\t\t<\/div>\n\t\t\t\t<div class=\"elementor-element elementor-element-642153e elementor-widget elementor-widget-text-editor\" data-id=\"642153e\" data-element_type=\"widget\" data-e-type=\"widget\" data-widget_type=\"text-editor.default\">\n\t\t\t\t<div class=\"elementor-widget-container\">\n\t\t\t\t\t\t\t\t\t<p><span style=\"font-weight: 400;\">Si preferiu la comoditat del tren, l&#8217;estaci\u00f3 m\u00e9s propera \u00e9s <\/span><b>Mollet-Sant Fost (RENFE R2 Nord)<\/b><span style=\"font-weight: 400;\">. Des d&#8217;all\u00ed, un taxi us pot apropar a la nostra masia en uns 25-30 minuts.<\/span><\/p>\t\t\t\t\t\t\t\t<\/div>\n\t\t\t\t<\/div>\n\t\t\t\t<\/div>\n\t\t<div class=\"elementor-element elementor-element-2faaab1 e-con-full e-flex e-con e-child\" data-id=\"2faaab1\" data-element_type=\"container\" data-e-type=\"container\">\n\t\t\t\t<div class=\"elementor-element elementor-element-75c74d3 elementor-widget elementor-widget-heading\" data-id=\"75c74d3\" data-element_type=\"widget\" data-e-type=\"widget\" data-widget_type=\"heading.default\">\n\t\t\t\t<div class=\"elementor-widget-container\">\n\t\t\t\t\t<h3 class=\"elementor-heading-title elementor-size-default\">En autob\u00fas<\/h3>\t\t\t\t<\/div>\n\t\t\t\t<\/div>\n\t\t\t\t<div class=\"elementor-element elementor-element-93291b9 elementor-widget elementor-widget-text-editor\" data-id=\"93291b9\" data-element_type=\"widget\" data-e-type=\"widget\" data-widget_type=\"text-editor.default\">\n\t\t\t\t<div class=\"elementor-widget-container\">\n\t\t\t\t\t\t\t\t\t<p><span style=\"font-weight: 400;\">\u00a0La l\u00ednia d&#8217;autob\u00fas <\/span><b>Sagal\u00e9s<\/b><span style=\"font-weight: 400;\"> ofereix un c\u00f2mode trajecte des de Barcelona fins a Caldes de Montbui o Bigues i Riells. Des de la parada, un taxi local us conduir\u00e0 directament a Can Ribas. Recomanem reservar el taxi amb antelaci\u00f3 per assegurar la vostra arribada.<\/span><\/p>\t\t\t\t\t\t\t\t<\/div>\n\t\t\t\t<\/div>\n\t\t\t\t<\/div>\n\t\t\t\t\t<\/div>\n\t\t\t\t<\/div>\n\t\t<div class=\"elementor-element elementor-element-1cbf41f e-flex e-con-boxed e-con e-parent\" data-id=\"1cbf41f\" data-element_type=\"container\" data-e-type=\"container\" data-settings=\"{&quot;shape_divider_top&quot;:&quot;book&quot;,&quot;background_background&quot;:&quot;classic&quot;}\">\n\t\t\t\t\t<div class=\"e-con-inner\">\n\t\t\t\t<div class=\"elementor-shape elementor-shape-top\" aria-hidden=\"true\" data-negative=\"false\">\n\t\t\t<svg xmlns=\"http:\/\/www.w3.org\/2000\/svg\" viewBox=\"0 0 1000 100\" preserveAspectRatio=\"none\">\n\t<path class=\"elementor-shape-fill\" d=\"M194,99c186.7,0.7,305-78.3,306-97.2c1,18.9,119.3,97.9,306,97.2c114.3-0.3,194,0.3,194,0.3s0-91.7,0-100c0,0,0,0,0-0 L0,0v99.3C0,99.3,79.7,98.7,194,99z\"\/>\n<\/svg>\t\t<\/div>\n\t\t\t\t<div class=\"elementor-element elementor-element-741c402 elementor-widget elementor-widget-heading\" data-id=\"741c402\" data-element_type=\"widget\" data-e-type=\"widget\" data-widget_type=\"heading.default\">\n\t\t\t\t<div class=\"elementor-widget-container\">\n\t\t\t\t\t<h2 class=\"elementor-heading-title elementor-size-default\">Alguna pregunta?\n<\/h2>\t\t\t\t<\/div>\n\t\t\t\t<\/div>\n\t\t<div class=\"elementor-element elementor-element-a494275 e-grid e-con-full e-con e-child\" data-id=\"a494275\" data-element_type=\"container\" data-e-type=\"container\">\n\t\t\t\t<div class=\"elementor-element elementor-element-c77e0a3 elementor-align-right elementor-mobile-align-center elementor-widget elementor-widget-button\" data-id=\"c77e0a3\" data-element_type=\"widget\" data-e-type=\"widget\" data-widget_type=\"button.default\">\n\t\t\t\t<div class=\"elementor-widget-container\">\n\t\t\t\t\t\t\t\t\t<div class=\"elementor-button-wrapper\">\n\t\t\t\t\t<a class=\"elementor-button elementor-button-link elementor-size-sm\" href=\"http:\/\/tel.938656330\">\n\t\t\t\t\t\t<span class=\"elementor-button-content-wrapper\">\n\t\t\t\t\t\t\t\t\t<span class=\"elementor-button-text\">Truqueu-nos al 938656330<\/span>\n\t\t\t\t\t<\/span>\n\t\t\t\t\t<\/a>\n\t\t\t\t<\/div>\n\t\t\t\t\t\t\t\t<\/div>\n\t\t\t\t<\/div>\n\t\t\t\t<div class=\"elementor-element elementor-element-7450cf2 elementor-align-left elementor-mobile-align-center elementor-widget elementor-widget-button\" data-id=\"7450cf2\" data-element_type=\"widget\" data-e-type=\"widget\" data-widget_type=\"button.default\">\n\t\t\t\t<div class=\"elementor-widget-container\">\n\t\t\t\t\t\t\t\t\t<div class=\"elementor-button-wrapper\">\n\t\t\t\t\t<a class=\"elementor-button elementor-button-link elementor-size-sm\" href=\"mailto:info@canribas.com\">\n\t\t\t\t\t\t<span class=\"elementor-button-content-wrapper\">\n\t\t\t\t\t\t\t\t\t<span class=\"elementor-button-text\"> O escriviu-nos per Email<\/span>\n\t\t\t\t\t<\/span>\n\t\t\t\t\t<\/a>\n\t\t\t\t<\/div>\n\t\t\t\t\t\t\t\t<\/div>\n\t\t\t\t<\/div>\n\t\t\t\t<\/div>\n\t\t\t\t\t<\/div>\n\t\t\t\t<\/div>\n\t\t\t\t<\/div>\n\t\t","protected":false},"excerpt":{"rendered":"<p>COM ARRIBAR: EL CAM\u00cd CAP A UN RECORD INOBLIDABLE Sabem que el cam\u00ed cap a un esdeveniment inoblidable ha de ser tan agradable com la pr\u00f2pia destinaci\u00f3. Aqu\u00ed detallem com arribar a la nostra masia, on us esperarem amb els bra\u00e7os oberts. On som? Casa nostra us espera a: Cam\u00ed de Can Ribas, s\/n, 08415 [&hellip;]<\/p>\n","protected":false},"author":6,"featured_media":0,"parent":0,"menu_order":0,"comment_status":"closed","ping_status":"closed","template":"","meta":{"footnotes":""},"class_list":["post-24238","page","type-page","status-publish","hentry"],"_links":{"self":[{"href":"https:\/\/canribas.com\/ca\/wp-json\/wp\/v2\/pages\/24238","targetHints":{"allow":["GET"]}}],"collection":[{"href":"https:\/\/canribas.com\/ca\/wp-json\/wp\/v2\/pages"}],"about":[{"href":"https:\/\/canribas.com\/ca\/wp-json\/wp\/v2\/types\/page"}],"author":[{"embeddable":true,"href":"https:\/\/canribas.com\/ca\/wp-json\/wp\/v2\/users\/6"}],"replies":[{"embeddable":true,"href":"https:\/\/canribas.com\/ca\/wp-json\/wp\/v2\/comments?post=24238"}],"version-history":[{"count":17,"href":"https:\/\/canribas.com\/ca\/wp-json\/wp\/v2\/pages\/24238\/revisions"}],"predecessor-version":[{"id":24757,"href":"https:\/\/canribas.com\/ca\/wp-json\/wp\/v2\/pages\/24238\/revisions\/24757"}],"wp:attachment":[{"href":"https:\/\/canribas.com\/ca\/wp-json\/wp\/v2\/media?parent=24238"}],"curies":[{"name":"wp","href":"https:\/\/api.w.org\/{rel}","templated":true}]}}