{"id":24284,"date":"2025-09-23T15:48:26","date_gmt":"2025-09-23T15:48:26","guid":{"rendered":"https:\/\/canribas.com\/?page_id=24284"},"modified":"2025-10-06T16:55:32","modified_gmt":"2025-10-06T16:55:32","slug":"gastronomia","status":"publish","type":"page","link":"https:\/\/canribas.com\/ca\/gastronomia\/","title":{"rendered":"Gastronomia"},"content":{"rendered":"\t\t<div data-elementor-type=\"wp-page\" data-elementor-id=\"24284\" class=\"elementor elementor-24284 elementor-22848\" data-elementor-post-type=\"page\">\n\t\t\t\t<div class=\"elementor-element elementor-element-97d050b e-flex e-con-boxed e-con e-parent\" data-id=\"97d050b\" data-element_type=\"container\" data-e-type=\"container\">\n\t\t\t\t\t<div class=\"e-con-inner\">\n\t\t\t\t<div class=\"elementor-element elementor-element-fead9fd elementor-widget elementor-widget-heading\" data-id=\"fead9fd\" data-element_type=\"widget\" data-e-type=\"widget\" data-widget_type=\"heading.default\">\n\t\t\t\t<div class=\"elementor-widget-container\">\n\t\t\t\t\t<h1 class=\"elementor-heading-title elementor-size-default\">LA CUINA \u00c9S EL CENTRE DE GRAVETAT DE CASA NOSTRA\n<\/h1>\t\t\t\t<\/div>\n\t\t\t\t<\/div>\n\t\t\t\t\t<\/div>\n\t\t\t\t<\/div>\n\t\t<div class=\"elementor-element elementor-element-892a03d e-flex e-con-boxed e-con e-parent\" data-id=\"892a03d\" data-element_type=\"container\" data-e-type=\"container\">\n\t\t\t\t\t<div class=\"e-con-inner\">\n\t\t<div class=\"elementor-element elementor-element-69c96d1 e-con-full e-flex e-con e-child\" data-id=\"69c96d1\" data-element_type=\"container\" data-e-type=\"container\">\n\t\t\t\t<div class=\"elementor-element elementor-element-8d6d899 elementor-widget elementor-widget-text-editor\" data-id=\"8d6d899\" data-element_type=\"widget\" data-e-type=\"widget\" data-widget_type=\"text-editor.default\">\n\t\t\t\t<div class=\"elementor-widget-container\">\n\t\t\t\t\t\t\t\t\t<p><span style=\"font-weight: 400;\">Des del primer dia del nostre negoci vam comen\u00e7ar a treballar en un enfocament nou sobre la cuina per a esdeveniments i els restaurants per a casaments. No vol\u00edem renunciar al producte de qualitat i a la nostra tradici\u00f3 gastron\u00f2mica en favor de la practicitat i el lloc com\u00fa de la cuina de banquets. Perqu\u00e8 no \u00e9s el mateix servir a dos que a dos-cents comensals, es necessiten t\u00e8cniques i eines diferents, per\u00f2 \u00e9s possible arribar, en els dos casos, a la mateixa qualitat gastron\u00f2mica i de servei.<\/span><\/p><p><span style=\"font-weight: 400;\">Partim sempre de productes o receptes que ens il\u00b7lusionen. Un viatge, una pel\u00b7l\u00edcula o un dinar familiar en vacances inspiren moltes vegades la nostra carta. Petits canvis que en un cicle llarg de quatre o cinc anys acaben per transformar completament la carta. O gaireb\u00e9; ja que tamb\u00e9 hi ha cl\u00e0ssics inalterats i productes m\u00edtics (o m\u00edtics per a nosaltres) dels quals no ens atrevim a prescindir.<\/span><\/p><p><span style=\"font-weight: 400;\">Aix\u00ed \u00e9s com amb els anys, hem adquirit un bagatge i hem desenvolupat unes t\u00e8cniques pr\u00f2pies que ens permeten cuinar molt b\u00e9 per a molta gent. Aquesta \u00e9s la nostra missi\u00f3.<\/span><\/p>\t\t\t\t\t\t\t\t<\/div>\n\t\t\t\t<\/div>\n\t\t\t\t<\/div>\n\t\t<div class=\"elementor-element elementor-element-8029bec e-con-full e-flex e-con e-child\" data-id=\"8029bec\" data-element_type=\"container\" data-e-type=\"container\">\n\t\t\t\t<div class=\"elementor-element elementor-element-b30516d elementor-widget__width-initial elementor-widget elementor-widget-video\" data-id=\"b30516d\" data-element_type=\"widget\" data-e-type=\"widget\" data-settings=\"{&quot;video_type&quot;:&quot;hosted&quot;,&quot;show_image_overlay&quot;:&quot;yes&quot;,&quot;image_overlay&quot;:{&quot;url&quot;:&quot;https:\\\/\\\/canribas.com\\\/wp-content\\\/uploads\\\/2025\\\/07\\\/Fotos-Gastronomiques-232.webp&quot;,&quot;id&quot;:23430,&quot;size&quot;:&quot;&quot;,&quot;alt&quot;:&quot;&quot;,&quot;source&quot;:&quot;library&quot;},&quot;controls&quot;:&quot;yes&quot;}\" data-widget_type=\"video.default\">\n\t\t\t\t<div class=\"elementor-widget-container\">\n\t\t\t\t\t\t\t<div class=\"e-hosted-video elementor-wrapper elementor-open-inline\">\n\t\t\t\t\t<video class=\"elementor-video\" src=\"https:\/\/canribas.com\/wp-content\/uploads\/2025\/08\/LA-COCINA.-Desde-el-dia-uno-de-nuestro-negocio-empezamos-a-trabajar-en-un-enfoque-nuevo-sobre-la.mp4\" controls=\"\" preload=\"metadata\" controlsList=\"nodownload\" poster=\"https:\/\/canribas.com\/wp-content\/uploads\/2025\/07\/Fotos-Gastronomiques-232.webp\"><\/video>\n\t\t\t\t\t\t<div class=\"elementor-custom-embed-image-overlay\" style=\"background-image: url(https:\/\/canribas.com\/wp-content\/uploads\/2025\/07\/Fotos-Gastronomiques-232-768x512.webp);\">\n\t\t\t\t\t\t\t\t\t\t\t\t\t\t\t\t<div class=\"elementor-custom-embed-play\" role=\"button\" aria-label=\"Reprodueix v\u00eddeo\" tabindex=\"0\">\n\t\t\t\t\t\t\t<svg aria-hidden=\"true\" class=\"e-font-icon-svg e-eicon-play\" viewBox=\"0 0 1000 1000\" xmlns=\"http:\/\/www.w3.org\/2000\/svg\"><path d=\"M838 162C746 71 633 25 500 25 371 25 258 71 163 162 71 254 25 367 25 500 25 633 71 746 163 837 254 929 367 979 500 979 633 979 746 933 838 837 929 746 975 633 975 500 975 367 929 254 838 162M808 192C892 279 933 379 933 500 933 621 892 725 808 808 725 892 621 938 500 938 379 938 279 896 196 808 113 725 67 621 67 500 67 379 108 279 196 192 279 108 383 62 500 62 621 62 721 108 808 192M438 392V642L642 517 438 392Z\"><\/path><\/svg>\t\t\t\t\t\t<\/div>\n\t\t\t\t\t\t\t\t\t<\/div>\n\t\t\t\t\t<\/div>\n\t\t\t\t\t\t<\/div>\n\t\t\t\t<\/div>\n\t\t\t\t<\/div>\n\t\t\t\t\t<\/div>\n\t\t\t\t<\/div>\n\t\t<div class=\"elementor-element elementor-element-4d08b96 e-flex e-con-boxed e-con e-parent\" data-id=\"4d08b96\" data-element_type=\"container\" data-e-type=\"container\">\n\t\t\t\t\t<div class=\"e-con-inner\">\n\t\t\t\t<div class=\"elementor-element elementor-element-db50176 elementor-widget elementor-widget-heading\" data-id=\"db50176\" data-element_type=\"widget\" data-e-type=\"widget\" data-widget_type=\"heading.default\">\n\t\t\t\t<div class=\"elementor-widget-container\">\n\t\t\t\t\t<h2 class=\"elementor-heading-title elementor-size-default\">Per qu\u00e8 la nostra cuina \u00e9s diferent?\n<\/h2>\t\t\t\t<\/div>\n\t\t\t\t<\/div>\n\t\t\t\t<div class=\"elementor-element elementor-element-da7026c elementor-widget elementor-widget-text-editor\" data-id=\"da7026c\" data-element_type=\"widget\" data-e-type=\"widget\" data-widget_type=\"text-editor.default\">\n\t\t\t\t<div class=\"elementor-widget-container\">\n\t\t\t\t\t\t\t\t\t<p><span style=\"font-weight: 400;\">A Can Ribas disposem de cuina pr\u00f2pia, feta a mida per i per a tu, amb mat\u00e8ria primera d&#8217;alta qualitat i de proximitat. Estem connectats amb el m\u00f3n per poder elaborar la gastronomia somniada el dia de la teva celebraci\u00f3, per cuinar el plat del teu lloc d&#8217;origen, sigui quin sigui i d&#8217;on sigui. A m\u00e9s la nostra cuina \u00e9s oberta i tot el nostre personal estar\u00e0 molt present durant tot el proc\u00e9s, aix\u00ed que sempre podr\u00e0s estar en contacte amb el nostre equip de cuina.<\/span><\/p>\t\t\t\t\t\t\t\t<\/div>\n\t\t\t\t<\/div>\n\t\t\t\t\t<\/div>\n\t\t\t\t<\/div>\n\t\t<div class=\"elementor-element elementor-element-7608dd1 e-flex e-con-boxed e-con e-parent\" data-id=\"7608dd1\" data-element_type=\"container\" data-e-type=\"container\">\n\t\t\t\t\t<div class=\"e-con-inner\">\n\t\t\t\t<div class=\"elementor-element elementor-element-5f1fa05 gallery-spacing-custom elementor-widget elementor-widget-image-gallery\" data-id=\"5f1fa05\" data-element_type=\"widget\" data-e-type=\"widget\" data-widget_type=\"image-gallery.default\">\n\t\t\t\t<div class=\"elementor-widget-container\">\n\t\t\t\t\t\t\t<div class=\"elementor-image-gallery\">\n\t\t\t<div id='gallery-1' class='gallery galleryid-24284 gallery-columns-4 gallery-size-full'><figure class='gallery-item'>\n\t\t\t<div class='gallery-icon landscape'>\n\t\t\t\t<img fetchpriority=\"high\" decoding=\"async\" width=\"2024\" height=\"1349\" src=\"https:\/\/canribas.com\/wp-content\/uploads\/2025\/06\/0080.jpg\" class=\"attachment-full size-full\" alt=\"\" srcset=\"https:\/\/canribas.com\/wp-content\/uploads\/2025\/06\/0080.jpg 2024w, https:\/\/canribas.com\/wp-content\/uploads\/2025\/06\/0080-300x200.jpg 300w, https:\/\/canribas.com\/wp-content\/uploads\/2025\/06\/0080-1024x682.jpg 1024w, https:\/\/canribas.com\/wp-content\/uploads\/2025\/06\/0080-768x512.jpg 768w, https:\/\/canribas.com\/wp-content\/uploads\/2025\/06\/0080-1536x1024.jpg 1536w\" sizes=\"(max-width: 2024px) 100vw, 2024px\" \/>\n\t\t\t<\/div><\/figure><figure class='gallery-item'>\n\t\t\t<div class='gallery-icon landscape'>\n\t\t\t\t<img decoding=\"async\" width=\"1024\" height=\"683\" src=\"https:\/\/canribas.com\/wp-content\/uploads\/2025\/07\/CUI151014rib02bx.webp\" class=\"attachment-full size-full\" alt=\"\" srcset=\"https:\/\/canribas.com\/wp-content\/uploads\/2025\/07\/CUI151014rib02bx.webp 1024w, https:\/\/canribas.com\/wp-content\/uploads\/2025\/07\/CUI151014rib02bx-300x200.webp 300w, https:\/\/canribas.com\/wp-content\/uploads\/2025\/07\/CUI151014rib02bx-768x512.webp 768w\" sizes=\"(max-width: 1024px) 100vw, 1024px\" \/>\n\t\t\t<\/div><\/figure><figure class='gallery-item'>\n\t\t\t<div class='gallery-icon landscape'>\n\t\t\t\t<img decoding=\"async\" width=\"799\" height=\"533\" src=\"https:\/\/canribas.com\/wp-content\/uploads\/2025\/07\/Fotos-Gastronomiques-218-scaled-_2_-_2_.webp\" class=\"attachment-full size-full\" alt=\"\" srcset=\"https:\/\/canribas.com\/wp-content\/uploads\/2025\/07\/Fotos-Gastronomiques-218-scaled-_2_-_2_.webp 799w, https:\/\/canribas.com\/wp-content\/uploads\/2025\/07\/Fotos-Gastronomiques-218-scaled-_2_-_2_-300x200.webp 300w, https:\/\/canribas.com\/wp-content\/uploads\/2025\/07\/Fotos-Gastronomiques-218-scaled-_2_-_2_-768x512.webp 768w\" sizes=\"(max-width: 799px) 100vw, 799px\" \/>\n\t\t\t<\/div><\/figure><figure class='gallery-item'>\n\t\t\t<div class='gallery-icon landscape'>\n\t\t\t\t<img loading=\"lazy\" decoding=\"async\" width=\"799\" height=\"533\" src=\"https:\/\/canribas.com\/wp-content\/uploads\/2025\/07\/Fotos-Gastronomiques-263-scaled-_2_.webp\" class=\"attachment-full size-full\" alt=\"\" srcset=\"https:\/\/canribas.com\/wp-content\/uploads\/2025\/07\/Fotos-Gastronomiques-263-scaled-_2_.webp 799w, https:\/\/canribas.com\/wp-content\/uploads\/2025\/07\/Fotos-Gastronomiques-263-scaled-_2_-300x200.webp 300w, https:\/\/canribas.com\/wp-content\/uploads\/2025\/07\/Fotos-Gastronomiques-263-scaled-_2_-768x512.webp 768w\" sizes=\"(max-width: 799px) 100vw, 799px\" \/>\n\t\t\t<\/div><\/figure><figure class='gallery-item'>\n\t\t\t<div class='gallery-icon landscape'>\n\t\t\t\t<img loading=\"lazy\" decoding=\"async\" width=\"800\" height=\"534\" src=\"https:\/\/canribas.com\/wp-content\/uploads\/2025\/08\/pescado-huevas.webp\" class=\"attachment-full size-full\" alt=\"\" srcset=\"https:\/\/canribas.com\/wp-content\/uploads\/2025\/08\/pescado-huevas.webp 800w, https:\/\/canribas.com\/wp-content\/uploads\/2025\/08\/pescado-huevas-300x200.webp 300w, https:\/\/canribas.com\/wp-content\/uploads\/2025\/08\/pescado-huevas-768x513.webp 768w\" sizes=\"(max-width: 800px) 100vw, 800px\" \/>\n\t\t\t<\/div><\/figure><figure class='gallery-item'>\n\t\t\t<div class='gallery-icon landscape'>\n\t\t\t\t<img loading=\"lazy\" decoding=\"async\" width=\"800\" height=\"534\" src=\"https:\/\/canribas.com\/wp-content\/uploads\/2025\/08\/pescado.webp\" class=\"attachment-full size-full\" alt=\"\" srcset=\"https:\/\/canribas.com\/wp-content\/uploads\/2025\/08\/pescado.webp 800w, https:\/\/canribas.com\/wp-content\/uploads\/2025\/08\/pescado-300x200.webp 300w, https:\/\/canribas.com\/wp-content\/uploads\/2025\/08\/pescado-768x513.webp 768w\" sizes=\"(max-width: 800px) 100vw, 800px\" \/>\n\t\t\t<\/div><\/figure><figure class='gallery-item'>\n\t\t\t<div class='gallery-icon landscape'>\n\t\t\t\t<img loading=\"lazy\" decoding=\"async\" width=\"800\" height=\"534\" src=\"https:\/\/canribas.com\/wp-content\/uploads\/2025\/08\/vieiras.webp\" class=\"attachment-full size-full\" alt=\"\" srcset=\"https:\/\/canribas.com\/wp-content\/uploads\/2025\/08\/vieiras.webp 800w, https:\/\/canribas.com\/wp-content\/uploads\/2025\/08\/vieiras-300x200.webp 300w, https:\/\/canribas.com\/wp-content\/uploads\/2025\/08\/vieiras-768x513.webp 768w\" sizes=\"(max-width: 800px) 100vw, 800px\" \/>\n\t\t\t<\/div><\/figure><figure class='gallery-item'>\n\t\t\t<div class='gallery-icon landscape'>\n\t\t\t\t<img loading=\"lazy\" decoding=\"async\" width=\"800\" height=\"534\" src=\"https:\/\/canribas.com\/wp-content\/uploads\/2025\/08\/canapes.webp\" class=\"attachment-full size-full\" alt=\"\" srcset=\"https:\/\/canribas.com\/wp-content\/uploads\/2025\/08\/canapes.webp 800w, https:\/\/canribas.com\/wp-content\/uploads\/2025\/08\/canapes-300x200.webp 300w, https:\/\/canribas.com\/wp-content\/uploads\/2025\/08\/canapes-768x513.webp 768w\" sizes=\"(max-width: 800px) 100vw, 800px\" \/>\n\t\t\t<\/div><\/figure>\n\t\t<\/div>\n\t\t<\/div>\n\t\t\t\t\t\t<\/div>\n\t\t\t\t<\/div>\n\t\t\t\t\t<\/div>\n\t\t\t\t<\/div>\n\t\t<div class=\"elementor-element elementor-element-569aaa9 e-flex e-con-boxed e-con e-parent\" data-id=\"569aaa9\" data-element_type=\"container\" data-e-type=\"container\" data-settings=\"{&quot;shape_divider_top&quot;:&quot;book&quot;,&quot;background_background&quot;:&quot;classic&quot;}\">\n\t\t\t\t\t<div class=\"e-con-inner\">\n\t\t\t\t<div class=\"elementor-shape elementor-shape-top\" aria-hidden=\"true\" data-negative=\"false\">\n\t\t\t<svg xmlns=\"http:\/\/www.w3.org\/2000\/svg\" viewBox=\"0 0 1000 100\" preserveAspectRatio=\"none\">\n\t<path class=\"elementor-shape-fill\" d=\"M194,99c186.7,0.7,305-78.3,306-97.2c1,18.9,119.3,97.9,306,97.2c114.3-0.3,194,0.3,194,0.3s0-91.7,0-100c0,0,0,0,0-0 L0,0v99.3C0,99.3,79.7,98.7,194,99z\"\/>\n<\/svg>\t\t<\/div>\n\t\t\t\t<div class=\"elementor-element elementor-element-652046f elementor-widget elementor-widget-text-editor\" data-id=\"652046f\" data-element_type=\"widget\" data-e-type=\"widget\" data-widget_type=\"text-editor.default\">\n\t\t\t\t<div class=\"elementor-widget-container\">\n\t\t\t\t\t\t\t\t\t<p style=\"text-align: center;\">Sol\u00b7liciteu la vostra visita i sentiu per qu\u00e8 Can Ribas \u00e9s m\u00e9s que una masia; \u00e9s el principi de la vostra hist\u00f2ria familiar.<\/p>\t\t\t\t\t\t\t\t<\/div>\n\t\t\t\t<\/div>\n\t\t\t\t<div class=\"elementor-element elementor-element-b4b616d elementor-align-center elementor-widget elementor-widget-button\" data-id=\"b4b616d\" data-element_type=\"widget\" data-e-type=\"widget\" data-widget_type=\"button.default\">\n\t\t\t\t<div class=\"elementor-widget-container\">\n\t\t\t\t\t\t\t\t\t<div class=\"elementor-button-wrapper\">\n\t\t\t\t\t<a class=\"elementor-button elementor-button-link elementor-size-sm\" href=\"https:\/\/canribas.com\/ca\/contacte\/\">\n\t\t\t\t\t\t<span class=\"elementor-button-content-wrapper\">\n\t\t\t\t\t\t\t\t\t<span class=\"elementor-button-text\">Vull celebrar la meva hist\u00f2ria a Can Ribas<\/span>\n\t\t\t\t\t<\/span>\n\t\t\t\t\t<\/a>\n\t\t\t\t<\/div>\n\t\t\t\t\t\t\t\t<\/div>\n\t\t\t\t<\/div>\n\t\t\t\t\t<\/div>\n\t\t\t\t<\/div>\n\t\t\t\t<\/div>\n\t\t","protected":false},"excerpt":{"rendered":"<p>LA CUINA \u00c9S EL CENTRE DE GRAVETAT DE CASA NOSTRA Des del primer dia del nostre negoci vam comen\u00e7ar a treballar en un enfocament nou sobre la cuina per a esdeveniments i els restaurants per a casaments. No vol\u00edem renunciar al producte de qualitat i a la nostra tradici\u00f3 gastron\u00f2mica en favor de la practicitat [&hellip;]<\/p>\n","protected":false},"author":5,"featured_media":0,"parent":0,"menu_order":0,"comment_status":"closed","ping_status":"closed","template":"","meta":{"footnotes":""},"class_list":["post-24284","page","type-page","status-publish","hentry"],"_links":{"self":[{"href":"https:\/\/canribas.com\/ca\/wp-json\/wp\/v2\/pages\/24284","targetHints":{"allow":["GET"]}}],"collection":[{"href":"https:\/\/canribas.com\/ca\/wp-json\/wp\/v2\/pages"}],"about":[{"href":"https:\/\/canribas.com\/ca\/wp-json\/wp\/v2\/types\/page"}],"author":[{"embeddable":true,"href":"https:\/\/canribas.com\/ca\/wp-json\/wp\/v2\/users\/5"}],"replies":[{"embeddable":true,"href":"https:\/\/canribas.com\/ca\/wp-json\/wp\/v2\/comments?post=24284"}],"version-history":[{"count":21,"href":"https:\/\/canribas.com\/ca\/wp-json\/wp\/v2\/pages\/24284\/revisions"}],"predecessor-version":[{"id":24733,"href":"https:\/\/canribas.com\/ca\/wp-json\/wp\/v2\/pages\/24284\/revisions\/24733"}],"wp:attachment":[{"href":"https:\/\/canribas.com\/ca\/wp-json\/wp\/v2\/media?parent=24284"}],"curies":[{"name":"wp","href":"https:\/\/api.w.org\/{rel}","templated":true}]}}