{"id":24293,"date":"2025-09-23T15:59:53","date_gmt":"2025-09-23T15:59:53","guid":{"rendered":"https:\/\/canribas.com\/noces-que-se-senten-i-viuen-com-a-casa\/"},"modified":"2025-09-29T11:00:04","modified_gmt":"2025-09-29T11:00:04","slug":"noces","status":"publish","type":"page","link":"https:\/\/canribas.com\/ca\/noces\/","title":{"rendered":"Noces"},"content":{"rendered":"\t\t<div data-elementor-type=\"wp-page\" data-elementor-id=\"24293\" class=\"elementor elementor-24293 elementor-22811\" data-elementor-post-type=\"page\">\n\t\t\t\t<div class=\"elementor-element elementor-element-d00a1d7 e-flex e-con-boxed e-con e-parent\" data-id=\"d00a1d7\" data-element_type=\"container\" data-e-type=\"container\">\n\t\t\t\t\t<div class=\"e-con-inner\">\n\t\t\t\t<div class=\"elementor-element elementor-element-05aefd1 elementor-widget elementor-widget-heading\" data-id=\"05aefd1\" data-element_type=\"widget\" data-e-type=\"widget\" data-widget_type=\"heading.default\">\n\t\t\t\t<div class=\"elementor-widget-container\">\n\t\t\t\t\t<h1 class=\"elementor-heading-title elementor-size-default\">Masia per a casaments<\/h1>\t\t\t\t<\/div>\n\t\t\t\t<\/div>\n\t\t\t\t<div class=\"elementor-element elementor-element-0cd9868 elementor-widget elementor-widget-heading\" data-id=\"0cd9868\" data-element_type=\"widget\" data-e-type=\"widget\" data-widget_type=\"heading.default\">\n\t\t\t\t<div class=\"elementor-widget-container\">\n\t\t\t\t\t<h2 class=\"elementor-heading-title elementor-size-default\">Darrere d'un casament hi ha mesos de preparaci\u00f3 i hi ha anys de somnis<\/h2>\t\t\t\t<\/div>\n\t\t\t\t<\/div>\n\t\t\t\t<div class=\"elementor-element elementor-element-a83ae74 elementor-widget elementor-widget-text-editor\" data-id=\"a83ae74\" data-element_type=\"widget\" data-e-type=\"widget\" data-widget_type=\"text-editor.default\">\n\t\t\t\t<div class=\"elementor-widget-container\">\n\t\t\t\t\t\t\t\t\t<p><span style=\"font-weight: 400;\">A Can Ribas, t&#8217;obrim les portes de la nostra masia familiar perqu\u00e8 visquis una celebraci\u00f3 amb \u00e0nima, calidesa i el sabor aut\u00e8ntic del nostre. A nom\u00e9s 40 min de Barcelona, la teva hist\u00f2ria comen\u00e7a aqu\u00ed.<\/span><\/p>\t\t\t\t\t\t\t\t<\/div>\n\t\t\t\t<\/div>\n\t\t\t\t<div class=\"elementor-element elementor-element-7bd20eb gallery-spacing-custom elementor-widget elementor-widget-image-gallery\" data-id=\"7bd20eb\" data-element_type=\"widget\" data-e-type=\"widget\" data-widget_type=\"image-gallery.default\">\n\t\t\t\t<div class=\"elementor-widget-container\">\n\t\t\t\t\t\t\t<div class=\"elementor-image-gallery\">\n\t\t\t<div id='gallery-1' class='gallery galleryid-24293 gallery-columns-2 gallery-size-medium_large'><figure class='gallery-item'>\n\t\t\t<div class='gallery-icon landscape'>\n\t\t\t\t<img fetchpriority=\"high\" decoding=\"async\" width=\"768\" height=\"511\" src=\"https:\/\/canribas.com\/wp-content\/uploads\/2025\/07\/240406_AP_0344-768x511.webp\" class=\"attachment-medium_large size-medium_large\" alt=\"masia para bodas barcelona\" srcset=\"https:\/\/canribas.com\/wp-content\/uploads\/2025\/07\/240406_AP_0344-768x511.webp 768w, https:\/\/canribas.com\/wp-content\/uploads\/2025\/07\/240406_AP_0344-300x200.webp 300w, https:\/\/canribas.com\/wp-content\/uploads\/2025\/07\/240406_AP_0344.webp 800w\" sizes=\"(max-width: 768px) 100vw, 768px\" \/>\n\t\t\t<\/div><\/figure><figure class='gallery-item'>\n\t\t\t<div class='gallery-icon landscape'>\n\t\t\t\t<img decoding=\"async\" width=\"768\" height=\"512\" src=\"https:\/\/canribas.com\/wp-content\/uploads\/2025\/07\/photographer_maxsegura_0283-768x512.webp\" class=\"attachment-medium_large size-medium_large\" alt=\"Camino de los cipreses\" srcset=\"https:\/\/canribas.com\/wp-content\/uploads\/2025\/07\/photographer_maxsegura_0283-768x512.webp 768w, https:\/\/canribas.com\/wp-content\/uploads\/2025\/07\/photographer_maxsegura_0283-300x200.webp 300w, https:\/\/canribas.com\/wp-content\/uploads\/2025\/07\/photographer_maxsegura_0283.webp 800w\" sizes=\"(max-width: 768px) 100vw, 768px\" \/>\n\t\t\t<\/div><\/figure><figure class='gallery-item'>\n\t\t\t<div class='gallery-icon landscape'>\n\t\t\t\t<img decoding=\"async\" width=\"768\" height=\"511\" src=\"https:\/\/canribas.com\/wp-content\/uploads\/2025\/07\/240406_AP_0269-768x511.webp\" class=\"attachment-medium_large size-medium_large\" alt=\"Mas\u00eda para bodas en Barcelona Can Ribas\" srcset=\"https:\/\/canribas.com\/wp-content\/uploads\/2025\/07\/240406_AP_0269-768x511.webp 768w, https:\/\/canribas.com\/wp-content\/uploads\/2025\/07\/240406_AP_0269-300x200.webp 300w, https:\/\/canribas.com\/wp-content\/uploads\/2025\/07\/240406_AP_0269.webp 800w\" sizes=\"(max-width: 768px) 100vw, 768px\" \/>\n\t\t\t<\/div><\/figure><figure class='gallery-item'>\n\t\t\t<div class='gallery-icon landscape'>\n\t\t\t\t<img loading=\"lazy\" decoding=\"async\" width=\"768\" height=\"511\" src=\"https:\/\/canribas.com\/wp-content\/uploads\/2025\/07\/CanRibas-310-768x511.webp\" class=\"attachment-medium_large size-medium_large\" alt=\"celebraci\u00f3n boda en mas\u00eda al aire libre\" srcset=\"https:\/\/canribas.com\/wp-content\/uploads\/2025\/07\/CanRibas-310-768x511.webp 768w, https:\/\/canribas.com\/wp-content\/uploads\/2025\/07\/CanRibas-310-300x200.webp 300w, https:\/\/canribas.com\/wp-content\/uploads\/2025\/07\/CanRibas-310.webp 800w\" sizes=\"(max-width: 768px) 100vw, 768px\" \/>\n\t\t\t<\/div><\/figure>\n\t\t<\/div>\n\t\t<\/div>\n\t\t\t\t\t\t<\/div>\n\t\t\t\t<\/div>\n\t\t\t\t\t<\/div>\n\t\t\t\t<\/div>\n\t\t<div class=\"elementor-element elementor-element-6990735 e-flex e-con-boxed e-con e-parent\" data-id=\"6990735\" data-element_type=\"container\" data-e-type=\"container\" data-settings=\"{&quot;background_background&quot;:&quot;classic&quot;,&quot;shape_divider_top&quot;:&quot;book&quot;}\">\n\t\t\t\t\t<div class=\"e-con-inner\">\n\t\t\t\t<div class=\"elementor-shape elementor-shape-top\" aria-hidden=\"true\" data-negative=\"false\">\n\t\t\t<svg xmlns=\"http:\/\/www.w3.org\/2000\/svg\" viewBox=\"0 0 1000 100\" preserveAspectRatio=\"none\">\n\t<path class=\"elementor-shape-fill\" d=\"M194,99c186.7,0.7,305-78.3,306-97.2c1,18.9,119.3,97.9,306,97.2c114.3-0.3,194,0.3,194,0.3s0-91.7,0-100c0,0,0,0,0-0 L0,0v99.3C0,99.3,79.7,98.7,194,99z\"\/>\n<\/svg>\t\t<\/div>\n\t\t\t\t<div class=\"elementor-element elementor-element-b1a4dc1 elementor-widget elementor-widget-text-editor\" data-id=\"b1a4dc1\" data-element_type=\"widget\" data-e-type=\"widget\" data-widget_type=\"text-editor.default\">\n\t\t\t\t<div class=\"elementor-widget-container\">\n\t\t\t\t\t\t\t\t\t<p>Has somiat tantes vegades amb aquest moment: la teva arribada a Can Ribas de Montbui, un instant en qu\u00e8 tot s&#8217;atura. El teu casament, el temps sembla aturar-se, un instant fixat en la mem\u00f2ria per sempre. I ara et veus envoltada de tota la gent que estimes, en aquell camp entre oliveres que vas fer teu quan el vas descobrir fa uns mesos.<br \/>\nNom\u00e9s vas haver d&#8217;explicar-nos els teus somnis i des d&#8217;aquell moment el nostre equip va comen\u00e7ar a treballar per donar vida a les teves il\u00b7lusions. Ens agrada fer de Can Ribas el marc perfecte per a moments irrepetibles, ens agrada viure amb els nostres clients l&#8217;emoci\u00f3 dels dies \u00fanics. Volem ser c\u00f2mplices de les seves il\u00b7lusions.<\/p>\n\t\t\t\t\t\t\t\t<\/div>\n\t\t\t\t<\/div>\n\t\t\t\t\t<\/div>\n\t\t\t\t<\/div>\n\t\t<div class=\"elementor-element elementor-element-5108204 e-flex e-con-boxed e-con e-parent\" data-id=\"5108204\" data-element_type=\"container\" data-e-type=\"container\" data-settings=\"{&quot;background_background&quot;:&quot;classic&quot;}\">\n\t\t\t\t\t<div class=\"e-con-inner\">\n\t\t<div class=\"elementor-element elementor-element-56ea209 e-con-full e-flex e-con e-child\" data-id=\"56ea209\" data-element_type=\"container\" data-e-type=\"container\">\n\t\t\t\t<div class=\"elementor-element elementor-element-6378b4c elementor-position-top elementor-widget elementor-widget-image-box\" data-id=\"6378b4c\" data-element_type=\"widget\" data-e-type=\"widget\" data-widget_type=\"image-box.default\">\n\t\t\t\t<div class=\"elementor-widget-container\">\n\t\t\t\t\t<div class=\"elementor-image-box-wrapper\"><figure class=\"elementor-image-box-img\"><img loading=\"lazy\" decoding=\"async\" width=\"1200\" height=\"800\" src=\"https:\/\/canribas.com\/wp-content\/uploads\/2024\/08\/4-_2_.webp\" class=\"attachment-full size-full wp-image-19502\" alt=\"\" srcset=\"https:\/\/canribas.com\/wp-content\/uploads\/2024\/08\/4-_2_.webp 1200w, https:\/\/canribas.com\/wp-content\/uploads\/2024\/08\/4-_2_-300x200.webp 300w, https:\/\/canribas.com\/wp-content\/uploads\/2024\/08\/4-_2_-1024x683.webp 1024w, https:\/\/canribas.com\/wp-content\/uploads\/2024\/08\/4-_2_-768x512.webp 768w\" sizes=\"(max-width: 1200px) 100vw, 1200px\" \/><\/figure><div class=\"elementor-image-box-content\"><h3 class=\"elementor-image-box-title\">CUINA PR\u00d2PIA <\/h3><p class=\"elementor-image-box-description\">Cuina a mida amb productes d'alta qualitat i proximitat.<\/p><\/div><\/div>\t\t\t\t<\/div>\n\t\t\t\t<\/div>\n\t\t\t\t<\/div>\n\t\t<div class=\"elementor-element elementor-element-7b5eba9 e-con-full e-flex e-con e-child\" data-id=\"7b5eba9\" data-element_type=\"container\" data-e-type=\"container\">\n\t\t\t\t<div class=\"elementor-element elementor-element-4567c0b elementor-position-top elementor-widget elementor-widget-image-box\" data-id=\"4567c0b\" data-element_type=\"widget\" data-e-type=\"widget\" data-widget_type=\"image-box.default\">\n\t\t\t\t<div class=\"elementor-widget-container\">\n\t\t\t\t\t<div class=\"elementor-image-box-wrapper\"><figure class=\"elementor-image-box-img\"><img loading=\"lazy\" decoding=\"async\" width=\"600\" height=\"400\" src=\"https:\/\/canribas.com\/wp-content\/uploads\/2024\/08\/wedding-planner-can-ribas.webp\" class=\"attachment-full size-full wp-image-92\" alt=\"\" srcset=\"https:\/\/canribas.com\/wp-content\/uploads\/2024\/08\/wedding-planner-can-ribas.webp 600w, https:\/\/canribas.com\/wp-content\/uploads\/2024\/08\/wedding-planner-can-ribas-300x200.webp 300w\" sizes=\"(max-width: 600px) 100vw, 600px\" \/><\/figure><div class=\"elementor-image-box-content\"><h3 class=\"elementor-image-box-title\">WEDDING PLANNER <\/h3><p class=\"elementor-image-box-description\">Planificaci\u00f3, assessorament i gesti\u00f3 del protocol per a un casament totalment personalitzat.<\/p><\/div><\/div>\t\t\t\t<\/div>\n\t\t\t\t<\/div>\n\t\t\t\t<\/div>\n\t\t<div class=\"elementor-element elementor-element-8781617 e-con-full e-flex e-con e-child\" data-id=\"8781617\" data-element_type=\"container\" data-e-type=\"container\">\n\t\t\t\t<div class=\"elementor-element elementor-element-ab274cd elementor-position-top elementor-widget elementor-widget-image-box\" data-id=\"ab274cd\" data-element_type=\"widget\" data-e-type=\"widget\" data-widget_type=\"image-box.default\">\n\t\t\t\t<div class=\"elementor-widget-container\">\n\t\t\t\t\t<div class=\"elementor-image-box-wrapper\"><figure class=\"elementor-image-box-img\"><img loading=\"lazy\" decoding=\"async\" width=\"600\" height=\"400\" src=\"https:\/\/canribas.com\/wp-content\/uploads\/2024\/08\/decoracion-floral-can-ribas.webp\" class=\"attachment-full size-full wp-image-93\" alt=\"\" srcset=\"https:\/\/canribas.com\/wp-content\/uploads\/2024\/08\/decoracion-floral-can-ribas.webp 600w, https:\/\/canribas.com\/wp-content\/uploads\/2024\/08\/decoracion-floral-can-ribas-300x200.webp 300w\" sizes=\"(max-width: 600px) 100vw, 600px\" \/><\/figure><div class=\"elementor-image-box-content\"><h3 class=\"elementor-image-box-title\">DECORACI\u00d3 FLORAL <\/h3><p class=\"elementor-image-box-description\">Cuidem els nostres espais verds i decorem tot l'esdeveniment.<\/p><\/div><\/div>\t\t\t\t<\/div>\n\t\t\t\t<\/div>\n\t\t\t\t<\/div>\n\t\t<div class=\"elementor-element elementor-element-21506c1 e-con-full e-flex e-con e-child\" data-id=\"21506c1\" data-element_type=\"container\" data-e-type=\"container\">\n\t\t\t\t<div class=\"elementor-element elementor-element-023a8d1 elementor-position-top elementor-widget elementor-widget-image-box\" data-id=\"023a8d1\" data-element_type=\"widget\" data-e-type=\"widget\" data-widget_type=\"image-box.default\">\n\t\t\t\t<div class=\"elementor-widget-container\">\n\t\t\t\t\t<div class=\"elementor-image-box-wrapper\"><figure class=\"elementor-image-box-img\"><img loading=\"lazy\" decoding=\"async\" width=\"600\" height=\"400\" src=\"https:\/\/canribas.com\/wp-content\/uploads\/2024\/08\/ceremonia-civil-can-ribas.webp\" class=\"attachment-full size-full wp-image-94\" alt=\"\" srcset=\"https:\/\/canribas.com\/wp-content\/uploads\/2024\/08\/ceremonia-civil-can-ribas.webp 600w, https:\/\/canribas.com\/wp-content\/uploads\/2024\/08\/ceremonia-civil-can-ribas-300x200.webp 300w\" sizes=\"(max-width: 600px) 100vw, 600px\" \/><\/figure><div class=\"elementor-image-box-content\"><h3 class=\"elementor-image-box-title\">CERIM\u00d2NIA CIVIL<\/h3><p class=\"elementor-image-box-description\"> Cuidem els nostres espais verds i decorem tot l'esdeveniment.<\/p><\/div><\/div>\t\t\t\t<\/div>\n\t\t\t\t<\/div>\n\t\t\t\t<\/div>\n\t\t<div class=\"elementor-element elementor-element-e9ff719 e-con-full e-flex e-con e-child\" data-id=\"e9ff719\" data-element_type=\"container\" data-e-type=\"container\">\n\t\t\t\t<div class=\"elementor-element elementor-element-1d3ad9e elementor-position-top elementor-widget elementor-widget-image-box\" data-id=\"1d3ad9e\" data-element_type=\"widget\" data-e-type=\"widget\" data-widget_type=\"image-box.default\">\n\t\t\t\t<div class=\"elementor-widget-container\">\n\t\t\t\t\t<div class=\"elementor-image-box-wrapper\"><figure class=\"elementor-image-box-img\"><img loading=\"lazy\" decoding=\"async\" width=\"600\" height=\"400\" src=\"https:\/\/canribas.com\/wp-content\/uploads\/2024\/08\/menaje-decoracion-can-ribas.webp\" class=\"attachment-full size-full wp-image-96\" alt=\"\" srcset=\"https:\/\/canribas.com\/wp-content\/uploads\/2024\/08\/menaje-decoracion-can-ribas.webp 600w, https:\/\/canribas.com\/wp-content\/uploads\/2024\/08\/menaje-decoracion-can-ribas-300x200.webp 300w\" sizes=\"(max-width: 600px) 100vw, 600px\" \/><\/figure><div class=\"elementor-image-box-content\"><h3 class=\"elementor-image-box-title\">VAIXELLA I DECORACI\u00d3 <\/h3><p class=\"elementor-image-box-description\">\u00c0mplia varietat de vaixella, il\u00b7luminaci\u00f3 i decoraci\u00f3 a triar per a un casament al vostre estil.<\/p><\/div><\/div>\t\t\t\t<\/div>\n\t\t\t\t<\/div>\n\t\t\t\t<\/div>\n\t\t<div class=\"elementor-element elementor-element-074f9fe e-con-full e-flex e-con e-child\" data-id=\"074f9fe\" data-element_type=\"container\" data-e-type=\"container\">\n\t\t\t\t<div class=\"elementor-element elementor-element-ea0b69e elementor-position-top elementor-widget elementor-widget-image-box\" data-id=\"ea0b69e\" data-element_type=\"widget\" data-e-type=\"widget\" data-widget_type=\"image-box.default\">\n\t\t\t\t<div class=\"elementor-widget-container\">\n\t\t\t\t\t<div class=\"elementor-image-box-wrapper\"><figure class=\"elementor-image-box-img\"><img loading=\"lazy\" decoding=\"async\" width=\"1600\" height=\"1067\" src=\"https:\/\/canribas.com\/wp-content\/uploads\/2024\/08\/3-2.jpg\" class=\"attachment-full size-full wp-image-19499\" alt=\"\" srcset=\"https:\/\/canribas.com\/wp-content\/uploads\/2024\/08\/3-2.jpg 1600w, https:\/\/canribas.com\/wp-content\/uploads\/2024\/08\/3-2-300x200.jpg 300w, https:\/\/canribas.com\/wp-content\/uploads\/2024\/08\/3-2-1024x683.jpg 1024w, https:\/\/canribas.com\/wp-content\/uploads\/2024\/08\/3-2-768x512.jpg 768w, https:\/\/canribas.com\/wp-content\/uploads\/2024\/08\/3-2-1536x1024.jpg 1536w\" sizes=\"(max-width: 1600px) 100vw, 1600px\" \/><\/figure><div class=\"elementor-image-box-content\"><h3 class=\"elementor-image-box-title\">SEATING PLAN <\/h3><p class=\"elementor-image-box-description\">Disseny i muntatge del seating plan i la seva decoraci\u00f3 i impressi\u00f3 de la papereria del casament.<\/p><\/div><\/div>\t\t\t\t<\/div>\n\t\t\t\t<\/div>\n\t\t\t\t<\/div>\n\t\t<div class=\"elementor-element elementor-element-4c14654 e-con-full e-flex e-con e-child\" data-id=\"4c14654\" data-element_type=\"container\" data-e-type=\"container\">\n\t\t\t\t<div class=\"elementor-element elementor-element-75d23ba elementor-position-top elementor-widget elementor-widget-image-box\" data-id=\"75d23ba\" data-element_type=\"widget\" data-e-type=\"widget\" data-widget_type=\"image-box.default\">\n\t\t\t\t<div class=\"elementor-widget-container\">\n\t\t\t\t\t<div class=\"elementor-image-box-wrapper\"><figure class=\"elementor-image-box-img\"><img loading=\"lazy\" decoding=\"async\" width=\"600\" height=\"400\" src=\"https:\/\/canribas.com\/wp-content\/uploads\/2024\/08\/seatting-plan-can-ribas.webp\" class=\"attachment-full size-full wp-image-98\" alt=\"\" srcset=\"https:\/\/canribas.com\/wp-content\/uploads\/2024\/08\/seatting-plan-can-ribas.webp 600w, https:\/\/canribas.com\/wp-content\/uploads\/2024\/08\/seatting-plan-can-ribas-300x200.webp 300w\" sizes=\"(max-width: 600px) 100vw, 600px\" \/><\/figure><div class=\"elementor-image-box-content\"><h3 class=\"elementor-image-box-title\">ORGANITZACI\u00d3 TAULES<\/h3><p class=\"elementor-image-box-description\"> Disposem d'un programa en l\u00ednia per facilitar la distribuci\u00f3 de taules.<\/p><\/div><\/div>\t\t\t\t<\/div>\n\t\t\t\t<\/div>\n\t\t\t\t<\/div>\n\t\t<div class=\"elementor-element elementor-element-01ab827 e-con-full e-flex e-con e-child\" data-id=\"01ab827\" data-element_type=\"container\" data-e-type=\"container\">\n\t\t\t\t<div class=\"elementor-element elementor-element-e2a6ed2 elementor-position-top elementor-widget elementor-widget-image-box\" data-id=\"e2a6ed2\" data-element_type=\"widget\" data-e-type=\"widget\" data-widget_type=\"image-box.default\">\n\t\t\t\t<div class=\"elementor-widget-container\">\n\t\t\t\t\t<div class=\"elementor-image-box-wrapper\"><figure class=\"elementor-image-box-img\"><img loading=\"lazy\" decoding=\"async\" width=\"600\" height=\"400\" src=\"https:\/\/canribas.com\/wp-content\/uploads\/2024\/08\/otros-servicios-can-ribas.webp\" class=\"attachment-full size-full wp-image-99\" alt=\"\" srcset=\"https:\/\/canribas.com\/wp-content\/uploads\/2024\/08\/otros-servicios-can-ribas.webp 600w, https:\/\/canribas.com\/wp-content\/uploads\/2024\/08\/otros-servicios-can-ribas-300x200.webp 300w\" sizes=\"(max-width: 600px) 100vw, 600px\" \/><\/figure><div class=\"elementor-image-box-content\"><h3 class=\"elementor-image-box-title\">ALTRES SERVEIS <\/h3><p class=\"elementor-image-box-description\">Produccions musicals, decoracions, fotografia i tot el que puguis imaginar.<\/p><\/div><\/div>\t\t\t\t<\/div>\n\t\t\t\t<\/div>\n\t\t\t\t<\/div>\n\t\t\t\t\t<\/div>\n\t\t\t\t<\/div>\n\t\t<div class=\"elementor-element elementor-element-a5d80be e-flex e-con-boxed e-con e-parent\" data-id=\"a5d80be\" data-element_type=\"container\" data-e-type=\"container\" id=\"celebrar-mi-amor\" data-settings=\"{&quot;shape_divider_top&quot;:&quot;book&quot;,&quot;background_background&quot;:&quot;classic&quot;}\">\n\t\t\t\t\t<div class=\"e-con-inner\">\n\t\t\t\t<div class=\"elementor-shape elementor-shape-top\" aria-hidden=\"true\" data-negative=\"false\">\n\t\t\t<svg xmlns=\"http:\/\/www.w3.org\/2000\/svg\" viewBox=\"0 0 1000 100\" preserveAspectRatio=\"none\">\n\t<path class=\"elementor-shape-fill\" d=\"M194,99c186.7,0.7,305-78.3,306-97.2c1,18.9,119.3,97.9,306,97.2c114.3-0.3,194,0.3,194,0.3s0-91.7,0-100c0,0,0,0,0-0 L0,0v99.3C0,99.3,79.7,98.7,194,99z\"\/>\n<\/svg>\t\t<\/div>\n\t\t\t\t<div class=\"elementor-element elementor-element-3b44a1f elementor-widget elementor-widget-heading\" data-id=\"3b44a1f\" data-element_type=\"widget\" data-e-type=\"widget\" data-widget_type=\"heading.default\">\n\t\t\t\t<div class=\"elementor-widget-container\">\n\t\t\t\t\t<h2 class=\"elementor-heading-title elementor-size-default\">Hi ha llocs que s\u00f3n m\u00e9s que un lloc, m\u00e9s que un rac\u00f3, que un espai<\/h2>\t\t\t\t<\/div>\n\t\t\t\t<\/div>\n\t\t\t\t<div class=\"elementor-element elementor-element-e63090e elementor-align-center elementor-widget elementor-widget-button\" data-id=\"e63090e\" data-element_type=\"widget\" data-e-type=\"widget\" data-widget_type=\"button.default\">\n\t\t\t\t<div class=\"elementor-widget-container\">\n\t\t\t\t\t\t\t\t\t<div class=\"elementor-button-wrapper\">\n\t\t\t\t\t<a class=\"elementor-button elementor-button-link elementor-size-sm\" href=\"https:\/\/canribas.com\/ca\/contacte\/\">\n\t\t\t\t\t\t<span class=\"elementor-button-content-wrapper\">\n\t\t\t\t\t\t\t\t\t<span class=\"elementor-button-text\">Vull celebrar la meva hist\u00f2ria a Can Ribas<\/span>\n\t\t\t\t\t<\/span>\n\t\t\t\t\t<\/a>\n\t\t\t\t<\/div>\n\t\t\t\t\t\t\t\t<\/div>\n\t\t\t\t<\/div>\n\t\t\t\t\t<\/div>\n\t\t\t\t<\/div>\n\t\t\t\t<\/div>\n\t\t","protected":false},"excerpt":{"rendered":"<p>Masia per a casaments Darrere d&#8217;un casament hi ha mesos de preparaci\u00f3 i hi ha anys de somnis A Can Ribas, t&#8217;obrim les portes de la nostra masia familiar perqu\u00e8 visquis una celebraci\u00f3 amb \u00e0nima, calidesa i el sabor aut\u00e8ntic del nostre. A nom\u00e9s 40 min de Barcelona, la teva hist\u00f2ria comen\u00e7a aqu\u00ed. Has somiat [&hellip;]<\/p>\n","protected":false},"author":1,"featured_media":0,"parent":0,"menu_order":0,"comment_status":"closed","ping_status":"closed","template":"","meta":{"footnotes":""},"class_list":["post-24293","page","type-page","status-publish","hentry"],"_links":{"self":[{"href":"https:\/\/canribas.com\/ca\/wp-json\/wp\/v2\/pages\/24293","targetHints":{"allow":["GET"]}}],"collection":[{"href":"https:\/\/canribas.com\/ca\/wp-json\/wp\/v2\/pages"}],"about":[{"href":"https:\/\/canribas.com\/ca\/wp-json\/wp\/v2\/types\/page"}],"author":[{"embeddable":true,"href":"https:\/\/canribas.com\/ca\/wp-json\/wp\/v2\/users\/1"}],"replies":[{"embeddable":true,"href":"https:\/\/canribas.com\/ca\/wp-json\/wp\/v2\/comments?post=24293"}],"version-history":[{"count":6,"href":"https:\/\/canribas.com\/ca\/wp-json\/wp\/v2\/pages\/24293\/revisions"}],"predecessor-version":[{"id":24524,"href":"https:\/\/canribas.com\/ca\/wp-json\/wp\/v2\/pages\/24293\/revisions\/24524"}],"wp:attachment":[{"href":"https:\/\/canribas.com\/ca\/wp-json\/wp\/v2\/media?parent=24293"}],"curies":[{"name":"wp","href":"https:\/\/api.w.org\/{rel}","templated":true}]}}