{"id":24305,"date":"2025-09-23T16:51:29","date_gmt":"2025-09-23T16:51:29","guid":{"rendered":"https:\/\/canribas.com\/?page_id=24305"},"modified":"2025-10-06T16:52:09","modified_gmt":"2025-10-06T16:52:09","slug":"la-nostra-historia","status":"publish","type":"page","link":"https:\/\/canribas.com\/ca\/la-nostra-historia\/","title":{"rendered":"La nostra hist\u00f2ria"},"content":{"rendered":"\t\t<div data-elementor-type=\"wp-page\" data-elementor-id=\"24305\" class=\"elementor elementor-24305 elementor-22919\" data-elementor-post-type=\"page\">\n\t\t\t\t<div class=\"elementor-element elementor-element-eb0c3ed e-flex e-con-boxed e-con e-parent\" data-id=\"eb0c3ed\" data-element_type=\"container\" data-e-type=\"container\">\n\t\t\t\t\t<div class=\"e-con-inner\">\n\t\t\t\t<div class=\"elementor-element elementor-element-eca532d elementor-widget elementor-widget-heading\" data-id=\"eca532d\" data-element_type=\"widget\" data-e-type=\"widget\" data-widget_type=\"heading.default\">\n\t\t\t\t<div class=\"elementor-widget-container\">\n\t\t\t\t\t<h1 class=\"elementor-heading-title elementor-size-default\">TENIM HIST\u00d2RIA, PER\u00d2 SOBRETOT TENIM HIST\u00d2RIES<\/h1>\t\t\t\t<\/div>\n\t\t\t\t<\/div>\n\t\t\t\t\t<\/div>\n\t\t\t\t<\/div>\n\t\t<div class=\"elementor-element elementor-element-e2447bb e-flex e-con-boxed e-con e-parent\" data-id=\"e2447bb\" data-element_type=\"container\" data-e-type=\"container\" data-settings=\"{&quot;background_background&quot;:&quot;classic&quot;}\">\n\t\t\t\t\t<div class=\"e-con-inner\">\n\t\t<div class=\"elementor-element elementor-element-77438f3 e-con-full e-flex e-con e-child\" data-id=\"77438f3\" data-element_type=\"container\" data-e-type=\"container\">\n\t\t\t\t<div class=\"elementor-element elementor-element-7d8866b elementor-widget elementor-widget-text-editor\" data-id=\"7d8866b\" data-element_type=\"widget\" data-e-type=\"widget\" data-widget_type=\"text-editor.default\">\n\t\t\t\t<div class=\"elementor-widget-container\">\n\t\t\t\t\t\t\t\t\t<p><span style=\"font-weight: 400;\">Francesc Parellada, Paco, era el propietari de la Fonda Europa de Granollers. Una fonda hist\u00f2rica que, amb diversos noms i molt d&#8217;esfor\u00e7 havia passat de pares a fills des de la seva fundaci\u00f3, a finals del s. XVIII, de la m\u00e0 de la seva tatar\u00e0via Sila Camilo.<\/span><\/p><p><span style=\"font-weight: 400;\">Francesc Parellada i la seva dona, Antonia Garrell, la m\u00edtica iaia To\u00f1a, van decidir a principis de la d\u00e8cada dels setanta del segle passat a comprar una casa pairal, Can Ribas de Montbui, per dur a terme el somni de proveir la Fonda de productes de collita pr\u00f2pia. La seva filla, Teresa Parellada, i Toni Oliver van donar forma a aquest projecte alhora que obrien la casa a les primeres celebracions.<\/span><\/p><p><span style=\"font-weight: 400;\">Des del primer esdeveniment van voler sorprendre un p\u00fablic que sentia que d&#8217;alguna manera era convidat a una casa familiar, un esperit que no s&#8217;ha perdut mai, donant sempre un tracte proper i desenvolupant amb els anys el concepte d'&#8221;esdeveniments a mida&#8221;. S\u00ed, han passat molts anys, comptem ja amb set generacions dedicades a aquest ofici.<\/span><\/p>\t\t\t\t\t\t\t\t<\/div>\n\t\t\t\t<\/div>\n\t\t\t\t<\/div>\n\t\t<div class=\"elementor-element elementor-element-022eac5 e-con-full e-flex e-con e-child\" data-id=\"022eac5\" data-element_type=\"container\" data-e-type=\"container\">\n\t\t\t\t<div class=\"elementor-element elementor-element-0aa41e2 elementor-widget elementor-widget-video\" data-id=\"0aa41e2\" data-element_type=\"widget\" data-e-type=\"widget\" data-settings=\"{&quot;video_type&quot;:&quot;hosted&quot;,&quot;controls&quot;:&quot;yes&quot;}\" data-widget_type=\"video.default\">\n\t\t\t\t<div class=\"elementor-widget-container\">\n\t\t\t\t\t\t\t<div class=\"e-hosted-video elementor-wrapper elementor-open-inline\">\n\t\t\t\t\t<video class=\"elementor-video\" src=\"https:\/\/canribas.com\/wp-content\/uploads\/2025\/07\/Mi-abuela-planto-mil-cipreses-por-toda-la-casa-senalo-el-camino-por-pura-intuicion-y-fueron-est.mp4\" controls=\"\" preload=\"metadata\" controlsList=\"nodownload\"><\/video>\n\t\t\t\t<\/div>\n\t\t\t\t\t\t<\/div>\n\t\t\t\t<\/div>\n\t\t\t\t<\/div>\n\t\t\t\t\t<\/div>\n\t\t\t\t<\/div>\n\t\t<div class=\"elementor-element elementor-element-bb3c291 e-flex e-con-boxed e-con e-parent\" data-id=\"bb3c291\" data-element_type=\"container\" data-e-type=\"container\" data-settings=\"{&quot;background_background&quot;:&quot;classic&quot;}\">\n\t\t\t\t\t<div class=\"e-con-inner\">\n\t\t\t\t<div class=\"elementor-element elementor-element-05b18d9 elementor-widget elementor-widget-gallery\" data-id=\"05b18d9\" data-element_type=\"widget\" data-e-type=\"widget\" data-settings=\"{&quot;gallery_layout&quot;:&quot;masonry&quot;,&quot;columns&quot;:3,&quot;columns_tablet&quot;:4,&quot;columns_mobile&quot;:1,&quot;gap&quot;:{&quot;unit&quot;:&quot;px&quot;,&quot;size&quot;:10,&quot;sizes&quot;:[]},&quot;gap_tablet&quot;:{&quot;unit&quot;:&quot;px&quot;,&quot;size&quot;:10,&quot;sizes&quot;:[]},&quot;gap_mobile&quot;:{&quot;unit&quot;:&quot;px&quot;,&quot;size&quot;:10,&quot;sizes&quot;:[]},&quot;content_hover_animation&quot;:&quot;fade-in&quot;}\" data-widget_type=\"gallery.default\">\n\t\t\t\t<div class=\"elementor-widget-container\">\n\t\t\t\t\t\t\t<div class=\"elementor-gallery__container\">\n\t\t\t\t\t\t\t<div class=\"e-gallery-item elementor-gallery-item elementor-animated-content\">\n\t\t\t\t\t<div class=\"e-gallery-image elementor-gallery-item__image\" data-thumbnail=\"https:\/\/canribas.com\/wp-content\/uploads\/2024\/08\/5-3-e1722509260467.webp\" data-width=\"2245\" data-height=\"1587\" aria-label=\"\" role=\"img\" ><\/div>\n\t\t\t\t\t\t\t\t\t\t\t\t\t\t<\/div>\n\t\t\t\t\t\t\t<div class=\"e-gallery-item elementor-gallery-item elementor-animated-content\">\n\t\t\t\t\t<div class=\"e-gallery-image elementor-gallery-item__image\" data-thumbnail=\"https:\/\/canribas.com\/wp-content\/uploads\/2025\/07\/5.webp\" data-width=\"800\" data-height=\"566\" aria-label=\"\" role=\"img\" ><\/div>\n\t\t\t\t\t\t\t\t\t\t\t\t\t\t<\/div>\n\t\t\t\t\t\t\t<div class=\"e-gallery-item elementor-gallery-item elementor-animated-content\">\n\t\t\t\t\t<div class=\"e-gallery-image elementor-gallery-item__image\" data-thumbnail=\"https:\/\/canribas.com\/wp-content\/uploads\/2025\/07\/primos-jugando.webp\" data-width=\"800\" data-height=\"566\" aria-label=\"\" role=\"img\" ><\/div>\n\t\t\t\t\t\t\t\t\t\t\t\t\t\t<\/div>\n\t\t\t\t\t\t\t<div class=\"e-gallery-item elementor-gallery-item elementor-animated-content\">\n\t\t\t\t\t<div class=\"e-gallery-image elementor-gallery-item__image\" data-thumbnail=\"https:\/\/canribas.com\/wp-content\/uploads\/2025\/07\/1-5.webp\" data-width=\"800\" data-height=\"564\" aria-label=\"\" role=\"img\" ><\/div>\n\t\t\t\t\t\t\t\t\t\t\t\t\t\t<\/div>\n\t\t\t\t\t\t\t<div class=\"e-gallery-item elementor-gallery-item elementor-animated-content\">\n\t\t\t\t\t<div class=\"e-gallery-image elementor-gallery-item__image\" data-thumbnail=\"https:\/\/canribas.com\/wp-content\/uploads\/2025\/07\/fam-comida-1.webp\" data-width=\"800\" data-height=\"566\" aria-label=\"\" role=\"img\" ><\/div>\n\t\t\t\t\t\t\t\t\t\t\t\t\t\t<\/div>\n\t\t\t\t\t\t\t<div class=\"e-gallery-item elementor-gallery-item elementor-animated-content\">\n\t\t\t\t\t<div class=\"e-gallery-image elementor-gallery-item__image\" data-thumbnail=\"https:\/\/canribas.com\/wp-content\/uploads\/2025\/07\/camino-cipreses-1-1.webp\" data-width=\"800\" data-height=\"566\" aria-label=\"\" role=\"img\" ><\/div>\n\t\t\t\t\t\t\t\t\t\t\t\t\t\t<\/div>\n\t\t\t\t\t\t\t<div class=\"e-gallery-item elementor-gallery-item elementor-animated-content\">\n\t\t\t\t\t<div class=\"e-gallery-image elementor-gallery-item__image\" data-thumbnail=\"https:\/\/canribas.com\/wp-content\/uploads\/2024\/08\/0020.jpg\" data-width=\"1024\" data-height=\"683\" aria-label=\"\" role=\"img\" ><\/div>\n\t\t\t\t\t\t\t\t\t\t\t\t\t\t<\/div>\n\t\t\t\t\t\t\t<div class=\"e-gallery-item elementor-gallery-item elementor-animated-content\">\n\t\t\t\t\t<div class=\"e-gallery-image elementor-gallery-item__image\" data-thumbnail=\"https:\/\/canribas.com\/wp-content\/uploads\/2024\/08\/can-ribas-historia-2-2.jpg\" data-width=\"404\" data-height=\"269\" aria-label=\"\" role=\"img\" ><\/div>\n\t\t\t\t\t\t\t\t\t\t\t\t\t\t<\/div>\n\t\t\t\t\t\t\t<div class=\"e-gallery-item elementor-gallery-item elementor-animated-content\">\n\t\t\t\t\t<div class=\"e-gallery-image elementor-gallery-item__image\" data-thumbnail=\"https:\/\/canribas.com\/wp-content\/uploads\/2025\/07\/nueva-scaled-2.webp\" data-width=\"799\" data-height=\"533\" aria-label=\"\" role=\"img\" ><\/div>\n\t\t\t\t\t\t\t\t\t\t\t\t\t\t<\/div>\n\t\t\t\t\t<\/div>\n\t\t\t\t\t<\/div>\n\t\t\t\t<\/div>\n\t\t\t\t\t<\/div>\n\t\t\t\t<\/div>\n\t\t<div class=\"elementor-element elementor-element-2eaee1b e-flex e-con-boxed e-con e-parent\" data-id=\"2eaee1b\" data-element_type=\"container\" data-e-type=\"container\" data-settings=\"{&quot;background_background&quot;:&quot;classic&quot;}\">\n\t\t\t\t\t<div class=\"e-con-inner\">\n\t\t\t\t<div class=\"elementor-element elementor-element-b9753cd elementor-widget elementor-widget-text-editor\" data-id=\"b9753cd\" data-element_type=\"widget\" data-e-type=\"widget\" data-widget_type=\"text-editor.default\">\n\t\t\t\t<div class=\"elementor-widget-container\">\n\t\t\t\t\t\t\t\t\t<p><span style=\"font-weight: 400;\">Aquesta casa i aquesta hist\u00f2ria tamb\u00e9 us pertanyen a vosaltres, perqu\u00e8 no vam construir aquest lloc pensant en fer casaments, sin\u00f3 que un dia alg\u00fa es va voler casar aqu\u00ed i li vam seguir el corrent sense saber on ens portaria. Uns us vau trobar la casa feta i altres per fer, per\u00f2 junts vam anar construint aquesta hist\u00f2ria.<\/span><\/p><p><span style=\"font-weight: 400;\">I per aix\u00f2, amb orgull, et dic: &#8220;<\/span><b>casa nostra \u00e9s casa vostra<\/b><span style=\"font-weight: 400;\">&#8220;.<\/span><\/p>\t\t\t\t\t\t\t\t<\/div>\n\t\t\t\t<\/div>\n\t\t\t\t\t<\/div>\n\t\t\t\t<\/div>\n\t\t<div class=\"elementor-element elementor-element-207b6d8 e-flex e-con-boxed e-con e-parent\" data-id=\"207b6d8\" data-element_type=\"container\" data-e-type=\"container\" data-settings=\"{&quot;background_background&quot;:&quot;classic&quot;,&quot;shape_divider_top&quot;:&quot;book&quot;}\">\n\t\t\t\t\t<div class=\"e-con-inner\">\n\t\t\t\t<div class=\"elementor-shape elementor-shape-top\" aria-hidden=\"true\" data-negative=\"false\">\n\t\t\t<svg xmlns=\"http:\/\/www.w3.org\/2000\/svg\" viewBox=\"0 0 1000 100\" preserveAspectRatio=\"none\">\n\t<path class=\"elementor-shape-fill\" d=\"M194,99c186.7,0.7,305-78.3,306-97.2c1,18.9,119.3,97.9,306,97.2c114.3-0.3,194,0.3,194,0.3s0-91.7,0-100c0,0,0,0,0-0 L0,0v99.3C0,99.3,79.7,98.7,194,99z\"\/>\n<\/svg>\t\t<\/div>\n\t\t<div class=\"elementor-element elementor-element-2a19b53 e-con-full e-flex e-con e-child\" data-id=\"2a19b53\" data-element_type=\"container\" data-e-type=\"container\">\n\t\t\t\t<div class=\"elementor-element elementor-element-7cf7779 elementor-widget elementor-widget-heading\" data-id=\"7cf7779\" data-element_type=\"widget\" data-e-type=\"widget\" data-widget_type=\"heading.default\">\n\t\t\t\t<div class=\"elementor-widget-container\">\n\t\t\t\t\t<h2 class=\"elementor-heading-title elementor-size-default\">El nostre equip:<\/h2>\t\t\t\t<\/div>\n\t\t\t\t<\/div>\n\t\t\t\t<div class=\"elementor-element elementor-element-919fb75 elementor-widget elementor-widget-heading\" data-id=\"919fb75\" data-element_type=\"widget\" data-e-type=\"widget\" data-widget_type=\"heading.default\">\n\t\t\t\t<div class=\"elementor-widget-container\">\n\t\t\t\t\t<h3 class=\"elementor-heading-title elementor-size-default\"> Nom\u00e9s vas haver d'explicar-nos els teus somnis i des d'aquell moment el nostre equip va comen\u00e7ar a treballar per donar vida a les teves il\u00b7lusions\n<\/h3>\t\t\t\t<\/div>\n\t\t\t\t<\/div>\n\t\t\t\t<\/div>\n\t\t<div class=\"elementor-element elementor-element-d24efc2 e-con-full e-flex e-con e-child\" data-id=\"d24efc2\" data-element_type=\"container\" data-e-type=\"container\">\n\t\t\t\t<div class=\"elementor-element elementor-element-1e426e1 elementor-widget__width-initial elementor-widget elementor-widget-video\" data-id=\"1e426e1\" data-element_type=\"widget\" data-e-type=\"widget\" data-settings=\"{&quot;video_type&quot;:&quot;hosted&quot;,&quot;show_image_overlay&quot;:&quot;yes&quot;,&quot;image_overlay&quot;:{&quot;url&quot;:&quot;https:\\\/\\\/canribas.com\\\/wp-content\\\/uploads\\\/2024\\\/08\\\/6151ca52-6388-47f1-a2b1-a01ccdd47828.jpg&quot;,&quot;id&quot;:20331,&quot;size&quot;:&quot;&quot;,&quot;alt&quot;:&quot;&quot;,&quot;source&quot;:&quot;library&quot;},&quot;controls&quot;:&quot;yes&quot;}\" data-widget_type=\"video.default\">\n\t\t\t\t<div class=\"elementor-widget-container\">\n\t\t\t\t\t\t\t<div class=\"e-hosted-video elementor-wrapper elementor-open-inline\">\n\t\t\t\t\t<video class=\"elementor-video\" src=\"https:\/\/canribas.com\/wp-content\/uploads\/2025\/07\/Sentarnos-sentirnos-y-celebrar.-De-esto-va-lo-nuestro.-El-alma-de-Can-Ribas.-Mas-que-un-equipo.mp4\" controls=\"\" preload=\"metadata\" controlsList=\"nodownload\"><\/video>\n\t\t\t\t\t\t<div class=\"elementor-custom-embed-image-overlay\" style=\"background-image: url(https:\/\/canribas.com\/wp-content\/uploads\/2024\/08\/6151ca52-6388-47f1-a2b1-a01ccdd47828.jpg);\">\n\t\t\t\t\t\t\t\t\t\t\t\t\t\t\t\t<div class=\"elementor-custom-embed-play\" role=\"button\" aria-label=\"Reprodueix v\u00eddeo\" tabindex=\"0\">\n\t\t\t\t\t\t\t<svg aria-hidden=\"true\" class=\"e-font-icon-svg e-eicon-play\" viewBox=\"0 0 1000 1000\" xmlns=\"http:\/\/www.w3.org\/2000\/svg\"><path d=\"M838 162C746 71 633 25 500 25 371 25 258 71 163 162 71 254 25 367 25 500 25 633 71 746 163 837 254 929 367 979 500 979 633 979 746 933 838 837 929 746 975 633 975 500 975 367 929 254 838 162M808 192C892 279 933 379 933 500 933 621 892 725 808 808 725 892 621 938 500 938 379 938 279 896 196 808 113 725 67 621 67 500 67 379 108 279 196 192 279 108 383 62 500 62 621 62 721 108 808 192M438 392V642L642 517 438 392Z\"><\/path><\/svg>\t\t\t\t\t\t<\/div>\n\t\t\t\t\t\t\t\t\t<\/div>\n\t\t\t\t\t<\/div>\n\t\t\t\t\t\t<\/div>\n\t\t\t\t<\/div>\n\t\t\t\t<\/div>\n\t\t<div class=\"elementor-element elementor-element-f2d2e7e e-con-full e-flex e-con e-child\" data-id=\"f2d2e7e\" data-element_type=\"container\" data-e-type=\"container\">\n\t\t\t\t<div class=\"elementor-element elementor-element-32a9bd9 elementor-widget elementor-widget-text-editor\" data-id=\"32a9bd9\" data-element_type=\"widget\" data-e-type=\"widget\" data-widget_type=\"text-editor.default\">\n\t\t\t\t<div class=\"elementor-widget-container\">\n\t\t\t\t\t\t\t\t\t<p><span style=\"font-weight: 400;\">El teu dia \u00e9s el nostre dia, i treballem perqu\u00e8 sigui inoblidable. Amb la professionalitat d&#8217;un equip, amb la intimitat i la confian\u00e7a d&#8217;una fam\u00edlia. Des que vam fer de casa nostra una masia per a esdeveniments, celebracions i festes, vivim cada esdeveniment com a propi. Hi posem el cor, i alguna cosa m\u00e9s, una atenci\u00f3 personal per a la teva tranquil\u00b7litat. Les nostres wedding planners s\u00f3n les que diuen &#8220;s\u00ed, ho farem&#8221; mentre tu encara penses &#8220;M&#8217;encantaria fer aix\u00f2, per\u00f2 no s\u00e9&#8230; no ser\u00e0 una ximpleria?&#8221;. Elles t&#8217;acompanyaran durant tota la preparaci\u00f3.<\/span><\/p><p><span style=\"font-weight: 400;\">Els de negre, s\u00f3n les mans, el cor. Cosir un bot\u00f3, portar el ram, adobar el vestit, assegurar-se que gaudeixis de l&#8217;aperitiu, recordar les paraules a l&#8217;\u00e0via, apropar el mocador, netejar el r\u00edmel, somriure amb tu perqu\u00e8 tamb\u00e9 senten que \u00e9s el seu casament, abra\u00e7ar i acompanyar perqu\u00e8 visquis i sentis l&#8217;emoci\u00f3 del teu gran dia.<\/span><\/p><p><span style=\"font-weight: 400;\">Ells s\u00f3n el cor batent de Can Ribas avui, dedicats a qu\u00e8 cada detall, des de la planificaci\u00f3 fins al darrer brindis, superi les teves expectatives.<\/span><\/p><p><span style=\"font-weight: 400;\">Tu brilla, que de la resta ens en cuidem nosaltres.<\/span><\/p>\t\t\t\t\t\t\t\t<\/div>\n\t\t\t\t<\/div>\n\t\t\t\t<\/div>\n\t\t\t\t\t<\/div>\n\t\t\t\t<\/div>\n\t\t\t\t<\/div>\n\t\t","protected":false},"excerpt":{"rendered":"<p>TENIM HIST\u00d2RIA, PER\u00d2 SOBRETOT TENIM HIST\u00d2RIES Francesc Parellada, Paco, era el propietari de la Fonda Europa de Granollers. Una fonda hist\u00f2rica que, amb diversos noms i molt d&#8217;esfor\u00e7 havia passat de pares a fills des de la seva fundaci\u00f3, a finals del s. XVIII, de la m\u00e0 de la seva tatar\u00e0via Sila Camilo. Francesc Parellada [&hellip;]<\/p>\n","protected":false},"author":5,"featured_media":0,"parent":0,"menu_order":0,"comment_status":"closed","ping_status":"closed","template":"","meta":{"footnotes":""},"class_list":["post-24305","page","type-page","status-publish","hentry"],"_links":{"self":[{"href":"https:\/\/canribas.com\/ca\/wp-json\/wp\/v2\/pages\/24305","targetHints":{"allow":["GET"]}}],"collection":[{"href":"https:\/\/canribas.com\/ca\/wp-json\/wp\/v2\/pages"}],"about":[{"href":"https:\/\/canribas.com\/ca\/wp-json\/wp\/v2\/types\/page"}],"author":[{"embeddable":true,"href":"https:\/\/canribas.com\/ca\/wp-json\/wp\/v2\/users\/5"}],"replies":[{"embeddable":true,"href":"https:\/\/canribas.com\/ca\/wp-json\/wp\/v2\/comments?post=24305"}],"version-history":[{"count":11,"href":"https:\/\/canribas.com\/ca\/wp-json\/wp\/v2\/pages\/24305\/revisions"}],"predecessor-version":[{"id":24727,"href":"https:\/\/canribas.com\/ca\/wp-json\/wp\/v2\/pages\/24305\/revisions\/24727"}],"wp:attachment":[{"href":"https:\/\/canribas.com\/ca\/wp-json\/wp\/v2\/media?parent=24305"}],"curies":[{"name":"wp","href":"https:\/\/api.w.org\/{rel}","templated":true}]}}