{"id":24325,"date":"2025-09-23T17:34:03","date_gmt":"2025-09-23T17:34:03","guid":{"rendered":"https:\/\/canribas.com\/?page_id=24325"},"modified":"2025-10-06T17:03:17","modified_gmt":"2025-10-06T17:03:17","slug":"testimonis","status":"publish","type":"page","link":"https:\/\/canribas.com\/ca\/testimonis\/","title":{"rendered":"Testimonis"},"content":{"rendered":"\t\t<div data-elementor-type=\"wp-page\" data-elementor-id=\"24325\" class=\"elementor elementor-24325 elementor-22956\" data-elementor-post-type=\"page\">\n\t\t\t\t<div class=\"elementor-element elementor-element-d9028c3 e-flex e-con-boxed e-con e-parent\" data-id=\"d9028c3\" data-element_type=\"container\" data-e-type=\"container\">\n\t\t\t\t\t<div class=\"e-con-inner\">\n\t\t\t\t<div class=\"elementor-element elementor-element-9776568 elementor-widget elementor-widget-heading\" data-id=\"9776568\" data-element_type=\"widget\" data-e-type=\"widget\" data-widget_type=\"heading.default\">\n\t\t\t\t<div class=\"elementor-widget-container\">\n\t\t\t\t\t<h1 class=\"elementor-heading-title elementor-size-default\">DEIXA'T INSPIRAR PELS MOMENTS INOBLIDABLES VISCUTS A CAN RIBAS\n<\/h1>\t\t\t\t<\/div>\n\t\t\t\t<\/div>\n\t\t\t\t\t<\/div>\n\t\t\t\t<\/div>\n\t\t<div class=\"elementor-element elementor-element-84c3460 e-flex e-con-boxed e-con e-parent\" data-id=\"84c3460\" data-element_type=\"container\" data-e-type=\"container\">\n\t\t\t\t\t<div class=\"e-con-inner\">\n\t\t<div class=\"elementor-element elementor-element-a182c67 e-con-full e-flex e-con e-child\" data-id=\"a182c67\" data-element_type=\"container\" data-e-type=\"container\">\n\t\t\t\t<div class=\"elementor-element elementor-element-21a5533 elementor-widget elementor-widget-text-editor\" data-id=\"21a5533\" data-element_type=\"widget\" data-e-type=\"widget\" data-widget_type=\"text-editor.default\">\n\t\t\t\t<div class=\"elementor-widget-container\">\n\t\t\t\t\t\t\t\t\t<p><span style=\"font-weight: 400;\">A Can Ribas, no nom\u00e9s obrim les nostres portes; obrim el nostre cor. Durant m\u00e9s de 40 anys, i amb una her\u00e8ncia familiar de dos segles dedicada a la gastronomia i la restauraci\u00f3, hem estat els amfitrions dels moments m\u00e9s transcendentals de les vostres vides. No som un simple tel\u00f3 de fons, som la llar on cada aniversari, comuni\u00f3, noces d&#8217;argent o celebraci\u00f3 empresarial es transforma en una experi\u00e8ncia \u00edntima, propera i profundament acollidora. Aqu\u00ed, sentir\u00e0s des del primer instant que ets part de la nostra fam\u00edlia, creant records que es nien per sempre. Sempre atents al mercat, seleccionem productes d&#8217;alta qualitat i proximitat, explorant noves t\u00e8cniques perqu\u00e8 cada plat sigui una del\u00edcia i cada esdeveniment, una obra mestra.<\/span><\/p>\t\t\t\t\t\t\t\t<\/div>\n\t\t\t\t<\/div>\n\t\t\t\t<\/div>\n\t\t<div class=\"elementor-element elementor-element-e2dc9f8 e-con-full e-flex e-con e-child\" data-id=\"e2dc9f8\" data-element_type=\"container\" data-e-type=\"container\">\n\t\t\t\t<div class=\"elementor-element elementor-element-da7f5ad elementor-widget__width-initial elementor-widget elementor-widget-video\" data-id=\"da7f5ad\" data-element_type=\"widget\" data-e-type=\"widget\" data-settings=\"{&quot;video_type&quot;:&quot;hosted&quot;,&quot;show_image_overlay&quot;:&quot;yes&quot;,&quot;image_overlay&quot;:{&quot;url&quot;:&quot;https:\\\/\\\/canribas.com\\\/wp-content\\\/uploads\\\/2024\\\/08\\\/0020.jpg&quot;,&quot;id&quot;:20480,&quot;size&quot;:&quot;&quot;,&quot;alt&quot;:&quot;&quot;,&quot;source&quot;:&quot;library&quot;},&quot;controls&quot;:&quot;yes&quot;}\" data-widget_type=\"video.default\">\n\t\t\t\t<div class=\"elementor-widget-container\">\n\t\t\t\t\t\t\t<div class=\"e-hosted-video elementor-wrapper elementor-open-inline\">\n\t\t\t\t\t<video class=\"elementor-video\" src=\"https:\/\/canribas.com\/wp-content\/uploads\/2025\/07\/can_ribas_las_parejas_optimizado.mp4\" controls=\"\" preload=\"metadata\" controlsList=\"nodownload\"><\/video>\n\t\t\t\t\t\t<div class=\"elementor-custom-embed-image-overlay\" style=\"background-image: url(https:\/\/canribas.com\/wp-content\/uploads\/2024\/08\/0020.jpg);\">\n\t\t\t\t\t\t\t\t\t\t\t\t\t\t\t\t<div class=\"elementor-custom-embed-play\" role=\"button\" aria-label=\"Reprodueix v\u00eddeo\" tabindex=\"0\">\n\t\t\t\t\t\t\t<svg aria-hidden=\"true\" class=\"e-font-icon-svg e-eicon-play\" viewBox=\"0 0 1000 1000\" xmlns=\"http:\/\/www.w3.org\/2000\/svg\"><path d=\"M838 162C746 71 633 25 500 25 371 25 258 71 163 162 71 254 25 367 25 500 25 633 71 746 163 837 254 929 367 979 500 979 633 979 746 933 838 837 929 746 975 633 975 500 975 367 929 254 838 162M808 192C892 279 933 379 933 500 933 621 892 725 808 808 725 892 621 938 500 938 379 938 279 896 196 808 113 725 67 621 67 500 67 379 108 279 196 192 279 108 383 62 500 62 621 62 721 108 808 192M438 392V642L642 517 438 392Z\"><\/path><\/svg>\t\t\t\t\t\t<\/div>\n\t\t\t\t\t\t\t\t\t<\/div>\n\t\t\t\t\t<\/div>\n\t\t\t\t\t\t<\/div>\n\t\t\t\t<\/div>\n\t\t\t\t<\/div>\n\t\t\t\t\t<\/div>\n\t\t\t\t<\/div>\n\t\t<div class=\"elementor-element elementor-element-1fc7d70 e-flex e-con-boxed e-con e-parent\" data-id=\"1fc7d70\" data-element_type=\"container\" data-e-type=\"container\">\n\t\t\t\t\t<div class=\"e-con-inner\">\n\t\t\t\t<div class=\"elementor-element elementor-element-550bbf8 elementor-widget elementor-widget-heading\" data-id=\"550bbf8\" data-element_type=\"widget\" data-e-type=\"widget\" data-widget_type=\"heading.default\">\n\t\t\t\t<div class=\"elementor-widget-container\">\n\t\t\t\t\t<h2 class=\"elementor-heading-title elementor-size-default\">El nostre \u00e0lbum d'hist\u00f2ries:<br>Mem\u00f2ries compartides de qui van deixar empremta\n<\/h2>\t\t\t\t<\/div>\n\t\t\t\t<\/div>\n\t\t\t\t<div class=\"elementor-element elementor-element-2ac56df elementor-widget elementor-widget-text-editor\" data-id=\"2ac56df\" data-element_type=\"widget\" data-e-type=\"widget\" data-widget_type=\"text-editor.default\">\n\t\t\t\t<div class=\"elementor-widget-container\">\n\t\t\t\t\t\t\t\t\t<p><span style=\"font-weight: 400;\">Al llarg dels anys hem compartit moments \u00fanics amb tantes parelles, que sentim la necessitat d&#8217;aturar-nos, reviure&#8217;ls i compartir-los amb vosaltres. Can Ribas \u00e9s de totes aquestes parelles que han deixat aqu\u00ed un trosset del seu cor el dia del seu casament. Els seus records, les seves emocions i les seves hist\u00f2ries formen tamb\u00e9 la nostra.<\/span><\/p><p><span style=\"font-weight: 400;\">Ara volem obrir aquest \u00e0lbum com\u00fa per a tothom. Cada mes, trobareu un nou cap\u00edtol al nostre canal de YouTube.<\/span><\/p>\t\t\t\t\t\t\t\t<\/div>\n\t\t\t\t<\/div>\n\t\t\t\t<div class=\"elementor-element elementor-element-39bed43 elementor-align-center elementor-widget elementor-widget-button\" data-id=\"39bed43\" data-element_type=\"widget\" data-e-type=\"widget\" data-widget_type=\"button.default\">\n\t\t\t\t<div class=\"elementor-widget-container\">\n\t\t\t\t\t\t\t\t\t<div class=\"elementor-button-wrapper\">\n\t\t\t\t\t<a class=\"elementor-button elementor-button-link elementor-size-sm\" href=\"https:\/\/www.youtube.com\/watch?v=6vrv2Z3S3x8&#038;list=PLHpMFGq_Q8fnNbQ112KQ-spqLoJ2eM0Va\" target=\"_blank\" rel=\"noopener\">\n\t\t\t\t\t\t<span class=\"elementor-button-content-wrapper\">\n\t\t\t\t\t\t\t\t\t<span class=\"elementor-button-text\">Descobrir m\u00e9s hist\u00f2ries<\/span>\n\t\t\t\t\t<\/span>\n\t\t\t\t\t<\/a>\n\t\t\t\t<\/div>\n\t\t\t\t\t\t\t\t<\/div>\n\t\t\t\t<\/div>\n\t\t\t\t\t<\/div>\n\t\t\t\t<\/div>\n\t\t<div class=\"elementor-element elementor-element-7e4dffb e-flex e-con-boxed e-con e-parent\" data-id=\"7e4dffb\" data-element_type=\"container\" data-e-type=\"container\">\n\t\t\t\t\t<div class=\"e-con-inner\">\n\t\t<div class=\"elementor-element elementor-element-6d7a058 e-con-full e-flex e-con e-child\" data-id=\"6d7a058\" data-element_type=\"container\" data-e-type=\"container\">\n\t\t\t\t<div class=\"elementor-element elementor-element-061be9b elementor-widget elementor-widget-video\" data-id=\"061be9b\" data-element_type=\"widget\" data-e-type=\"widget\" data-settings=\"{&quot;youtube_url&quot;:&quot;https:\\\/\\\/www.youtube.com\\\/watch?v=KwjIGq9Q2L4&quot;,&quot;video_type&quot;:&quot;youtube&quot;,&quot;controls&quot;:&quot;yes&quot;}\" data-widget_type=\"video.default\">\n\t\t\t\t<div class=\"elementor-widget-container\">\n\t\t\t\t\t\t\t<div class=\"elementor-wrapper elementor-open-inline\">\n\t\t\t<div class=\"elementor-video\"><\/div>\t\t<\/div>\n\t\t\t\t\t\t<\/div>\n\t\t\t\t<\/div>\n\t\t\t\t<\/div>\n\t\t<div class=\"elementor-element elementor-element-52f5828 e-con-full e-flex e-con e-child\" data-id=\"52f5828\" data-element_type=\"container\" data-e-type=\"container\">\n\t\t\t\t<div class=\"elementor-element elementor-element-ca73aba elementor-widget elementor-widget-video\" data-id=\"ca73aba\" data-element_type=\"widget\" data-e-type=\"widget\" data-settings=\"{&quot;youtube_url&quot;:&quot;https:\\\/\\\/www.youtube.com\\\/watch?v=bHJGmm8nnxE&quot;,&quot;video_type&quot;:&quot;youtube&quot;,&quot;controls&quot;:&quot;yes&quot;}\" data-widget_type=\"video.default\">\n\t\t\t\t<div class=\"elementor-widget-container\">\n\t\t\t\t\t\t\t<div class=\"elementor-wrapper elementor-open-inline\">\n\t\t\t<div class=\"elementor-video\"><\/div>\t\t<\/div>\n\t\t\t\t\t\t<\/div>\n\t\t\t\t<\/div>\n\t\t\t\t<\/div>\n\t\t<div class=\"elementor-element elementor-element-a863b32 e-con-full e-flex e-con e-child\" data-id=\"a863b32\" data-element_type=\"container\" data-e-type=\"container\">\n\t\t\t\t<div class=\"elementor-element elementor-element-0a240c1 elementor-widget elementor-widget-video\" data-id=\"0a240c1\" data-element_type=\"widget\" data-e-type=\"widget\" data-settings=\"{&quot;youtube_url&quot;:&quot;https:\\\/\\\/www.youtube.com\\\/watch?v=6vrv2Z3S3x8&quot;,&quot;video_type&quot;:&quot;youtube&quot;,&quot;controls&quot;:&quot;yes&quot;}\" data-widget_type=\"video.default\">\n\t\t\t\t<div class=\"elementor-widget-container\">\n\t\t\t\t\t\t\t<div class=\"elementor-wrapper elementor-open-inline\">\n\t\t\t<div class=\"elementor-video\"><\/div>\t\t<\/div>\n\t\t\t\t\t\t<\/div>\n\t\t\t\t<\/div>\n\t\t\t\t<\/div>\n\t\t\t\t\t<\/div>\n\t\t\t\t<\/div>\n\t\t<div class=\"elementor-element elementor-element-5b3cb84 e-flex e-con-boxed e-con e-parent\" data-id=\"5b3cb84\" data-element_type=\"container\" data-e-type=\"container\">\n\t\t\t\t\t<div class=\"e-con-inner\">\n\t\t\t\t<div class=\"elementor-element elementor-element-01485bb elementor-widget elementor-widget-heading\" data-id=\"01485bb\" data-element_type=\"widget\" data-e-type=\"widget\" data-widget_type=\"heading.default\">\n\t\t\t\t<div class=\"elementor-widget-container\">\n\t\t\t\t\t<h2 class=\"elementor-heading-title elementor-size-default\">Can Ribas: <br> Un llegat d'emocions, una llar per als vostres moments.\n\n<\/h2>\t\t\t\t<\/div>\n\t\t\t\t<\/div>\n\t\t\t\t<div class=\"elementor-element elementor-element-39452f2 elementor-widget elementor-widget-text-editor\" data-id=\"39452f2\" data-element_type=\"widget\" data-e-type=\"widget\" data-widget_type=\"text-editor.default\">\n\t\t\t\t<div class=\"elementor-widget-container\">\n\t\t\t\t\t\t\t\t\t<p><span style=\"font-weight: 400;\">Nom\u00e9s a 35 minuts del bullici de Barcelona, Can Ribas t&#8217;invita a un santuari de pau i celebraci\u00f3. Aqu\u00ed, el temps s&#8217;atura entre la majestuositat dels nostres xiprers centenaris, la rica hist\u00f2ria que empapa cada rac\u00f3 i l&#8217;emoci\u00f3 que es respira a l&#8217;aire. Un lloc on la natura abra\u00e7a els teus somnis i la hist\u00f2ria s&#8217;entrella\u00e7a amb els vostres nous comen\u00e7aments.<\/span><\/p>\t\t\t\t\t\t\t\t<\/div>\n\t\t\t\t<\/div>\n\t\t<div class=\"elementor-element elementor-element-039ae16 e-con-full e-flex e-con e-child\" data-id=\"039ae16\" data-element_type=\"container\" data-e-type=\"container\">\n\t\t<div class=\"elementor-element elementor-element-c52dea1 e-con-full e-flex e-con e-child\" data-id=\"c52dea1\" data-element_type=\"container\" data-e-type=\"container\">\n\t\t\t\t<div class=\"elementor-element elementor-element-b1bd07c elementor-widget elementor-widget-html\" data-id=\"b1bd07c\" data-element_type=\"widget\" data-e-type=\"widget\" data-widget_type=\"html.default\">\n\t\t\t\t<div class=\"elementor-widget-container\">\n\t\t\t\t\t<!-- Contenedor del carrusel -->\r\n<div class=\"mi-carrusel swiper\">\r\n  <div class=\"swiper-wrapper\">\r\n    \r\n    <!-- Slide 1 -->\r\n    <div class=\"swiper-slide\">\r\n      <div class=\"testimonio-comentario\">\r\n        Gr\u00e0cies per fer realitat els nostres somnis. Menjar espectacular i un equip que ens va cuidar molt..\r\n      <\/div>\r\n      <div class=\"testimonio-meta\">\r\n        <span class=\"testimonio-nombre\">Ariadna i Marc<\/span>\r\n        <span class=\"testimonio-fecha\">08\/11\/2024<\/span>\r\n      <\/div>\r\n    <\/div>\r\n    \r\n    <!-- Slide 2 -->\r\n    <div class=\"swiper-slide\">\r\n      <div class=\"testimonio-comentario\">\r\n        Des de Sud-\u00e0frica, gr\u00e0cies per fer del nostre casament un dia tan especial. Servei atent, menjar insuperable i un entorn espectacular.\r\n      <\/div>\r\n      <div class=\"testimonio-meta\">\r\n        <span class=\"testimonio-nombre\">Joaqu\u00edn i M\u00f3nica<\/span>\r\n        <span class=\"testimonio-fecha\">01\/03\/2025<\/span>\r\n      <\/div>\r\n    <\/div>\r\n    \r\n    <!-- Slide 3 -->\r\n    <div class=\"swiper-slide\">\r\n      <div class=\"testimonio-comentario\">\r\n        Gr\u00e0cies per fer-nos sentir \u00fanics i per un casament espectacular que mai oblidarem.\r\n      <\/div>\r\n      <div class=\"testimonio-meta\">\r\n        <span class=\"testimonio-nombre\">Marc i Nuria<\/span>\r\n        <span class=\"testimonio-fecha\">29\/06\/2024<\/span>\r\n      <\/div>\r\n    <\/div>\r\n    \r\n    <!-- Slide 4 -->\r\n    <div class=\"swiper-slide\">\r\n      <div class=\"testimonio-comentario\">\r\n        Tot perfecte gr\u00e0cies a la vostra dedicaci\u00f3 i professionalitat.\r\n      <\/div>\r\n      <div class=\"testimonio-meta\">\r\n        <span class=\"testimonio-nombre\">Edith i Carlos<\/span>\r\n        <span class=\"testimonio-fecha\">02\/06\/2024<\/span>\r\n      <\/div>\r\n    <\/div>\r\n    \r\n    <!-- Slide 5 -->\r\n    <div class=\"swiper-slide\">\r\n      <div class=\"testimonio-comentario\">\r\n        Entorn magn\u00edfic i equip amable, professional i atent. Excel\u00b7lent feina.\r\n      <\/div>\r\n      <div class=\"testimonio-meta\">\r\n        <span class=\"testimonio-nombre\">Sergi & Yixin<\/span>\r\n        <span class=\"testimonio-fecha\">26\/05\/2024<\/span>\r\n      <\/div>\r\n    <\/div>\r\n    \r\n    <!-- Slide 6 -->\r\n    <div class=\"swiper-slide\">\r\n      <div class=\"testimonio-comentario\">\r\n        Un dia immillorable amb un equip que vam sentir com a fam\u00edlia.\r\n      <\/div>\r\n      <div class=\"testimonio-meta\">\r\n        <span class=\"testimonio-nombre\">Christian i Mireia<\/span>\r\n        <span class=\"testimonio-fecha\">29\/03\/2024<\/span>\r\n      <\/div>\r\n    <\/div>\r\n    \r\n    <!-- Slide 7 -->\r\n    <div class=\"swiper-slide\">\r\n      <div class=\"testimonio-comentario\">\r\n        Uno de los d\u00edas m\u00e1s bonitos de nuestra vida. Gracias por vuestra paciencia y apoyo.\r\n      <\/div>\r\n      <div class=\"testimonio-meta\">\r\n        <span class=\"testimonio-nombre\">Cristina & Dani<\/span>\r\n        <span class=\"testimonio-fecha\">20\/10\/2023<\/span>\r\n      <\/div>\r\n    <\/div>\r\n    \r\n    <!-- Slide 8 -->\r\n    <div class=\"swiper-slide\">\r\n      <div class=\"testimonio-comentario\">\r\n        Gr\u00e0cies per un dia inoblidable i un equip que ens va fer sentir molt cuidats.\r\n      <\/div>\r\n      <div class=\"testimonio-meta\">\r\n        <span class=\"testimonio-nombre\">Anna i Robert<\/span>\r\n        <span class=\"testimonio-fecha\">25\/08\/2023<\/span>\r\n      <\/div>\r\n    <\/div>\r\n  <\/div> \r\n      <!--Puntos de navegacion -->\r\n  <div class=\"swiper-pagination\">\r\n  <\/div>\r\n  \r\n<\/div>\r\n\r\n\r\n\r\n\r\n\r\n\r\n\r\n<script src=\"https:\/\/cdn.jsdelivr.net\/npm\/swiper@10\/swiper-bundle.min.js\"><\/script>\r\n<script>\r\nvar swiper = new Swiper(\".mi-carrusel\", {\r\n  direction: \"vertical\",\r\n  slidesPerView: 3, \r\n  slidesPerGroup: 1,\r\n  spaceBetween: 20,\r\n  loop: true,\r\n  loopedSlides: 5, \r\n  mousewheel: true,\r\n  autoplay: {\r\n    delay: 3000,\r\n    disableOnInteraction: false,\r\n  },\r\n  pagination: {\r\n    el: \".swiper-pagination\",\r\n    clickable: true,\r\n  },\r\n});\r\n<\/script>\r\n\t\t\t\t<\/div>\n\t\t\t\t<\/div>\n\t\t\t\t<\/div>\n\t\t<div class=\"elementor-element elementor-element-a236133 e-con-full e-flex e-con e-child\" data-id=\"a236133\" data-element_type=\"container\" data-e-type=\"container\">\n\t\t\t\t<div class=\"elementor-element elementor-element-fdf3034 elementor-widget elementor-widget-html\" data-id=\"fdf3034\" data-element_type=\"widget\" data-e-type=\"widget\" data-widget_type=\"html.default\">\n\t\t\t\t<div class=\"elementor-widget-container\">\n\t\t\t\t\t<script src=\"https:\/\/cdn1.bodas.net\/js\/wp-widget.js?symfnw-ES171-1-20250909-002_www_m_\"><\/script>\r\n<div id=\"wp-widget-reviews\">\r\n    <div id=\"wp-widget-preview\">\r\n        Lee <a href=\"https:\/\/www.bodas.net\/masias\/can-ribas--e392\/opiniones\" rel=\"nofollow noopener\" target=\"_blank\">nuestras opiniones<\/a> en &nbsp;\r\n        <a href=\"https:\/\/www.bodas.net\" rel=\"nofollow noopener\" target=\"_blank\">\r\n            <img decoding=\"async\" src=\"https:\/\/cdn1.bodas.net\/assets\/img\/logos\/gen_logoHeader.svg\" height=\"20\">\r\n        <\/a>\r\n    <\/div>\r\n<\/div>\r\n<script>wpShowReviews(392, \"white\");<\/script>\t\t\t\t<\/div>\n\t\t\t\t<\/div>\n\t\t\t\t<\/div>\n\t\t\t\t<\/div>\n\t\t\t\t\t<\/div>\n\t\t\t\t<\/div>\n\t\t<div class=\"elementor-element elementor-element-ea8e0f3 e-flex e-con-boxed e-con e-parent\" data-id=\"ea8e0f3\" data-element_type=\"container\" data-e-type=\"container\" data-settings=\"{&quot;shape_divider_top&quot;:&quot;book&quot;,&quot;background_background&quot;:&quot;classic&quot;}\">\n\t\t\t\t\t<div class=\"e-con-inner\">\n\t\t\t\t<div class=\"elementor-shape elementor-shape-top\" aria-hidden=\"true\" data-negative=\"false\">\n\t\t\t<svg xmlns=\"http:\/\/www.w3.org\/2000\/svg\" viewBox=\"0 0 1000 100\" preserveAspectRatio=\"none\">\n\t<path class=\"elementor-shape-fill\" d=\"M194,99c186.7,0.7,305-78.3,306-97.2c1,18.9,119.3,97.9,306,97.2c114.3-0.3,194,0.3,194,0.3s0-91.7,0-100c0,0,0,0,0-0 L0,0v99.3C0,99.3,79.7,98.7,194,99z\"\/>\n<\/svg>\t\t<\/div>\n\t\t\t\t<div class=\"elementor-element elementor-element-0fb9493 elementor-widget elementor-widget-heading\" data-id=\"0fb9493\" data-element_type=\"widget\" data-e-type=\"widget\" data-widget_type=\"heading.default\">\n\t\t\t\t<div class=\"elementor-widget-container\">\n\t\t\t\t\t<h2 class=\"elementor-heading-title elementor-size-default\">I tu, est\u00e0s llest per escriure el teu pr\u00f2xim cap\u00edtol a Can Ribas?<\/h2>\t\t\t\t<\/div>\n\t\t\t\t<\/div>\n\t\t\t\t<div class=\"elementor-element elementor-element-fb9e4c3 elementor-widget elementor-widget-text-editor\" data-id=\"fb9e4c3\" data-element_type=\"widget\" data-e-type=\"widget\" data-widget_type=\"text-editor.default\">\n\t\t\t\t<div class=\"elementor-widget-container\">\n\t\t\t\t\t\t\t\t\t<p><span style=\"font-weight: 400;\">El nostre equip, amb la mateixa passi\u00f3 i dedicaci\u00f3 que ens caracteritza, \u00e9s aqu\u00ed per ajudar-te a dissenyar cada detall d&#8217;aquest dia irrepetible. Permet-nos guiar-te, amb la il\u00b7lusi\u00f3 de sempre i els bra\u00e7os oberts, perqu\u00e8 visquis la celebraci\u00f3 que sempre vas somiar, amb la proximitat i l&#8217;afecte de qui et sent part de la fam\u00edlia.<\/span><\/p>\t\t\t\t\t\t\t\t<\/div>\n\t\t\t\t<\/div>\n\t\t\t\t<div class=\"elementor-element elementor-element-8ba6ea0 elementor-align-center elementor-widget elementor-widget-button\" data-id=\"8ba6ea0\" data-element_type=\"widget\" data-e-type=\"widget\" data-widget_type=\"button.default\">\n\t\t\t\t<div class=\"elementor-widget-container\">\n\t\t\t\t\t\t\t\t\t<div class=\"elementor-button-wrapper\">\n\t\t\t\t\t<a class=\"elementor-button elementor-button-link elementor-size-sm\" href=\"https:\/\/canribas.com\/ca\/contacte\/\">\n\t\t\t\t\t\t<span class=\"elementor-button-content-wrapper\">\n\t\t\t\t\t\t\t\t\t<span class=\"elementor-button-text\">Vull celebrar la meva hist\u00f2ria a Can Ribas<\/span>\n\t\t\t\t\t<\/span>\n\t\t\t\t\t<\/a>\n\t\t\t\t<\/div>\n\t\t\t\t\t\t\t\t<\/div>\n\t\t\t\t<\/div>\n\t\t\t\t<div class=\"elementor-element elementor-element-eb099ac elementor-widget elementor-widget-text-editor\" data-id=\"eb099ac\" data-element_type=\"widget\" data-e-type=\"widget\" data-widget_type=\"text-editor.default\">\n\t\t\t\t<div class=\"elementor-widget-container\">\n\t\t\t\t\t\t\t\t\t<p><span style=\"font-weight: 400;\">Sol\u00b7liciteu la vostra visita i sentiu per qu\u00e8 Can Ribas \u00e9s m\u00e9s que una masia; \u00e9s el principi de la vostra hist\u00f2ria familiar.<\/span><\/p>\t\t\t\t\t\t\t\t<\/div>\n\t\t\t\t<\/div>\n\t\t\t\t\t<\/div>\n\t\t\t\t<\/div>\n\t\t<div class=\"elementor-element elementor-element-5045ae1 e-flex e-con-boxed e-con e-parent\" data-id=\"5045ae1\" data-element_type=\"container\" data-e-type=\"container\">\n\t\t\t\t\t<div class=\"e-con-inner\">\n\t\t\t\t\t<\/div>\n\t\t\t\t<\/div>\n\t\t\t\t<\/div>\n\t\t","protected":false},"excerpt":{"rendered":"<p>DEIXA&#8217;T INSPIRAR PELS MOMENTS INOBLIDABLES VISCUTS A CAN RIBAS A Can Ribas, no nom\u00e9s obrim les nostres portes; obrim el nostre cor. Durant m\u00e9s de 40 anys, i amb una her\u00e8ncia familiar de dos segles dedicada a la gastronomia i la restauraci\u00f3, hem estat els amfitrions dels moments m\u00e9s transcendentals de les vostres vides. No [&hellip;]<\/p>\n","protected":false},"author":5,"featured_media":0,"parent":0,"menu_order":0,"comment_status":"closed","ping_status":"closed","template":"","meta":{"footnotes":""},"class_list":["post-24325","page","type-page","status-publish","hentry"],"_links":{"self":[{"href":"https:\/\/canribas.com\/ca\/wp-json\/wp\/v2\/pages\/24325","targetHints":{"allow":["GET"]}}],"collection":[{"href":"https:\/\/canribas.com\/ca\/wp-json\/wp\/v2\/pages"}],"about":[{"href":"https:\/\/canribas.com\/ca\/wp-json\/wp\/v2\/types\/page"}],"author":[{"embeddable":true,"href":"https:\/\/canribas.com\/ca\/wp-json\/wp\/v2\/users\/5"}],"replies":[{"embeddable":true,"href":"https:\/\/canribas.com\/ca\/wp-json\/wp\/v2\/comments?post=24325"}],"version-history":[{"count":26,"href":"https:\/\/canribas.com\/ca\/wp-json\/wp\/v2\/pages\/24325\/revisions"}],"predecessor-version":[{"id":24751,"href":"https:\/\/canribas.com\/ca\/wp-json\/wp\/v2\/pages\/24325\/revisions\/24751"}],"wp:attachment":[{"href":"https:\/\/canribas.com\/ca\/wp-json\/wp\/v2\/media?parent=24325"}],"curies":[{"name":"wp","href":"https:\/\/api.w.org\/{rel}","templated":true}]}}