{"id":24778,"date":"2026-01-12T08:53:41","date_gmt":"2026-01-12T08:53:41","guid":{"rendered":"https:\/\/canribas.com\/?page_id=24778"},"modified":"2026-03-27T13:41:23","modified_gmt":"2026-03-27T13:41:23","slug":"ceremonia-civil","status":"publish","type":"page","link":"https:\/\/canribas.com\/ca\/ceremonia-civil\/","title":{"rendered":"Cerem\u00f2nia Civi"},"content":{"rendered":"\t\t<div data-elementor-type=\"wp-page\" data-elementor-id=\"24778\" class=\"elementor elementor-24778 elementor-24777\" data-elementor-post-type=\"page\">\n\t\t\t\t<div class=\"elementor-element elementor-element-d00a1d7 e-flex e-con-boxed e-con e-parent\" data-id=\"d00a1d7\" data-element_type=\"container\" data-e-type=\"container\">\n\t\t\t\t\t<div class=\"e-con-inner\">\n\t\t\t\t<div class=\"elementor-element elementor-element-05aefd1 elementor-widget elementor-widget-heading\" data-id=\"05aefd1\" data-element_type=\"widget\" data-e-type=\"widget\" data-widget_type=\"heading.default\">\n\t\t\t\t<div class=\"elementor-widget-container\">\n\t\t\t\t\t<h1 class=\"elementor-heading-title elementor-size-default\">CERIM\u00d2NIA CIVIL<\/h1>\t\t\t\t<\/div>\n\t\t\t\t<\/div>\n\t\t\t\t<div class=\"elementor-element elementor-element-0cd9868 elementor-widget elementor-widget-heading\" data-id=\"0cd9868\" data-element_type=\"widget\" data-e-type=\"widget\" data-widget_type=\"heading.default\">\n\t\t\t\t<div class=\"elementor-widget-container\">\n\t\t\t\t\t<h2 class=\"elementor-heading-title elementor-size-default\">El vostre \"s\u00ed, vull\" sota el cel de Can Ribas: Cerim\u00f2nies civils amb \u00e0nima a Barcelona<\/h2>\t\t\t\t<\/div>\n\t\t\t\t<\/div>\n\t\t\t\t<div class=\"elementor-element elementor-element-e49e930 elementor-widget elementor-widget-text-editor\" data-id=\"e49e930\" data-element_type=\"widget\" data-e-type=\"widget\" data-widget_type=\"text-editor.default\">\n\t\t\t\t<div class=\"elementor-widget-container\">\n\t\t\t\t\t\t\t\t\t<p>Creem l&#8217;escenari perfecte per a la vostra uni\u00f3 amb tota la m\u00e0gia d&#8217;una cerim\u00f2nia personal. Un espai on la naturalesa i la vostra hist\u00f2ria es troben per a fer-vos sentir, senzillament, a casa.<\/p>\t\t\t\t\t\t\t\t<\/div>\n\t\t\t\t<\/div>\n\t\t\t\t<div class=\"elementor-element elementor-element-6c1eaf6 elementor-widget__width-inherit elementor-widget elementor-widget-image\" data-id=\"6c1eaf6\" data-element_type=\"widget\" data-e-type=\"widget\" data-widget_type=\"image.default\">\n\t\t\t\t<div class=\"elementor-widget-container\">\n\t\t\t\t\t\t\t\t\t\t\t\t\t\t\t<img fetchpriority=\"high\" decoding=\"async\" width=\"1500\" height=\"1000\" src=\"https:\/\/canribas.com\/wp-content\/uploads\/2024\/08\/2019-Carles-i-Natalia_web_0260.jpg\" class=\"attachment-full size-full wp-image-20106\" alt=\"\" srcset=\"https:\/\/canribas.com\/wp-content\/uploads\/2024\/08\/2019-Carles-i-Natalia_web_0260.jpg 1500w, https:\/\/canribas.com\/wp-content\/uploads\/2024\/08\/2019-Carles-i-Natalia_web_0260-300x200.jpg 300w, https:\/\/canribas.com\/wp-content\/uploads\/2024\/08\/2019-Carles-i-Natalia_web_0260-1024x683.jpg 1024w, https:\/\/canribas.com\/wp-content\/uploads\/2024\/08\/2019-Carles-i-Natalia_web_0260-768x512.jpg 768w\" sizes=\"(max-width: 1500px) 100vw, 1500px\" \/>\t\t\t\t\t\t\t\t\t\t\t\t\t\t\t<\/div>\n\t\t\t\t<\/div>\n\t\t\t\t\t<\/div>\n\t\t\t\t<\/div>\n\t\t<div class=\"elementor-element elementor-element-81bba9d e-flex e-con-boxed e-con e-parent\" data-id=\"81bba9d\" data-element_type=\"container\" data-e-type=\"container\" data-settings=\"{&quot;background_background&quot;:&quot;classic&quot;,&quot;shape_divider_top&quot;:&quot;book&quot;}\">\n\t\t\t\t\t<div class=\"e-con-inner\">\n\t\t\t\t<div class=\"elementor-shape elementor-shape-top\" aria-hidden=\"true\" data-negative=\"false\">\n\t\t\t<svg xmlns=\"http:\/\/www.w3.org\/2000\/svg\" viewBox=\"0 0 1000 100\" preserveAspectRatio=\"none\">\n\t<path class=\"elementor-shape-fill\" d=\"M194,99c186.7,0.7,305-78.3,306-97.2c1,18.9,119.3,97.9,306,97.2c114.3-0.3,194,0.3,194,0.3s0-91.7,0-100c0,0,0,0,0-0 L0,0v99.3C0,99.3,79.7,98.7,194,99z\"\/>\n<\/svg>\t\t<\/div>\n\t\t<div class=\"elementor-element elementor-element-c05ed93 e-con-full e-flex e-con e-child\" data-id=\"c05ed93\" data-element_type=\"container\" data-e-type=\"container\">\n\t\t\t\t<div class=\"elementor-element elementor-element-0b675a2 elementor-widget elementor-widget-heading\" data-id=\"0b675a2\" data-element_type=\"widget\" data-e-type=\"widget\" data-widget_type=\"heading.default\">\n\t\t\t\t<div class=\"elementor-widget-container\">\n\t\t\t\t\t<h2 class=\"elementor-heading-title elementor-size-default\">L'inici d'un dia que recordareu tota la vida<\/h2>\t\t\t\t<\/div>\n\t\t\t\t<\/div>\n\t\t\t\t<\/div>\n\t\t<div class=\"elementor-element elementor-element-7b3af9f e-con-full e-flex e-con e-child\" data-id=\"7b3af9f\" data-element_type=\"container\" data-e-type=\"container\">\n\t\t\t\t<div class=\"elementor-element elementor-element-e1bafc3 elementor-widget elementor-widget-text-editor\" data-id=\"e1bafc3\" data-element_type=\"widget\" data-e-type=\"widget\" data-widget_type=\"text-editor.default\">\n\t\t\t\t<div class=\"elementor-widget-container\">\n\t\t\t\t\t\t\t\t\t<p>En Can Ribas entenem que una cerim\u00f2nia civil no \u00e9s un simple protocol; \u00e9s l&#8217;inici d&#8217;un dels dies m\u00e9s especials de la vostra vida. Per aix\u00f2, hem dissenyat racons on la solemnitat del moment es fon amb la calidesa de la nostra llar.<\/p><p><br \/>Aqu\u00ed, entre els xiprers que un dia va plantar la iaia To\u00f1a i el silenci del bosc, el temps sembla detenir-se perqu\u00e8 els vostres vots siguin els \u00fanics protagonistes. Volem que, en caminar cap a l&#8217;altar, us sentiu amb la mateixa tranquil\u00b7litat de qui sap que est\u00e0, exactament, on vol estar.<\/p>\t\t\t\t\t\t\t\t<\/div>\n\t\t\t\t<\/div>\n\t\t\t\t<\/div>\n\t\t<div class=\"elementor-element elementor-element-78452f6 e-con-full e-flex e-con e-child\" data-id=\"78452f6\" data-element_type=\"container\" data-e-type=\"container\">\n\t\t\t\t<div class=\"elementor-element elementor-element-111f9ac elementor-widget elementor-widget-image\" data-id=\"111f9ac\" data-element_type=\"widget\" data-e-type=\"widget\" data-widget_type=\"image.default\">\n\t\t\t\t<div class=\"elementor-widget-container\">\n\t\t\t\t\t\t\t\t\t\t\t\t\t\t\t<img decoding=\"async\" width=\"638\" height=\"426\" src=\"https:\/\/canribas.com\/wp-content\/uploads\/2026\/02\/ceremonia-civil_delante-de-la-casa-e1774602050461.jpg\" class=\"attachment-large size-large wp-image-24875\" alt=\"\" srcset=\"https:\/\/canribas.com\/wp-content\/uploads\/2026\/02\/ceremonia-civil_delante-de-la-casa-e1774602050461.jpg 638w, https:\/\/canribas.com\/wp-content\/uploads\/2026\/02\/ceremonia-civil_delante-de-la-casa-e1774602050461-300x200.jpg 300w\" sizes=\"(max-width: 638px) 100vw, 638px\" \/>\t\t\t\t\t\t\t\t\t\t\t\t\t\t\t<\/div>\n\t\t\t\t<\/div>\n\t\t\t\t<\/div>\n\t\t\t\t\t<\/div>\n\t\t\t\t<\/div>\n\t\t<div class=\"elementor-element elementor-element-2adc23d e-flex e-con-boxed e-con e-parent\" data-id=\"2adc23d\" data-element_type=\"container\" data-e-type=\"container\">\n\t\t\t\t\t<div class=\"e-con-inner\">\n\t\t\t\t<div class=\"elementor-element elementor-element-1afd1fe elementor-widget elementor-widget-heading\" data-id=\"1afd1fe\" data-element_type=\"widget\" data-e-type=\"widget\" data-widget_type=\"heading.default\">\n\t\t\t\t<div class=\"elementor-widget-container\">\n\t\t\t\t\t<h2 class=\"elementor-heading-title elementor-size-default\">Espais singulars per a una cerim\u00f2nia a la vostra mida\n\n<\/h2>\t\t\t\t<\/div>\n\t\t\t\t<\/div>\n\t\t\t\t<div class=\"elementor-element elementor-element-7a2550b elementor-widget elementor-widget-text-editor\" data-id=\"7a2550b\" data-element_type=\"widget\" data-e-type=\"widget\" data-widget_type=\"text-editor.default\">\n\t\t\t\t<div class=\"elementor-widget-container\">\n\t\t\t\t\t\t\t\t\t<p>En Can Ribas, principalment, tenim dos\/tres espais on realitzar la cerim\u00f2nia:<\/p>\t\t\t\t\t\t\t\t<\/div>\n\t\t\t\t<\/div>\n\t\t\t\t\t<\/div>\n\t\t\t\t<\/div>\n\t\t<div class=\"elementor-element elementor-element-5108204 e-flex e-con-boxed e-con e-parent\" data-id=\"5108204\" data-element_type=\"container\" data-e-type=\"container\" data-settings=\"{&quot;background_background&quot;:&quot;classic&quot;}\">\n\t\t\t\t\t<div class=\"e-con-inner\">\n\t\t<div class=\"elementor-element elementor-element-56ea209 e-con-full e-flex e-con e-child\" data-id=\"56ea209\" data-element_type=\"container\" data-e-type=\"container\">\n\t\t\t\t<div class=\"elementor-element elementor-element-b75b8ff elementor-widget elementor-widget-heading\" data-id=\"b75b8ff\" data-element_type=\"widget\" data-e-type=\"widget\" data-widget_type=\"heading.default\">\n\t\t\t\t<div class=\"elementor-widget-container\">\n\t\t\t\t\t<h3 class=\"elementor-heading-title elementor-size-default\">El JARDIN <br>DELS XIPRERS<\/h3>\t\t\t\t<\/div>\n\t\t\t\t<\/div>\n\t\t\t\t<div class=\"elementor-element elementor-element-6378b4c elementor-position-top elementor-widget elementor-widget-image-box\" data-id=\"6378b4c\" data-element_type=\"widget\" data-e-type=\"widget\" data-widget_type=\"image-box.default\">\n\t\t\t\t<div class=\"elementor-widget-container\">\n\t\t\t\t\t<div class=\"elementor-image-box-wrapper\"><figure class=\"elementor-image-box-img\"><img decoding=\"async\" width=\"1024\" height=\"683\" src=\"https:\/\/canribas.com\/wp-content\/uploads\/2024\/08\/CL-1-1024x683-1.jpg\" class=\"attachment-full size-full wp-image-20015\" alt=\"\" srcset=\"https:\/\/canribas.com\/wp-content\/uploads\/2024\/08\/CL-1-1024x683-1.jpg 1024w, https:\/\/canribas.com\/wp-content\/uploads\/2024\/08\/CL-1-1024x683-1-300x200.jpg 300w, https:\/\/canribas.com\/wp-content\/uploads\/2024\/08\/CL-1-1024x683-1-768x512.jpg 768w\" sizes=\"(max-width: 1024px) 100vw, 1024px\" \/><\/figure><div class=\"elementor-image-box-content\"><p class=\"elementor-image-box-description\">Per als qui somien amb una cerim\u00f2nia exterior banyada per la llum, envoltats d'ess\u00e8ncia mediterr\u00e0nia i cel obert.<\/p><\/div><\/div>\t\t\t\t<\/div>\n\t\t\t\t<\/div>\n\t\t\t\t<\/div>\n\t\t<div class=\"elementor-element elementor-element-2a652a1 e-con-full e-flex e-con e-child\" data-id=\"2a652a1\" data-element_type=\"container\" data-e-type=\"container\">\n\t\t\t\t<div class=\"elementor-element elementor-element-8783bc7 elementor-widget elementor-widget-heading\" data-id=\"8783bc7\" data-element_type=\"widget\" data-e-type=\"widget\" data-widget_type=\"heading.default\">\n\t\t\t\t<div class=\"elementor-widget-container\">\n\t\t\t\t\t<h3 class=\"elementor-heading-title elementor-size-default\">Sota la nostra <br>torrassa<\/h3>\t\t\t\t<\/div>\n\t\t\t\t<\/div>\n\t\t\t\t<div class=\"elementor-element elementor-element-f162ea9 elementor-position-top elementor-widget elementor-widget-image-box\" data-id=\"f162ea9\" data-element_type=\"widget\" data-e-type=\"widget\" data-widget_type=\"image-box.default\">\n\t\t\t\t<div class=\"elementor-widget-container\">\n\t\t\t\t\t<div class=\"elementor-image-box-wrapper\"><figure class=\"elementor-image-box-img\"><img loading=\"lazy\" decoding=\"async\" width=\"638\" height=\"426\" src=\"https:\/\/canribas.com\/wp-content\/uploads\/2026\/02\/ceremonia-civil_delante-de-la-casa-e1774602050461.jpg\" class=\"attachment-full size-full wp-image-24875\" alt=\"\" srcset=\"https:\/\/canribas.com\/wp-content\/uploads\/2026\/02\/ceremonia-civil_delante-de-la-casa-e1774602050461.jpg 638w, https:\/\/canribas.com\/wp-content\/uploads\/2026\/02\/ceremonia-civil_delante-de-la-casa-e1774602050461-300x200.jpg 300w\" sizes=\"(max-width: 638px) 100vw, 638px\" \/><\/figure><div class=\"elementor-image-box-content\"><p class=\"elementor-image-box-description\">La teva cerim\u00f2nia davant de la casa de la fam\u00edlia, amb la buguenv\u00edl\u00b7lia com a testimoni i la font, plena de pomes, presenciant la vostra uni\u00f3.\n\n<\/p><\/div><\/div>\t\t\t\t<\/div>\n\t\t\t\t<\/div>\n\t\t\t\t<\/div>\n\t\t<div class=\"elementor-element elementor-element-9c671a9 e-con-full e-flex e-con e-child\" data-id=\"9c671a9\" data-element_type=\"container\" data-e-type=\"container\">\n\t\t\t\t<div class=\"elementor-element elementor-element-a2b2be0 elementor-widget elementor-widget-heading\" data-id=\"a2b2be0\" data-element_type=\"widget\" data-e-type=\"widget\" data-widget_type=\"heading.default\">\n\t\t\t\t<div class=\"elementor-widget-container\">\n\t\t\t\t\t<h3 class=\"elementor-heading-title elementor-size-default\">La carpa<br> - El Pla B<\/h3>\t\t\t\t<\/div>\n\t\t\t\t<\/div>\n\t\t\t\t<div class=\"elementor-element elementor-element-8d9a286 elementor-position-top elementor-widget elementor-widget-image-box\" data-id=\"8d9a286\" data-element_type=\"widget\" data-e-type=\"widget\" data-widget_type=\"image-box.default\">\n\t\t\t\t<div class=\"elementor-widget-container\">\n\t\t\t\t\t<div class=\"elementor-image-box-wrapper\"><figure class=\"elementor-image-box-img\"><img loading=\"lazy\" decoding=\"async\" width=\"1450\" height=\"967\" src=\"https:\/\/canribas.com\/wp-content\/uploads\/2024\/08\/Photografeel-Bodas-AG-team-73-scaled-1.jpg\" class=\"attachment-full size-full wp-image-20194\" alt=\"\" srcset=\"https:\/\/canribas.com\/wp-content\/uploads\/2024\/08\/Photografeel-Bodas-AG-team-73-scaled-1.jpg 1450w, https:\/\/canribas.com\/wp-content\/uploads\/2024\/08\/Photografeel-Bodas-AG-team-73-scaled-1-300x200.jpg 300w, https:\/\/canribas.com\/wp-content\/uploads\/2024\/08\/Photografeel-Bodas-AG-team-73-scaled-1-1024x683.jpg 1024w, https:\/\/canribas.com\/wp-content\/uploads\/2024\/08\/Photografeel-Bodas-AG-team-73-scaled-1-768x512.jpg 768w\" sizes=\"(max-width: 1450px) 100vw, 1450px\" \/><\/figure><div class=\"elementor-image-box-content\"><p class=\"elementor-image-box-description\">Si la pluja ens acompanya, celebrarem la cerim\u00f2nia en la nostra carpa, perfectament decorada i llesta perqu\u00e8 res alteri el vostre dia.\n<\/p><\/div><\/div>\t\t\t\t<\/div>\n\t\t\t\t<\/div>\n\t\t\t\t<\/div>\n\t\t\t\t\t<\/div>\n\t\t\t\t<\/div>\n\t\t<div class=\"elementor-element elementor-element-5388150 e-flex e-con-boxed e-con e-parent\" data-id=\"5388150\" data-element_type=\"container\" data-e-type=\"container\" data-settings=\"{&quot;background_background&quot;:&quot;classic&quot;,&quot;shape_divider_top&quot;:&quot;book&quot;}\">\n\t\t\t\t\t<div class=\"e-con-inner\">\n\t\t\t\t<div class=\"elementor-shape elementor-shape-top\" aria-hidden=\"true\" data-negative=\"false\">\n\t\t\t<svg xmlns=\"http:\/\/www.w3.org\/2000\/svg\" viewBox=\"0 0 1000 100\" preserveAspectRatio=\"none\">\n\t<path class=\"elementor-shape-fill\" d=\"M194,99c186.7,0.7,305-78.3,306-97.2c1,18.9,119.3,97.9,306,97.2c114.3-0.3,194,0.3,194,0.3s0-91.7,0-100c0,0,0,0,0-0 L0,0v99.3C0,99.3,79.7,98.7,194,99z\"\/>\n<\/svg>\t\t<\/div>\n\t\t<div class=\"elementor-element elementor-element-9c0b9d2 e-con-full e-flex e-con e-child\" data-id=\"9c0b9d2\" data-element_type=\"container\" data-e-type=\"container\">\n\t\t\t\t<div class=\"elementor-element elementor-element-b34e86f elementor-widget elementor-widget-heading\" data-id=\"b34e86f\" data-element_type=\"widget\" data-e-type=\"widget\" data-widget_type=\"heading.default\">\n\t\t\t\t<div class=\"elementor-widget-container\">\n\t\t\t\t\t<h2 class=\"elementor-heading-title elementor-size-default\">Una celebraci\u00f3 que parla de vosaltres<\/h2>\t\t\t\t<\/div>\n\t\t\t\t<\/div>\n\t\t\t\t<\/div>\n\t\t<div class=\"elementor-element elementor-element-5e7f44e e-con-full e-flex e-con e-child\" data-id=\"5e7f44e\" data-element_type=\"container\" data-e-type=\"container\">\n\t\t\t\t<div class=\"elementor-element elementor-element-ea9322b elementor-widget elementor-widget-image\" data-id=\"ea9322b\" data-element_type=\"widget\" data-e-type=\"widget\" data-widget_type=\"image.default\">\n\t\t\t\t<div class=\"elementor-widget-container\">\n\t\t\t\t\t\t\t\t\t\t\t\t\t\t\t<img loading=\"lazy\" decoding=\"async\" width=\"800\" height=\"534\" src=\"https:\/\/canribas.com\/wp-content\/uploads\/2019\/10\/Photografeel-Bodas-AG-team-26-scaled-1-1024x683.jpg\" class=\"attachment-large size-large wp-image-6772\" alt=\"\" srcset=\"https:\/\/canribas.com\/wp-content\/uploads\/2019\/10\/Photografeel-Bodas-AG-team-26-scaled-1-1024x683.jpg 1024w, https:\/\/canribas.com\/wp-content\/uploads\/2019\/10\/Photografeel-Bodas-AG-team-26-scaled-1-300x200.jpg 300w, https:\/\/canribas.com\/wp-content\/uploads\/2019\/10\/Photografeel-Bodas-AG-team-26-scaled-1-768x512.jpg 768w, https:\/\/canribas.com\/wp-content\/uploads\/2019\/10\/Photografeel-Bodas-AG-team-26-scaled-1-1536x1024.jpg 1536w, https:\/\/canribas.com\/wp-content\/uploads\/2019\/10\/Photografeel-Bodas-AG-team-26-scaled-1-2048x1366.jpg 2048w\" sizes=\"(max-width: 800px) 100vw, 800px\" \/>\t\t\t\t\t\t\t\t\t\t\t\t\t\t\t<\/div>\n\t\t\t\t<\/div>\n\t\t\t\t<\/div>\n\t\t<div class=\"elementor-element elementor-element-bf4a92b e-con-full e-flex e-con e-child\" data-id=\"bf4a92b\" data-element_type=\"container\" data-e-type=\"container\">\n\t\t\t\t<div class=\"elementor-element elementor-element-4c60429 elementor-widget elementor-widget-text-editor\" data-id=\"4c60429\" data-element_type=\"widget\" data-e-type=\"widget\" data-widget_type=\"text-editor.default\">\n\t\t\t\t<div class=\"elementor-widget-container\">\n\t\t\t\t\t\t\t\t\t<p>Des de Can Ribas us ajudarem a que el vostre casament civil sigui exactament com l&#8217;heu imaginat. No hi ha regles fixes, nom\u00e9s les vostres il\u00b7lusions:<\/p>\t\t\t\t\t\t\t\t<\/div>\n\t\t\t\t<\/div>\n\t\t\t\t<div class=\"elementor-element elementor-element-31c23f8 elementor-widget elementor-widget-text-editor\" data-id=\"31c23f8\" data-element_type=\"widget\" data-e-type=\"widget\" data-widget_type=\"text-editor.default\">\n\t\t\t\t<div class=\"elementor-widget-container\">\n\t\t\t\t\t\t\t\t\t<ul><li style=\"font-weight: 400;\" aria-level=\"1\"><b>Llibertat de gui\u00f3:<\/b><span style=\"font-weight: 400;\"> Des de cerim\u00f2nies breus i emotives fins a rituals simb\u00f2lics plens de significat personal.<\/span><\/li><li style=\"font-weight: 400;\" aria-level=\"1\"><strong>Estilisme i atmosfera:<\/strong> Cuidem la disposici\u00f3 del mobiliari i la decoraci\u00f3 floral que emmarca la vostra uni\u00f3.<\/li><li style=\"font-weight: 400;\" aria-level=\"1\"><strong>Coordinaci\u00f3 i protocol:<\/strong> El nostre equip ser\u00e0 present perqu\u00e8 la m\u00fasica entri en el segon exacte, la cerim\u00f2nia segueixi el gui\u00f3 que heu marcat i vosaltres nom\u00e9s hagueu de mirar-vos als ulls.<\/li><\/ul>\t\t\t\t\t\t\t\t<\/div>\n\t\t\t\t<\/div>\n\t\t\t\t<\/div>\n\t\t\t\t\t<\/div>\n\t\t\t\t<\/div>\n\t\t<div class=\"elementor-element elementor-element-d3fefea e-flex e-con-boxed e-con e-parent\" data-id=\"d3fefea\" data-element_type=\"container\" data-e-type=\"container\">\n\t\t\t\t\t<div class=\"e-con-inner\">\n\t\t\t\t<div class=\"elementor-element elementor-element-dff7ec7 elementor-widget elementor-widget-heading\" data-id=\"dff7ec7\" data-element_type=\"widget\" data-e-type=\"widget\" data-widget_type=\"heading.default\">\n\t\t\t\t<div class=\"elementor-widget-container\">\n\t\t\t\t\t<h2 class=\"elementor-heading-title elementor-size-default\">Tot el que necessiteu pel vostre casament civil a Barcelona\n<\/h2>\t\t\t\t<\/div>\n\t\t\t\t<\/div>\n\t\t\t\t<div class=\"elementor-element elementor-element-83321ae elementor-widget elementor-widget-text-editor\" data-id=\"83321ae\" data-element_type=\"widget\" data-e-type=\"widget\" data-widget_type=\"text-editor.default\">\n\t\t\t\t<div class=\"elementor-widget-container\">\n\t\t\t\t\t\t\t\t\t<p>Organitzar una cerim\u00f2nia civil requereix sensibilitat i atenci\u00f3 al detall. En Can Ribas us oferim la combinaci\u00f3 perfecta: la bellesa d&#8217;una masia hist\u00f2rica amb la infraestructura moderna necess\u00e0ria. Una finca per casaments amb les comoditats actuals perqu\u00e8 tot flueixi.<\/p><p>Aqu\u00ed podreu viure el &lt;&lt;s\u00ed, vull&gt;&gt; , l&#8217;aperitiu i el banquet en un mateix entorn privilegiat, sense despla\u00e7aments, sense presses, regalant als vostres convidats una experi\u00e8ncia c\u00f2moda i relaxada des del primer minut.<\/p>\t\t\t\t\t\t\t\t<\/div>\n\t\t\t\t<\/div>\n\t\t\t\t\t<\/div>\n\t\t\t\t<\/div>\n\t\t<div class=\"elementor-element elementor-element-56bb4d4 e-flex e-con-boxed e-con e-parent\" data-id=\"56bb4d4\" data-element_type=\"container\" data-e-type=\"container\" data-settings=\"{&quot;shape_divider_top&quot;:&quot;book&quot;,&quot;background_background&quot;:&quot;classic&quot;}\">\n\t\t\t\t\t<div class=\"e-con-inner\">\n\t\t\t\t<div class=\"elementor-shape elementor-shape-top\" aria-hidden=\"true\" data-negative=\"false\">\n\t\t\t<svg xmlns=\"http:\/\/www.w3.org\/2000\/svg\" viewBox=\"0 0 1000 100\" preserveAspectRatio=\"none\">\n\t<path class=\"elementor-shape-fill\" d=\"M194,99c186.7,0.7,305-78.3,306-97.2c1,18.9,119.3,97.9,306,97.2c114.3-0.3,194,0.3,194,0.3s0-91.7,0-100c0,0,0,0,0-0 L0,0v99.3C0,99.3,79.7,98.7,194,99z\"\/>\n<\/svg>\t\t<\/div>\n\t\t\t\t<div class=\"elementor-element elementor-element-e89962d elementor-widget elementor-widget-heading\" data-id=\"e89962d\" data-element_type=\"widget\" data-e-type=\"widget\" data-widget_type=\"heading.default\">\n\t\t\t\t<div class=\"elementor-widget-container\">\n\t\t\t\t\t<h2 class=\"elementor-heading-title elementor-size-default\">Imagineu el vostre primer pet\u00f3 com casats aqu\u00ed?<\/h2>\t\t\t\t<\/div>\n\t\t\t\t<\/div>\n\t\t\t\t<div class=\"elementor-element elementor-element-cddd77b elementor-widget elementor-widget-text-editor\" data-id=\"cddd77b\" data-element_type=\"widget\" data-e-type=\"widget\" data-widget_type=\"text-editor.default\">\n\t\t\t\t<div class=\"elementor-widget-container\">\n\t\t\t\t\t\t\t\t\t<p>Veniu a passejar pels nostres jardins i trieu el rac\u00f3 on comen\u00e7ar\u00e0 el vostre futur. Estem desitjant con\u00e8ixer-vos i comen\u00e7ar a planejar cada detall de la vostra uni\u00f3.<\/p>\t\t\t\t\t\t\t\t<\/div>\n\t\t\t\t<\/div>\n\t\t\t\t<div class=\"elementor-element elementor-element-0937776 elementor-align-center elementor-widget elementor-widget-button\" data-id=\"0937776\" data-element_type=\"widget\" data-e-type=\"widget\" data-widget_type=\"button.default\">\n\t\t\t\t<div class=\"elementor-widget-container\">\n\t\t\t\t\t\t\t\t\t<div class=\"elementor-button-wrapper\">\n\t\t\t\t\t<a class=\"elementor-button elementor-button-link elementor-size-sm\" href=\"https:\/\/canribas.com\/ca\/contacte\/\">\n\t\t\t\t\t\t<span class=\"elementor-button-content-wrapper\">\n\t\t\t\t\t\t\t\t\t<span class=\"elementor-button-text\">Reservar visita guiada per la masia<\/span>\n\t\t\t\t\t<\/span>\n\t\t\t\t\t<\/a>\n\t\t\t\t<\/div>\n\t\t\t\t\t\t\t\t<\/div>\n\t\t\t\t<\/div>\n\t\t\t\t\t<\/div>\n\t\t\t\t<\/div>\n\t\t\t\t<\/div>\n\t\t","protected":false},"excerpt":{"rendered":"<p>CERIM\u00d2NIA CIVIL El vostre &#8220;s\u00ed, vull&#8221; sota el cel de Can Ribas: Cerim\u00f2nies civils amb \u00e0nima a Barcelona Creem l&#8217;escenari perfecte per a la vostra uni\u00f3 amb tota la m\u00e0gia d&#8217;una cerim\u00f2nia personal. Un espai on la naturalesa i la vostra hist\u00f2ria es troben per a fer-vos sentir, senzillament, a casa. L&#8217;inici d&#8217;un dia que [&hellip;]<\/p>\n","protected":false},"author":6,"featured_media":0,"parent":0,"menu_order":0,"comment_status":"closed","ping_status":"closed","template":"","meta":{"footnotes":""},"class_list":["post-24778","page","type-page","status-publish","hentry"],"_links":{"self":[{"href":"https:\/\/canribas.com\/ca\/wp-json\/wp\/v2\/pages\/24778","targetHints":{"allow":["GET"]}}],"collection":[{"href":"https:\/\/canribas.com\/ca\/wp-json\/wp\/v2\/pages"}],"about":[{"href":"https:\/\/canribas.com\/ca\/wp-json\/wp\/v2\/types\/page"}],"author":[{"embeddable":true,"href":"https:\/\/canribas.com\/ca\/wp-json\/wp\/v2\/users\/6"}],"replies":[{"embeddable":true,"href":"https:\/\/canribas.com\/ca\/wp-json\/wp\/v2\/comments?post=24778"}],"version-history":[{"count":20,"href":"https:\/\/canribas.com\/ca\/wp-json\/wp\/v2\/pages\/24778\/revisions"}],"predecessor-version":[{"id":25278,"href":"https:\/\/canribas.com\/ca\/wp-json\/wp\/v2\/pages\/24778\/revisions\/25278"}],"wp:attachment":[{"href":"https:\/\/canribas.com\/ca\/wp-json\/wp\/v2\/media?parent=24778"}],"curies":[{"name":"wp","href":"https:\/\/api.w.org\/{rel}","templated":true}]}}