{"id":25166,"date":"2026-03-26T11:25:51","date_gmt":"2026-03-26T11:25:51","guid":{"rendered":"https:\/\/canribas.com\/?page_id=25166"},"modified":"2026-03-27T13:43:48","modified_gmt":"2026-03-27T13:43:48","slug":"decoracio-florar","status":"publish","type":"page","link":"https:\/\/canribas.com\/ca\/decoracio-florar\/","title":{"rendered":"Decoraci\u00f3 Florar"},"content":{"rendered":"\t\t<div data-elementor-type=\"wp-page\" data-elementor-id=\"25166\" class=\"elementor elementor-25166 elementor-24810\" data-elementor-post-type=\"page\">\n\t\t\t\t<div class=\"elementor-element elementor-element-9e374ad e-flex e-con-boxed e-con e-parent\" data-id=\"9e374ad\" data-element_type=\"container\" data-e-type=\"container\">\n\t\t\t\t\t<div class=\"e-con-inner\">\n\t\t\t\t<div class=\"elementor-element elementor-element-2ed19c8 elementor-widget elementor-widget-heading\" data-id=\"2ed19c8\" data-element_type=\"widget\" data-e-type=\"widget\" data-widget_type=\"heading.default\">\n\t\t\t\t<div class=\"elementor-widget-container\">\n\t\t\t\t\t<h1 class=\"elementor-heading-title elementor-size-default\">DECORACI\u00d3 FLORAL\n<\/h1>\t\t\t\t<\/div>\n\t\t\t\t<\/div>\n\t\t\t\t<div class=\"elementor-element elementor-element-0ee426f elementor-widget elementor-widget-heading\" data-id=\"0ee426f\" data-element_type=\"widget\" data-e-type=\"widget\" data-widget_type=\"heading.default\">\n\t\t\t\t<div class=\"elementor-widget-container\">\n\t\t\t\t\t<h2 class=\"elementor-heading-title elementor-size-default\">L'entorn com a marc perfecte<\/h2>\t\t\t\t<\/div>\n\t\t\t\t<\/div>\n\t\t\t\t<div class=\"elementor-element elementor-element-fc5ad23 elementor-widget elementor-widget-text-editor\" data-id=\"fc5ad23\" data-element_type=\"widget\" data-e-type=\"widget\" data-widget_type=\"text-editor.default\">\n\t\t\t\t<div class=\"elementor-widget-container\">\n\t\t\t\t\t\t\t\t\t<p>Celebrar el vostre casament en una <strong>masia a Barcelona<\/strong> significa triar un entorn on la natura \u00e9s la vertadera protagonista. A Can Ribas, cuidem els nostres jardins i espais exteriors perqu\u00e8 llueixin impol\u00b7luts cada dia de l&#8217;any, oferint-vos el marc perfecte per al vostre enlla\u00e7.<\/p>\t\t\t\t\t\t\t\t<\/div>\n\t\t\t\t<\/div>\n\t\t\t\t<div class=\"elementor-element elementor-element-e10bec0 elementor-widget elementor-widget-image\" data-id=\"e10bec0\" data-element_type=\"widget\" data-e-type=\"widget\" data-widget_type=\"image.default\">\n\t\t\t\t<div class=\"elementor-widget-container\">\n\t\t\t\t\t\t\t\t\t\t\t\t\t\t\t<img fetchpriority=\"high\" decoding=\"async\" width=\"1920\" height=\"1280\" src=\"https:\/\/canribas.com\/wp-content\/uploads\/2026\/03\/6.-Cerimonia.webp\" class=\"attachment-full size-full wp-image-25052\" alt=\"\" srcset=\"https:\/\/canribas.com\/wp-content\/uploads\/2026\/03\/6.-Cerimonia.webp 1920w, https:\/\/canribas.com\/wp-content\/uploads\/2026\/03\/6.-Cerimonia-300x200.webp 300w, https:\/\/canribas.com\/wp-content\/uploads\/2026\/03\/6.-Cerimonia-1024x683.webp 1024w, https:\/\/canribas.com\/wp-content\/uploads\/2026\/03\/6.-Cerimonia-768x512.webp 768w, https:\/\/canribas.com\/wp-content\/uploads\/2026\/03\/6.-Cerimonia-1536x1024.webp 1536w\" sizes=\"(max-width: 1920px) 100vw, 1920px\" \/>\t\t\t\t\t\t\t\t\t\t\t\t\t\t\t<\/div>\n\t\t\t\t<\/div>\n\t\t\t\t\t<\/div>\n\t\t\t\t<\/div>\n\t\t<div class=\"elementor-element elementor-element-6f2d95f e-flex e-con-boxed e-con e-parent\" data-id=\"6f2d95f\" data-element_type=\"container\" data-e-type=\"container\" data-settings=\"{&quot;background_background&quot;:&quot;classic&quot;,&quot;shape_divider_top&quot;:&quot;book&quot;}\">\n\t\t\t\t\t<div class=\"e-con-inner\">\n\t\t\t\t<div class=\"elementor-shape elementor-shape-top\" aria-hidden=\"true\" data-negative=\"false\">\n\t\t\t<svg xmlns=\"http:\/\/www.w3.org\/2000\/svg\" viewBox=\"0 0 1000 100\" preserveAspectRatio=\"none\">\n\t<path class=\"elementor-shape-fill\" d=\"M194,99c186.7,0.7,305-78.3,306-97.2c1,18.9,119.3,97.9,306,97.2c114.3-0.3,194,0.3,194,0.3s0-91.7,0-100c0,0,0,0,0-0 L0,0v99.3C0,99.3,79.7,98.7,194,99z\"\/>\n<\/svg>\t\t<\/div>\n\t\t<div class=\"elementor-element elementor-element-6264e2f e-con-full e-flex e-con e-child\" data-id=\"6264e2f\" data-element_type=\"container\" data-e-type=\"container\">\n\t\t\t\t<div class=\"elementor-element elementor-element-4d43beb elementor-widget elementor-widget-heading\" data-id=\"4d43beb\" data-element_type=\"widget\" data-e-type=\"widget\" data-widget_type=\"heading.default\">\n\t\t\t\t<div class=\"elementor-widget-container\">\n\t\t\t\t\t<h2 class=\"elementor-heading-title elementor-size-default\">Can Ribas: un entorn natural id\u00edl\u00b7lic<\/h2>\t\t\t\t<\/div>\n\t\t\t\t<\/div>\n\t\t\t\t<\/div>\n\t\t<div class=\"elementor-element elementor-element-ae10a1b e-con-full e-flex e-con e-child\" data-id=\"ae10a1b\" data-element_type=\"container\" data-e-type=\"container\">\n\t\t\t\t<div class=\"elementor-element elementor-element-7a5cb44 elementor-widget elementor-widget-image\" data-id=\"7a5cb44\" data-element_type=\"widget\" data-e-type=\"widget\" data-widget_type=\"image.default\">\n\t\t\t\t<div class=\"elementor-widget-container\">\n\t\t\t\t\t\t\t\t\t\t\t\t\t\t\t<img decoding=\"async\" width=\"800\" height=\"534\" src=\"https:\/\/canribas.com\/wp-content\/uploads\/2026\/02\/CANRIBAS-73-1-1024x683.webp\" class=\"attachment-large size-large wp-image-24861\" alt=\"\" srcset=\"https:\/\/canribas.com\/wp-content\/uploads\/2026\/02\/CANRIBAS-73-1-1024x683.webp 1024w, https:\/\/canribas.com\/wp-content\/uploads\/2026\/02\/CANRIBAS-73-1-300x200.webp 300w, https:\/\/canribas.com\/wp-content\/uploads\/2026\/02\/CANRIBAS-73-1-768x512.webp 768w, https:\/\/canribas.com\/wp-content\/uploads\/2026\/02\/CANRIBAS-73-1-1536x1024.webp 1536w, https:\/\/canribas.com\/wp-content\/uploads\/2026\/02\/CANRIBAS-73-1.webp 1920w\" sizes=\"(max-width: 800px) 100vw, 800px\" \/>\t\t\t\t\t\t\t\t\t\t\t\t\t\t\t<\/div>\n\t\t\t\t<\/div>\n\t\t\t\t<\/div>\n\t\t<div class=\"elementor-element elementor-element-7e3114a e-con-full e-flex e-con e-child\" data-id=\"7e3114a\" data-element_type=\"container\" data-e-type=\"container\">\n\t\t\t\t<div class=\"elementor-element elementor-element-fc0a561 elementor-widget elementor-widget-text-editor\" data-id=\"fc0a561\" data-element_type=\"widget\" data-e-type=\"widget\" data-widget_type=\"text-editor.default\">\n\t\t\t\t<div class=\"elementor-widget-container\">\n\t\t\t\t\t\t\t\t\t<p class=\"western\" lang=\"ca-ES\" align=\"left\">A la nostra masia per a casaments, la bellesa del vostre gran dia comen\u00e7a en l&#8217;entorn. No nom\u00e9s cuidem amb dedicaci\u00f3 els nostres <strong>amplis jardins<\/strong> perqu\u00e8 llueixin impecables, sin\u00f3 que tamb\u00e9 ens encarreguem de <strong>decorar cada espai<\/strong> i cada taula per a la celebraci\u00f3.<\/p>\t\t\t\t\t\t\t\t<\/div>\n\t\t\t\t<\/div>\n\t\t\t\t<div class=\"elementor-element elementor-element-555b3a7 elementor-widget elementor-widget-text-editor\" data-id=\"555b3a7\" data-element_type=\"widget\" data-e-type=\"widget\" data-widget_type=\"text-editor.default\">\n\t\t\t\t<div class=\"elementor-widget-container\">\n\t\t\t\t\t\t\t\t\t<ul><li><strong>Jardins en cura constant:<\/strong> Mantenir els nostres exteriors impol\u00b7luts \u00e9s part del nostre comprom\u00eds perqu\u00e8 el vostre escenari sigui perfecte en qualsevol estaci\u00f3 de l&#8217;any.<\/li><li><strong>Decoraci\u00f3 dels espais:<\/strong> Vestim cada rac\u00f3 de la finca, des de l&#8217;\u00e0rea de la<br \/><strong>cerim\u00f2nia exterior<\/strong> fins a la zona del c\u00f2ctel i els salons.<\/li><li><strong>Centres de taula exclusius:<\/strong> Com a part del servei, dissenyem i muntem els vostres <strong>centres de taula i seating<\/strong> <strong>plans,<\/strong> assegurant una harmonia visual en tota la celebraci\u00f3.<\/li><\/ul>\t\t\t\t\t\t\t\t<\/div>\n\t\t\t\t<\/div>\n\t\t\t\t<\/div>\n\t\t\t\t\t<\/div>\n\t\t\t\t<\/div>\n\t\t<div class=\"elementor-element elementor-element-6ee22d8 e-flex e-con-boxed e-con e-parent\" data-id=\"6ee22d8\" data-element_type=\"container\" data-e-type=\"container\">\n\t\t\t\t\t<div class=\"e-con-inner\">\n\t\t\t\t<div class=\"elementor-element elementor-element-f3fc034 elementor-widget elementor-widget-heading\" data-id=\"f3fc034\" data-element_type=\"widget\" data-e-type=\"widget\" data-widget_type=\"heading.default\">\n\t\t\t\t<div class=\"elementor-widget-container\">\n\t\t\t\t\t<h2 class=\"elementor-heading-title elementor-size-default\">Inspiraci\u00f3 que brolla de la natura<\/h2>\t\t\t\t<\/div>\n\t\t\t\t<\/div>\n\t\t\t\t<div class=\"elementor-element elementor-element-e00e393 elementor-widget elementor-widget-gallery\" data-id=\"e00e393\" data-element_type=\"widget\" data-e-type=\"widget\" data-settings=\"{&quot;columns&quot;:3,&quot;lazyload&quot;:&quot;yes&quot;,&quot;gallery_layout&quot;:&quot;grid&quot;,&quot;columns_tablet&quot;:2,&quot;columns_mobile&quot;:1,&quot;gap&quot;:{&quot;unit&quot;:&quot;px&quot;,&quot;size&quot;:10,&quot;sizes&quot;:[]},&quot;gap_tablet&quot;:{&quot;unit&quot;:&quot;px&quot;,&quot;size&quot;:10,&quot;sizes&quot;:[]},&quot;gap_mobile&quot;:{&quot;unit&quot;:&quot;px&quot;,&quot;size&quot;:10,&quot;sizes&quot;:[]},&quot;link_to&quot;:&quot;file&quot;,&quot;aspect_ratio&quot;:&quot;3:2&quot;,&quot;overlay_background&quot;:&quot;yes&quot;,&quot;content_hover_animation&quot;:&quot;fade-in&quot;}\" data-widget_type=\"gallery.default\">\n\t\t\t\t<div class=\"elementor-widget-container\">\n\t\t\t\t\t\t\t<div class=\"elementor-gallery__container\">\n\t\t\t\t\t\t\t<a class=\"e-gallery-item elementor-gallery-item elementor-animated-content\" href=\"https:\/\/canribas.com\/wp-content\/uploads\/2026\/02\/martaperezfotografia-bodaencanribas-syc-245.webp\" data-elementor-open-lightbox=\"yes\" data-elementor-lightbox-slideshow=\"e00e393\" data-elementor-lightbox-title=\"martaperezfotografia-bodaencanribas-syc-245\" data-e-action-hash=\"#elementor-action%3Aaction%3Dlightbox%26settings%3DeyJpZCI6MjQ4NDEsInVybCI6Imh0dHBzOlwvXC9jYW5yaWJhcy5jb21cL3dwLWNvbnRlbnRcL3VwbG9hZHNcLzIwMjZcLzAyXC9tYXJ0YXBlcmV6Zm90b2dyYWZpYS1ib2RhZW5jYW5yaWJhcy1zeWMtMjQ1LndlYnAiLCJzbGlkZXNob3ciOiJlMDBlMzkzIn0%3D\">\n\t\t\t\t\t<div class=\"e-gallery-image elementor-gallery-item__image\" data-thumbnail=\"https:\/\/canribas.com\/wp-content\/uploads\/2026\/02\/martaperezfotografia-bodaencanribas-syc-245-768x1150.webp\" data-width=\"768\" data-height=\"1150\" aria-label=\"\" role=\"img\" ><\/div>\n\t\t\t\t\t\t\t\t\t\t\t<div class=\"elementor-gallery-item__overlay\"><\/div>\n\t\t\t\t\t\t\t\t\t\t\t\t\t\t<\/a>\n\t\t\t\t\t\t\t<a class=\"e-gallery-item elementor-gallery-item elementor-animated-content\" href=\"https:\/\/canribas.com\/wp-content\/uploads\/2026\/02\/CANRIBAS-174.webp\" data-elementor-open-lightbox=\"yes\" data-elementor-lightbox-slideshow=\"e00e393\" data-elementor-lightbox-title=\"CANRIBAS-174\" data-e-action-hash=\"#elementor-action%3Aaction%3Dlightbox%26settings%3DeyJpZCI6MjQ4MzUsInVybCI6Imh0dHBzOlwvXC9jYW5yaWJhcy5jb21cL3dwLWNvbnRlbnRcL3VwbG9hZHNcLzIwMjZcLzAyXC9DQU5SSUJBUy0xNzQud2VicCIsInNsaWRlc2hvdyI6ImUwMGUzOTMifQ%3D%3D\">\n\t\t\t\t\t<div class=\"e-gallery-image elementor-gallery-item__image\" data-thumbnail=\"https:\/\/canribas.com\/wp-content\/uploads\/2026\/02\/CANRIBAS-174-768x512.webp\" data-width=\"768\" data-height=\"512\" aria-label=\"\" role=\"img\" ><\/div>\n\t\t\t\t\t\t\t\t\t\t\t<div class=\"elementor-gallery-item__overlay\"><\/div>\n\t\t\t\t\t\t\t\t\t\t\t\t\t\t<\/a>\n\t\t\t\t\t\t\t<a class=\"e-gallery-item elementor-gallery-item elementor-animated-content\" href=\"https:\/\/canribas.com\/wp-content\/uploads\/2026\/02\/22043-PROVEIDORS-027.webp\" data-elementor-open-lightbox=\"yes\" data-elementor-lightbox-slideshow=\"e00e393\" data-elementor-lightbox-title=\"22043 - PROVEIDORS - 027\" data-e-action-hash=\"#elementor-action%3Aaction%3Dlightbox%26settings%3DeyJpZCI6MjQ4MjksInVybCI6Imh0dHBzOlwvXC9jYW5yaWJhcy5jb21cL3dwLWNvbnRlbnRcL3VwbG9hZHNcLzIwMjZcLzAyXC8yMjA0My1QUk9WRUlET1JTLTAyNy53ZWJwIiwic2xpZGVzaG93IjoiZTAwZTM5MyJ9\">\n\t\t\t\t\t<div class=\"e-gallery-image elementor-gallery-item__image\" data-thumbnail=\"https:\/\/canribas.com\/wp-content\/uploads\/2026\/02\/22043-PROVEIDORS-027-768x512.webp\" data-width=\"768\" data-height=\"512\" aria-label=\"\" role=\"img\" ><\/div>\n\t\t\t\t\t\t\t\t\t\t\t<div class=\"elementor-gallery-item__overlay\"><\/div>\n\t\t\t\t\t\t\t\t\t\t\t\t\t\t<\/a>\n\t\t\t\t\t\t\t<a class=\"e-gallery-item elementor-gallery-item elementor-animated-content\" href=\"https:\/\/canribas.com\/wp-content\/uploads\/2026\/02\/13.webp\" data-elementor-open-lightbox=\"yes\" data-elementor-lightbox-slideshow=\"e00e393\" data-elementor-lightbox-title=\"13\" data-e-action-hash=\"#elementor-action%3Aaction%3Dlightbox%26settings%3DeyJpZCI6MjQ4NDQsInVybCI6Imh0dHBzOlwvXC9jYW5yaWJhcy5jb21cL3dwLWNvbnRlbnRcL3VwbG9hZHNcLzIwMjZcLzAyXC8xMy53ZWJwIiwic2xpZGVzaG93IjoiZTAwZTM5MyJ9\">\n\t\t\t\t\t<div class=\"e-gallery-image elementor-gallery-item__image\" data-thumbnail=\"https:\/\/canribas.com\/wp-content\/uploads\/2026\/02\/13-768x1154.webp\" data-width=\"768\" data-height=\"1154\" aria-label=\"\" role=\"img\" ><\/div>\n\t\t\t\t\t\t\t\t\t\t\t<div class=\"elementor-gallery-item__overlay\"><\/div>\n\t\t\t\t\t\t\t\t\t\t\t\t\t\t<\/a>\n\t\t\t\t\t\t\t<a class=\"e-gallery-item elementor-gallery-item elementor-animated-content\" href=\"https:\/\/canribas.com\/wp-content\/uploads\/2026\/02\/22064-PROVEEDORES-004.webp\" data-elementor-open-lightbox=\"yes\" data-elementor-lightbox-slideshow=\"e00e393\" data-elementor-lightbox-title=\"22064 - PROVEEDORES - 004\" data-e-action-hash=\"#elementor-action%3Aaction%3Dlightbox%26settings%3DeyJpZCI6MjQ4NTAsInVybCI6Imh0dHBzOlwvXC9jYW5yaWJhcy5jb21cL3dwLWNvbnRlbnRcL3VwbG9hZHNcLzIwMjZcLzAyXC8yMjA2NC1QUk9WRUVET1JFUy0wMDQud2VicCIsInNsaWRlc2hvdyI6ImUwMGUzOTMifQ%3D%3D\">\n\t\t\t\t\t<div class=\"e-gallery-image elementor-gallery-item__image\" data-thumbnail=\"https:\/\/canribas.com\/wp-content\/uploads\/2026\/02\/22064-PROVEEDORES-004-768x1152.webp\" data-width=\"768\" data-height=\"1152\" aria-label=\"\" role=\"img\" ><\/div>\n\t\t\t\t\t\t\t\t\t\t\t<div class=\"elementor-gallery-item__overlay\"><\/div>\n\t\t\t\t\t\t\t\t\t\t\t\t\t\t<\/a>\n\t\t\t\t\t\t\t<a class=\"e-gallery-item elementor-gallery-item elementor-animated-content\" href=\"https:\/\/canribas.com\/wp-content\/uploads\/2026\/02\/Bienvenida-Can-Ribas-decoracion-florar-1.webp\" data-elementor-open-lightbox=\"yes\" data-elementor-lightbox-slideshow=\"e00e393\" data-elementor-lightbox-title=\"Bienvenida Can Ribas - decoraci\u00f3n florar (1)\" data-e-action-hash=\"#elementor-action%3Aaction%3Dlightbox%26settings%3DeyJpZCI6MjQ4NDcsInVybCI6Imh0dHBzOlwvXC9jYW5yaWJhcy5jb21cL3dwLWNvbnRlbnRcL3VwbG9hZHNcLzIwMjZcLzAyXC9CaWVudmVuaWRhLUNhbi1SaWJhcy1kZWNvcmFjaW9uLWZsb3Jhci0xLndlYnAiLCJzbGlkZXNob3ciOiJlMDBlMzkzIn0%3D\">\n\t\t\t\t\t<div class=\"e-gallery-image elementor-gallery-item__image\" data-thumbnail=\"https:\/\/canribas.com\/wp-content\/uploads\/2026\/02\/Bienvenida-Can-Ribas-decoracion-florar-1-768x1152.webp\" data-width=\"768\" data-height=\"1152\" aria-label=\"\" role=\"img\" ><\/div>\n\t\t\t\t\t\t\t\t\t\t\t<div class=\"elementor-gallery-item__overlay\"><\/div>\n\t\t\t\t\t\t\t\t\t\t\t\t\t\t<\/a>\n\t\t\t\t\t\t\t<a class=\"e-gallery-item elementor-gallery-item elementor-animated-content\" href=\"https:\/\/canribas.com\/wp-content\/uploads\/2026\/02\/IMG_1365.webp\" data-elementor-open-lightbox=\"yes\" data-elementor-lightbox-slideshow=\"e00e393\" data-elementor-lightbox-title=\"IMG_1365\" data-e-action-hash=\"#elementor-action%3Aaction%3Dlightbox%26settings%3DeyJpZCI6MjQ4MzgsInVybCI6Imh0dHBzOlwvXC9jYW5yaWJhcy5jb21cL3dwLWNvbnRlbnRcL3VwbG9hZHNcLzIwMjZcLzAyXC9JTUdfMTM2NS53ZWJwIiwic2xpZGVzaG93IjoiZTAwZTM5MyJ9\">\n\t\t\t\t\t<div class=\"e-gallery-image elementor-gallery-item__image\" data-thumbnail=\"https:\/\/canribas.com\/wp-content\/uploads\/2026\/02\/IMG_1365-768x576.webp\" data-width=\"768\" data-height=\"576\" aria-label=\"\" role=\"img\" ><\/div>\n\t\t\t\t\t\t\t\t\t\t\t<div class=\"elementor-gallery-item__overlay\"><\/div>\n\t\t\t\t\t\t\t\t\t\t\t\t\t\t<\/a>\n\t\t\t\t\t\t\t<a class=\"e-gallery-item elementor-gallery-item elementor-animated-content\" href=\"https:\/\/canribas.com\/wp-content\/uploads\/2026\/02\/0011.webp\" data-elementor-open-lightbox=\"yes\" data-elementor-lightbox-slideshow=\"e00e393\" data-elementor-lightbox-title=\"0011\" data-e-action-hash=\"#elementor-action%3Aaction%3Dlightbox%26settings%3DeyJpZCI6MjQ4MTQsInVybCI6Imh0dHBzOlwvXC9jYW5yaWJhcy5jb21cL3dwLWNvbnRlbnRcL3VwbG9hZHNcLzIwMjZcLzAyXC8wMDExLndlYnAiLCJzbGlkZXNob3ciOiJlMDBlMzkzIn0%3D\">\n\t\t\t\t\t<div class=\"e-gallery-image elementor-gallery-item__image\" data-thumbnail=\"https:\/\/canribas.com\/wp-content\/uploads\/2026\/02\/0011-768x512.webp\" data-width=\"768\" data-height=\"512\" aria-label=\"\" role=\"img\" ><\/div>\n\t\t\t\t\t\t\t\t\t\t\t<div class=\"elementor-gallery-item__overlay\"><\/div>\n\t\t\t\t\t\t\t\t\t\t\t\t\t\t<\/a>\n\t\t\t\t\t\t\t<a class=\"e-gallery-item elementor-gallery-item elementor-animated-content\" href=\"https:\/\/canribas.com\/wp-content\/uploads\/2026\/02\/CANRIBAS-73.webp\" data-elementor-open-lightbox=\"yes\" data-elementor-lightbox-slideshow=\"e00e393\" data-elementor-lightbox-title=\"CANRIBAS-73\" data-e-action-hash=\"#elementor-action%3Aaction%3Dlightbox%26settings%3DeyJpZCI6MjQ4MzIsInVybCI6Imh0dHBzOlwvXC9jYW5yaWJhcy5jb21cL3dwLWNvbnRlbnRcL3VwbG9hZHNcLzIwMjZcLzAyXC9DQU5SSUJBUy03My53ZWJwIiwic2xpZGVzaG93IjoiZTAwZTM5MyJ9\">\n\t\t\t\t\t<div class=\"e-gallery-image elementor-gallery-item__image\" data-thumbnail=\"https:\/\/canribas.com\/wp-content\/uploads\/2026\/02\/CANRIBAS-73-768x512.webp\" data-width=\"768\" data-height=\"512\" aria-label=\"\" role=\"img\" ><\/div>\n\t\t\t\t\t\t\t\t\t\t\t<div class=\"elementor-gallery-item__overlay\"><\/div>\n\t\t\t\t\t\t\t\t\t\t\t\t\t\t<\/a>\n\t\t\t\t\t<\/div>\n\t\t\t\t\t<\/div>\n\t\t\t\t<\/div>\n\t\t\t\t\t<\/div>\n\t\t\t\t<\/div>\n\t\t<div class=\"elementor-element elementor-element-9727e9d e-flex e-con-boxed e-con e-parent\" data-id=\"9727e9d\" data-element_type=\"container\" data-e-type=\"container\" data-settings=\"{&quot;shape_divider_top&quot;:&quot;book&quot;,&quot;background_background&quot;:&quot;classic&quot;}\">\n\t\t\t\t\t<div class=\"e-con-inner\">\n\t\t\t\t<div class=\"elementor-shape elementor-shape-top\" aria-hidden=\"true\" data-negative=\"false\">\n\t\t\t<svg xmlns=\"http:\/\/www.w3.org\/2000\/svg\" viewBox=\"0 0 1000 100\" preserveAspectRatio=\"none\">\n\t<path class=\"elementor-shape-fill\" d=\"M194,99c186.7,0.7,305-78.3,306-97.2c1,18.9,119.3,97.9,306,97.2c114.3-0.3,194,0.3,194,0.3s0-91.7,0-100c0,0,0,0,0-0 L0,0v99.3C0,99.3,79.7,98.7,194,99z\"\/>\n<\/svg>\t\t<\/div>\n\t\t\t\t<div class=\"elementor-element elementor-element-44c3cc9 elementor-widget elementor-widget-heading\" data-id=\"44c3cc9\" data-element_type=\"widget\" data-e-type=\"widget\" data-widget_type=\"heading.default\">\n\t\t\t\t<div class=\"elementor-widget-container\">\n\t\t\t\t\t<h2 class=\"elementor-heading-title elementor-size-default\">Comencem a dissenyar el vostre jard\u00ed particular<\/h2>\t\t\t\t<\/div>\n\t\t\t\t<\/div>\n\t\t\t\t<div class=\"elementor-element elementor-element-da2538a elementor-widget elementor-widget-text-editor\" data-id=\"da2538a\" data-element_type=\"widget\" data-e-type=\"widget\" data-widget_type=\"text-editor.default\">\n\t\t\t\t<div class=\"elementor-widget-container\">\n\t\t\t\t\t\t\t\t\t<p data-pm-slice=\"1 1 []\">Ens encantaria escoltar els vostres somnis i comen\u00e7ar a donar-los forma. Veniu a veure&#8217;ns, passegeu pels nostres jardins i deixeu que us mostrem com farem del vostre casament un record inesborrable.<\/p>\t\t\t\t\t\t\t\t<\/div>\n\t\t\t\t<\/div>\n\t\t\t\t<div class=\"elementor-element elementor-element-20555f1 elementor-align-center elementor-widget elementor-widget-button\" data-id=\"20555f1\" data-element_type=\"widget\" data-e-type=\"widget\" data-widget_type=\"button.default\">\n\t\t\t\t<div class=\"elementor-widget-container\">\n\t\t\t\t\t\t\t\t\t<div class=\"elementor-button-wrapper\">\n\t\t\t\t\t<a class=\"elementor-button elementor-button-link elementor-size-sm\" href=\"https:\/\/canribas.com\/ca\/contacte\/\">\n\t\t\t\t\t\t<span class=\"elementor-button-content-wrapper\">\n\t\t\t\t\t\t\t\t\t<span class=\"elementor-button-text\">Reservar visita a Can Ribas<\/span>\n\t\t\t\t\t<\/span>\n\t\t\t\t\t<\/a>\n\t\t\t\t<\/div>\n\t\t\t\t\t\t\t\t<\/div>\n\t\t\t\t<\/div>\n\t\t\t\t\t<\/div>\n\t\t\t\t<\/div>\n\t\t\t\t<\/div>\n\t\t","protected":false},"excerpt":{"rendered":"<p>DECORACI\u00d3 FLORAL L&#8217;entorn com a marc perfecte Celebrar el vostre casament en una masia a Barcelona significa triar un entorn on la natura \u00e9s la vertadera protagonista. A Can Ribas, cuidem els nostres jardins i espais exteriors perqu\u00e8 llueixin impol\u00b7luts cada dia de l&#8217;any, oferint-vos el marc perfecte per al vostre enlla\u00e7. Can Ribas: un [&hellip;]<\/p>\n","protected":false},"author":6,"featured_media":0,"parent":0,"menu_order":0,"comment_status":"closed","ping_status":"closed","template":"","meta":{"footnotes":""},"class_list":["post-25166","page","type-page","status-publish","hentry"],"_links":{"self":[{"href":"https:\/\/canribas.com\/ca\/wp-json\/wp\/v2\/pages\/25166","targetHints":{"allow":["GET"]}}],"collection":[{"href":"https:\/\/canribas.com\/ca\/wp-json\/wp\/v2\/pages"}],"about":[{"href":"https:\/\/canribas.com\/ca\/wp-json\/wp\/v2\/types\/page"}],"author":[{"embeddable":true,"href":"https:\/\/canribas.com\/ca\/wp-json\/wp\/v2\/users\/6"}],"replies":[{"embeddable":true,"href":"https:\/\/canribas.com\/ca\/wp-json\/wp\/v2\/comments?post=25166"}],"version-history":[{"count":13,"href":"https:\/\/canribas.com\/ca\/wp-json\/wp\/v2\/pages\/25166\/revisions"}],"predecessor-version":[{"id":25282,"href":"https:\/\/canribas.com\/ca\/wp-json\/wp\/v2\/pages\/25166\/revisions\/25282"}],"wp:attachment":[{"href":"https:\/\/canribas.com\/ca\/wp-json\/wp\/v2\/media?parent=25166"}],"curies":[{"name":"wp","href":"https:\/\/api.w.org\/{rel}","templated":true}]}}