{"id":25172,"date":"2026-02-04T07:38:46","date_gmt":"2026-02-04T07:38:46","guid":{"rendered":"https:\/\/canribas.com\/menaje-y-decoracion\/"},"modified":"2026-03-27T13:48:49","modified_gmt":"2026-03-27T13:48:49","slug":"menaje-y-decoracion","status":"publish","type":"page","link":"https:\/\/canribas.com\/ca\/menaje-y-decoracion\/","title":{"rendered":"Parament i decoraci\u00f3 a Can Ribas"},"content":{"rendered":"\t\t<div data-elementor-type=\"wp-page\" data-elementor-id=\"25172\" class=\"elementor elementor-25172 elementor-24880\" data-elementor-post-type=\"page\">\n\t\t\t\t<div class=\"elementor-element elementor-element-d00a1d7 e-flex e-con-boxed e-con e-parent\" data-id=\"d00a1d7\" data-element_type=\"container\" data-e-type=\"container\">\n\t\t\t\t\t<div class=\"e-con-inner\">\n\t\t\t\t<div class=\"elementor-element elementor-element-05aefd1 elementor-widget elementor-widget-heading\" data-id=\"05aefd1\" data-element_type=\"widget\" data-e-type=\"widget\" data-widget_type=\"heading.default\">\n\t\t\t\t<div class=\"elementor-widget-container\">\n\t\t\t\t\t<h1 class=\"elementor-heading-title elementor-size-default\">Parament i decoraci\u00f3 a Can Ribas<\/h1>\t\t\t\t<\/div>\n\t\t\t\t<\/div>\n\t\t\t\t<div class=\"elementor-element elementor-element-0cd9868 elementor-widget elementor-widget-heading\" data-id=\"0cd9868\" data-element_type=\"widget\" data-e-type=\"widget\" data-widget_type=\"heading.default\">\n\t\t\t\t<div class=\"elementor-widget-container\">\n\t\t\t\t\t<h2 class=\"elementor-heading-title elementor-size-default\">L'art de vestir la vostra taula<\/h2>\t\t\t\t<\/div>\n\t\t\t\t<\/div>\n\t\t\t\t<div class=\"elementor-element elementor-element-e49e930 elementor-widget elementor-widget-text-editor\" data-id=\"e49e930\" data-element_type=\"widget\" data-e-type=\"widget\" data-widget_type=\"text-editor.default\">\n\t\t\t\t<div class=\"elementor-widget-container\">\n\t\t\t\t\t\t\t\t\t<p>A <strong>Can Ribas,<\/strong> la taula no t\u00e9 un disseny fix; \u00e9s un reflex de tot all\u00f2 que vulgueu transmetre. Per aix\u00f2, posem a la vostra disposici\u00f3 m\u00faltiples opcions de <strong>parament i decoraci\u00f3 per a casaments<\/strong> amb estils molt diferents, perqu\u00e8 pugueu triar com voleu vestir el vostre sal\u00f3.<\/p><p><br \/>Des de les estovalles fins al detall m\u00e9s petit, cada element est\u00e0 pensat perqu\u00e8 pugueu jugar amb les textures i els colors. Volem que sentiu que el vostre estil flueix en cada detall, creant una atmosfera tan aut\u00e8ntica com la vostra pr\u00f2pia hist\u00f2ria.<\/p>\t\t\t\t\t\t\t\t<\/div>\n\t\t\t\t<\/div>\n\t\t\t\t<div class=\"elementor-element elementor-element-6c1eaf6 elementor-widget__width-inherit elementor-widget elementor-widget-image\" data-id=\"6c1eaf6\" data-element_type=\"widget\" data-e-type=\"widget\" data-widget_type=\"image.default\">\n\t\t\t\t<div class=\"elementor-widget-container\">\n\t\t\t\t\t\t\t\t\t\t\t\t\t\t\t<img fetchpriority=\"high\" decoding=\"async\" width=\"800\" height=\"534\" src=\"https:\/\/canribas.com\/wp-content\/uploads\/2026\/02\/YDRAY-2026_NUVIS-231-1024x683.webp\" class=\"attachment-large size-large wp-image-24888\" alt=\"\" srcset=\"https:\/\/canribas.com\/wp-content\/uploads\/2026\/02\/YDRAY-2026_NUVIS-231-1024x683.webp 1024w, https:\/\/canribas.com\/wp-content\/uploads\/2026\/02\/YDRAY-2026_NUVIS-231-300x200.webp 300w, https:\/\/canribas.com\/wp-content\/uploads\/2026\/02\/YDRAY-2026_NUVIS-231-768x512.webp 768w, https:\/\/canribas.com\/wp-content\/uploads\/2026\/02\/YDRAY-2026_NUVIS-231-1536x1024.webp 1536w, https:\/\/canribas.com\/wp-content\/uploads\/2026\/02\/YDRAY-2026_NUVIS-231.webp 1920w\" sizes=\"(max-width: 800px) 100vw, 800px\" \/>\t\t\t\t\t\t\t\t\t\t\t\t\t\t\t<\/div>\n\t\t\t\t<\/div>\n\t\t\t\t\t<\/div>\n\t\t\t\t<\/div>\n\t\t<div class=\"elementor-element elementor-element-81bba9d e-flex e-con-boxed e-con e-parent\" data-id=\"81bba9d\" data-element_type=\"container\" data-e-type=\"container\" data-settings=\"{&quot;background_background&quot;:&quot;classic&quot;,&quot;shape_divider_top&quot;:&quot;book&quot;}\">\n\t\t\t\t\t<div class=\"e-con-inner\">\n\t\t\t\t<div class=\"elementor-shape elementor-shape-top\" aria-hidden=\"true\" data-negative=\"false\">\n\t\t\t<svg xmlns=\"http:\/\/www.w3.org\/2000\/svg\" viewBox=\"0 0 1000 100\" preserveAspectRatio=\"none\">\n\t<path class=\"elementor-shape-fill\" d=\"M194,99c186.7,0.7,305-78.3,306-97.2c1,18.9,119.3,97.9,306,97.2c114.3-0.3,194,0.3,194,0.3s0-91.7,0-100c0,0,0,0,0-0 L0,0v99.3C0,99.3,79.7,98.7,194,99z\"\/>\n<\/svg>\t\t<\/div>\n\t\t<div class=\"elementor-element elementor-element-c05ed93 e-con-full e-flex e-con e-child\" data-id=\"c05ed93\" data-element_type=\"container\" data-e-type=\"container\">\n\t\t\t\t<div class=\"elementor-element elementor-element-0b675a2 elementor-widget elementor-widget-heading\" data-id=\"0b675a2\" data-element_type=\"widget\" data-e-type=\"widget\" data-widget_type=\"heading.default\">\n\t\t\t\t<div class=\"elementor-widget-container\">\n\t\t\t\t\t<h2 class=\"elementor-heading-title elementor-size-default\">El vostre estil en cada detall<\/h2>\t\t\t\t<\/div>\n\t\t\t\t<\/div>\n\t\t\t\t<\/div>\n\t\t<div class=\"elementor-element elementor-element-7b3af9f e-con-full e-flex e-con e-child\" data-id=\"7b3af9f\" data-element_type=\"container\" data-e-type=\"container\">\n\t\t\t\t<div class=\"elementor-element elementor-element-e1bafc3 elementor-widget elementor-widget-text-editor\" data-id=\"e1bafc3\" data-element_type=\"widget\" data-e-type=\"widget\" data-widget_type=\"text-editor.default\">\n\t\t\t\t<div class=\"elementor-widget-container\">\n\t\t\t\t\t\t\t\t\t<p>A <strong>Can Ribas<\/strong> no creiem en muntatges tancats. Volem que la vostra taula sigui un reflex de la vostra personalitat. Per aix\u00f2, posem a la vostra disposici\u00f3 tot el nostre material perqu\u00e8 pugueu triar i combinar-ho tot per al vostre casament:<\/p><ul><li style=\"font-weight: 400;\" aria-level=\"1\"><strong>Mobiliari propi:<\/strong> Disposem de diferents opcions de taules per crear la base que millor encaixi amb el tipus de banquet que imagineu.<\/li><li style=\"font-weight: 400;\" aria-level=\"1\"><strong>Varietat de parament:<\/strong> Comptareu amb m\u00faltiples opcions de vaixella i cristalleria. Podeu triar entre diferents estils perqu\u00e8 cada element aporti el toc que busqueu.<\/li><li style=\"font-weight: 400;\" aria-level=\"1\"><strong>Centres de taula i seating plan:<\/strong> Renovem les nostres propostes de centres de taula i detalls decoratius cada temporada, sempre fidels al nostre estil per\u00f2 tenint en compte les tend\u00e8ncies actuals.<\/li><\/ul>\t\t\t\t\t\t\t\t<\/div>\n\t\t\t\t<\/div>\n\t\t\t\t<\/div>\n\t\t<div class=\"elementor-element elementor-element-78452f6 e-con-full e-flex e-con e-child\" data-id=\"78452f6\" data-element_type=\"container\" data-e-type=\"container\">\n\t\t\t\t<div class=\"elementor-element elementor-element-111f9ac elementor-widget elementor-widget-image\" data-id=\"111f9ac\" data-element_type=\"widget\" data-e-type=\"widget\" data-widget_type=\"image.default\">\n\t\t\t\t<div class=\"elementor-widget-container\">\n\t\t\t\t\t\t\t\t\t\t\t\t\t\t\t<img decoding=\"async\" width=\"800\" height=\"534\" src=\"https:\/\/canribas.com\/wp-content\/uploads\/2026\/02\/CANRIBAS-10-1024x683.webp\" class=\"attachment-large size-large wp-image-24891\" alt=\"\" srcset=\"https:\/\/canribas.com\/wp-content\/uploads\/2026\/02\/CANRIBAS-10-1024x683.webp 1024w, https:\/\/canribas.com\/wp-content\/uploads\/2026\/02\/CANRIBAS-10-300x200.webp 300w, https:\/\/canribas.com\/wp-content\/uploads\/2026\/02\/CANRIBAS-10-768x512.webp 768w, https:\/\/canribas.com\/wp-content\/uploads\/2026\/02\/CANRIBAS-10-1536x1024.webp 1536w, https:\/\/canribas.com\/wp-content\/uploads\/2026\/02\/CANRIBAS-10.webp 1920w\" sizes=\"(max-width: 800px) 100vw, 800px\" \/>\t\t\t\t\t\t\t\t\t\t\t\t\t\t\t<\/div>\n\t\t\t\t<\/div>\n\t\t\t\t<\/div>\n\t\t\t\t\t<\/div>\n\t\t\t\t<\/div>\n\t\t<div class=\"elementor-element elementor-element-2adc23d e-flex e-con-boxed e-con e-parent\" data-id=\"2adc23d\" data-element_type=\"container\" data-e-type=\"container\">\n\t\t\t\t\t<div class=\"e-con-inner\">\n\t\t\t\t<div class=\"elementor-element elementor-element-1afd1fe elementor-widget elementor-widget-heading\" data-id=\"1afd1fe\" data-element_type=\"widget\" data-e-type=\"widget\" data-widget_type=\"heading.default\">\n\t\t\t\t<div class=\"elementor-widget-container\">\n\t\t\t\t\t<h2 class=\"elementor-heading-title elementor-size-default\">Esdeveniments a mida: la personalitzaci\u00f3 del vostre dia<\/h2>\t\t\t\t<\/div>\n\t\t\t\t<\/div>\n\t\t\t\t<div class=\"elementor-element elementor-element-7a2550b elementor-widget elementor-widget-text-editor\" data-id=\"7a2550b\" data-element_type=\"widget\" data-e-type=\"widget\" data-widget_type=\"text-editor.default\">\n\t\t\t\t<div class=\"elementor-widget-container\">\n\t\t\t\t\t\t\t\t\t<p>Cada parella teniu el vostre estil i el nostre objectiu \u00e9s que es reflecteixi el dia del vostre casament a la nostra masia a prop de Barcelona. No creiem en f\u00f3rmules r\u00edgides. Ens assegurem de seure amb vosaltres per triar aquella combinaci\u00f3 de sotaplats, camins de taula, copes i centres de taula que parli de qui sou.<\/p><p><br \/>En tenir tot el material a casa, teniu la llibertat de provar combinacions fins a trobar la que m\u00e9s us identifiqui. Nosaltres ens encarreguem que tot estigui impecable el dia del vostre casament.<\/p>\t\t\t\t\t\t\t\t<\/div>\n\t\t\t\t<\/div>\n\t\t\t\t<div class=\"elementor-element elementor-element-6d94bfb elementor-widget elementor-widget-gallery\" data-id=\"6d94bfb\" data-element_type=\"widget\" data-e-type=\"widget\" data-settings=\"{&quot;columns&quot;:3,&quot;gap&quot;:{&quot;unit&quot;:&quot;px&quot;,&quot;size&quot;:9,&quot;sizes&quot;:[]},&quot;lazyload&quot;:&quot;yes&quot;,&quot;gallery_layout&quot;:&quot;grid&quot;,&quot;columns_tablet&quot;:2,&quot;columns_mobile&quot;:1,&quot;gap_tablet&quot;:{&quot;unit&quot;:&quot;px&quot;,&quot;size&quot;:10,&quot;sizes&quot;:[]},&quot;gap_mobile&quot;:{&quot;unit&quot;:&quot;px&quot;,&quot;size&quot;:10,&quot;sizes&quot;:[]},&quot;link_to&quot;:&quot;file&quot;,&quot;aspect_ratio&quot;:&quot;3:2&quot;,&quot;overlay_background&quot;:&quot;yes&quot;,&quot;content_hover_animation&quot;:&quot;fade-in&quot;}\" data-widget_type=\"gallery.default\">\n\t\t\t\t<div class=\"elementor-widget-container\">\n\t\t\t\t\t\t\t<div class=\"elementor-gallery__container\">\n\t\t\t\t\t\t\t<a class=\"e-gallery-item elementor-gallery-item elementor-animated-content\" href=\"https:\/\/canribas.com\/wp-content\/uploads\/2026\/02\/2026_NUVIS-153.webp\" data-elementor-open-lightbox=\"yes\" data-elementor-lightbox-slideshow=\"6d94bfb\" data-elementor-lightbox-title=\"2026_NUVIS-153\" data-e-action-hash=\"#elementor-action%3Aaction%3Dlightbox%26settings%3DeyJpZCI6MjQ4OTYsInVybCI6Imh0dHBzOlwvXC9jYW5yaWJhcy5jb21cL3dwLWNvbnRlbnRcL3VwbG9hZHNcLzIwMjZcLzAyXC8yMDI2X05VVklTLTE1My53ZWJwIiwic2xpZGVzaG93IjoiNmQ5NGJmYiJ9\">\n\t\t\t\t\t<div class=\"e-gallery-image elementor-gallery-item__image\" data-thumbnail=\"https:\/\/canribas.com\/wp-content\/uploads\/2026\/02\/2026_NUVIS-153-768x512.webp\" data-width=\"768\" data-height=\"512\" aria-label=\"\" role=\"img\" ><\/div>\n\t\t\t\t\t\t\t\t\t\t\t<div class=\"elementor-gallery-item__overlay\"><\/div>\n\t\t\t\t\t\t\t\t\t\t\t\t\t\t<\/a>\n\t\t\t\t\t\t\t<a class=\"e-gallery-item elementor-gallery-item elementor-animated-content\" href=\"https:\/\/canribas.com\/wp-content\/uploads\/2026\/02\/CANRIBAS-63.webp\" data-elementor-open-lightbox=\"yes\" data-elementor-lightbox-slideshow=\"6d94bfb\" data-elementor-lightbox-title=\"CANRIBAS-63\" data-e-action-hash=\"#elementor-action%3Aaction%3Dlightbox%26settings%3DeyJpZCI6MjQ4OTksInVybCI6Imh0dHBzOlwvXC9jYW5yaWJhcy5jb21cL3dwLWNvbnRlbnRcL3VwbG9hZHNcLzIwMjZcLzAyXC9DQU5SSUJBUy02My53ZWJwIiwic2xpZGVzaG93IjoiNmQ5NGJmYiJ9\">\n\t\t\t\t\t<div class=\"e-gallery-image elementor-gallery-item__image\" data-thumbnail=\"https:\/\/canribas.com\/wp-content\/uploads\/2026\/02\/CANRIBAS-63-768x512.webp\" data-width=\"768\" data-height=\"512\" aria-label=\"\" role=\"img\" ><\/div>\n\t\t\t\t\t\t\t\t\t\t\t<div class=\"elementor-gallery-item__overlay\"><\/div>\n\t\t\t\t\t\t\t\t\t\t\t\t\t\t<\/a>\n\t\t\t\t\t\t\t<a class=\"e-gallery-item elementor-gallery-item elementor-animated-content\" href=\"https:\/\/canribas.com\/wp-content\/uploads\/2026\/02\/CANRIBAS-102.webp\" data-elementor-open-lightbox=\"yes\" data-elementor-lightbox-slideshow=\"6d94bfb\" data-elementor-lightbox-title=\"CANRIBAS-102\" data-e-action-hash=\"#elementor-action%3Aaction%3Dlightbox%26settings%3DeyJpZCI6MjQ5MDIsInVybCI6Imh0dHBzOlwvXC9jYW5yaWJhcy5jb21cL3dwLWNvbnRlbnRcL3VwbG9hZHNcLzIwMjZcLzAyXC9DQU5SSUJBUy0xMDIud2VicCIsInNsaWRlc2hvdyI6IjZkOTRiZmIifQ%3D%3D\">\n\t\t\t\t\t<div class=\"e-gallery-image elementor-gallery-item__image\" data-thumbnail=\"https:\/\/canribas.com\/wp-content\/uploads\/2026\/02\/CANRIBAS-102-768x512.webp\" data-width=\"768\" data-height=\"512\" aria-label=\"\" role=\"img\" ><\/div>\n\t\t\t\t\t\t\t\t\t\t\t<div class=\"elementor-gallery-item__overlay\"><\/div>\n\t\t\t\t\t\t\t\t\t\t\t\t\t\t<\/a>\n\t\t\t\t\t\t\t<a class=\"e-gallery-item elementor-gallery-item elementor-animated-content\" href=\"https:\/\/canribas.com\/wp-content\/uploads\/2026\/02\/CANRIBAS-115.webp\" data-elementor-open-lightbox=\"yes\" data-elementor-lightbox-slideshow=\"6d94bfb\" data-elementor-lightbox-title=\"CANRIBAS-115\" data-e-action-hash=\"#elementor-action%3Aaction%3Dlightbox%26settings%3DeyJpZCI6MjQ5MDUsInVybCI6Imh0dHBzOlwvXC9jYW5yaWJhcy5jb21cL3dwLWNvbnRlbnRcL3VwbG9hZHNcLzIwMjZcLzAyXC9DQU5SSUJBUy0xMTUud2VicCIsInNsaWRlc2hvdyI6IjZkOTRiZmIifQ%3D%3D\">\n\t\t\t\t\t<div class=\"e-gallery-image elementor-gallery-item__image\" data-thumbnail=\"https:\/\/canribas.com\/wp-content\/uploads\/2026\/02\/CANRIBAS-115-768x512.webp\" data-width=\"768\" data-height=\"512\" aria-label=\"\" role=\"img\" ><\/div>\n\t\t\t\t\t\t\t\t\t\t\t<div class=\"elementor-gallery-item__overlay\"><\/div>\n\t\t\t\t\t\t\t\t\t\t\t\t\t\t<\/a>\n\t\t\t\t\t\t\t<a class=\"e-gallery-item elementor-gallery-item elementor-animated-content\" href=\"https:\/\/canribas.com\/wp-content\/uploads\/2026\/02\/CANRIBAS-236.webp\" data-elementor-open-lightbox=\"yes\" data-elementor-lightbox-slideshow=\"6d94bfb\" data-elementor-lightbox-title=\"CANRIBAS-236\" data-e-action-hash=\"#elementor-action%3Aaction%3Dlightbox%26settings%3DeyJpZCI6MjQ5MDgsInVybCI6Imh0dHBzOlwvXC9jYW5yaWJhcy5jb21cL3dwLWNvbnRlbnRcL3VwbG9hZHNcLzIwMjZcLzAyXC9DQU5SSUJBUy0yMzYud2VicCIsInNsaWRlc2hvdyI6IjZkOTRiZmIifQ%3D%3D\">\n\t\t\t\t\t<div class=\"e-gallery-image elementor-gallery-item__image\" data-thumbnail=\"https:\/\/canribas.com\/wp-content\/uploads\/2026\/02\/CANRIBAS-236-768x512.webp\" data-width=\"768\" data-height=\"512\" aria-label=\"\" role=\"img\" ><\/div>\n\t\t\t\t\t\t\t\t\t\t\t<div class=\"elementor-gallery-item__overlay\"><\/div>\n\t\t\t\t\t\t\t\t\t\t\t\t\t\t<\/a>\n\t\t\t\t\t\t\t<a class=\"e-gallery-item elementor-gallery-item elementor-animated-content\" href=\"https:\/\/canribas.com\/wp-content\/uploads\/2026\/02\/CANRIBAS-431.webp\" data-elementor-open-lightbox=\"yes\" data-elementor-lightbox-slideshow=\"6d94bfb\" data-elementor-lightbox-title=\"CANRIBAS-431\" data-e-action-hash=\"#elementor-action%3Aaction%3Dlightbox%26settings%3DeyJpZCI6MjQ5MTEsInVybCI6Imh0dHBzOlwvXC9jYW5yaWJhcy5jb21cL3dwLWNvbnRlbnRcL3VwbG9hZHNcLzIwMjZcLzAyXC9DQU5SSUJBUy00MzEud2VicCIsInNsaWRlc2hvdyI6IjZkOTRiZmIifQ%3D%3D\">\n\t\t\t\t\t<div class=\"e-gallery-image elementor-gallery-item__image\" data-thumbnail=\"https:\/\/canribas.com\/wp-content\/uploads\/2026\/02\/CANRIBAS-431-768x512.webp\" data-width=\"768\" data-height=\"512\" aria-label=\"\" role=\"img\" ><\/div>\n\t\t\t\t\t\t\t\t\t\t\t<div class=\"elementor-gallery-item__overlay\"><\/div>\n\t\t\t\t\t\t\t\t\t\t\t\t\t\t<\/a>\n\t\t\t\t\t\t\t<a class=\"e-gallery-item elementor-gallery-item elementor-animated-content\" href=\"https:\/\/canribas.com\/wp-content\/uploads\/2026\/02\/JavierNuriaABR-0838.webp\" data-elementor-open-lightbox=\"yes\" data-elementor-lightbox-slideshow=\"6d94bfb\" data-elementor-lightbox-title=\"Javier+N\u00fariaABR 0838\" data-e-action-hash=\"#elementor-action%3Aaction%3Dlightbox%26settings%3DeyJpZCI6MjQ5MTQsInVybCI6Imh0dHBzOlwvXC9jYW5yaWJhcy5jb21cL3dwLWNvbnRlbnRcL3VwbG9hZHNcLzIwMjZcLzAyXC9KYXZpZXJOdXJpYUFCUi0wODM4LndlYnAiLCJzbGlkZXNob3ciOiI2ZDk0YmZiIn0%3D\">\n\t\t\t\t\t<div class=\"e-gallery-image elementor-gallery-item__image\" data-thumbnail=\"https:\/\/canribas.com\/wp-content\/uploads\/2026\/02\/JavierNuriaABR-0838-768x1151.webp\" data-width=\"768\" data-height=\"1151\" aria-label=\"\" role=\"img\" ><\/div>\n\t\t\t\t\t\t\t\t\t\t\t<div class=\"elementor-gallery-item__overlay\"><\/div>\n\t\t\t\t\t\t\t\t\t\t\t\t\t\t<\/a>\n\t\t\t\t\t\t\t<a class=\"e-gallery-item elementor-gallery-item elementor-animated-content\" href=\"https:\/\/canribas.com\/wp-content\/uploads\/2026\/02\/Mesas-largas-madera.webp\" data-elementor-open-lightbox=\"yes\" data-elementor-lightbox-slideshow=\"6d94bfb\" data-elementor-lightbox-title=\"Mesas largas - madera\" data-e-action-hash=\"#elementor-action%3Aaction%3Dlightbox%26settings%3DeyJpZCI6MjQ5MTcsInVybCI6Imh0dHBzOlwvXC9jYW5yaWJhcy5jb21cL3dwLWNvbnRlbnRcL3VwbG9hZHNcLzIwMjZcLzAyXC9NZXNhcy1sYXJnYXMtbWFkZXJhLndlYnAiLCJzbGlkZXNob3ciOiI2ZDk0YmZiIn0%3D\">\n\t\t\t\t\t<div class=\"e-gallery-image elementor-gallery-item__image\" data-thumbnail=\"https:\/\/canribas.com\/wp-content\/uploads\/2026\/02\/Mesas-largas-madera-768x1152.webp\" data-width=\"768\" data-height=\"1152\" aria-label=\"\" role=\"img\" ><\/div>\n\t\t\t\t\t\t\t\t\t\t\t<div class=\"elementor-gallery-item__overlay\"><\/div>\n\t\t\t\t\t\t\t\t\t\t\t\t\t\t<\/a>\n\t\t\t\t\t\t\t<a class=\"e-gallery-item elementor-gallery-item elementor-animated-content\" href=\"https:\/\/canribas.com\/wp-content\/uploads\/2026\/02\/YDRAY-2026_NUVIS-199.webp\" data-elementor-open-lightbox=\"yes\" data-elementor-lightbox-slideshow=\"6d94bfb\" data-elementor-lightbox-title=\"YDRAY-2026_NUVIS-199\" data-e-action-hash=\"#elementor-action%3Aaction%3Dlightbox%26settings%3DeyJpZCI6MjQ5MjAsInVybCI6Imh0dHBzOlwvXC9jYW5yaWJhcy5jb21cL3dwLWNvbnRlbnRcL3VwbG9hZHNcLzIwMjZcLzAyXC9ZRFJBWS0yMDI2X05VVklTLTE5OS53ZWJwIiwic2xpZGVzaG93IjoiNmQ5NGJmYiJ9\">\n\t\t\t\t\t<div class=\"e-gallery-image elementor-gallery-item__image\" data-thumbnail=\"https:\/\/canribas.com\/wp-content\/uploads\/2026\/02\/YDRAY-2026_NUVIS-199-768x512.webp\" data-width=\"768\" data-height=\"512\" aria-label=\"\" role=\"img\" ><\/div>\n\t\t\t\t\t\t\t\t\t\t\t<div class=\"elementor-gallery-item__overlay\"><\/div>\n\t\t\t\t\t\t\t\t\t\t\t\t\t\t<\/a>\n\t\t\t\t\t<\/div>\n\t\t\t\t\t<\/div>\n\t\t\t\t<\/div>\n\t\t\t\t\t<\/div>\n\t\t\t\t<\/div>\n\t\t<div class=\"elementor-element elementor-element-56bb4d4 e-flex e-con-boxed e-con e-parent\" data-id=\"56bb4d4\" data-element_type=\"container\" data-e-type=\"container\" data-settings=\"{&quot;shape_divider_top&quot;:&quot;book&quot;,&quot;background_background&quot;:&quot;classic&quot;}\">\n\t\t\t\t\t<div class=\"e-con-inner\">\n\t\t\t\t<div class=\"elementor-shape elementor-shape-top\" aria-hidden=\"true\" data-negative=\"false\">\n\t\t\t<svg xmlns=\"http:\/\/www.w3.org\/2000\/svg\" viewBox=\"0 0 1000 100\" preserveAspectRatio=\"none\">\n\t<path class=\"elementor-shape-fill\" d=\"M194,99c186.7,0.7,305-78.3,306-97.2c1,18.9,119.3,97.9,306,97.2c114.3-0.3,194,0.3,194,0.3s0-91.7,0-100c0,0,0,0,0-0 L0,0v99.3C0,99.3,79.7,98.7,194,99z\"\/>\n<\/svg>\t\t<\/div>\n\t\t\t\t<div class=\"elementor-element elementor-element-e89962d elementor-widget elementor-widget-heading\" data-id=\"e89962d\" data-element_type=\"widget\" data-e-type=\"widget\" data-widget_type=\"heading.default\">\n\t\t\t\t<div class=\"elementor-widget-container\">\n\t\t\t\t\t<h2 class=\"elementor-heading-title elementor-size-default\">Parlem sobre la decoraci\u00f3 del vostre dia?<\/h2>\t\t\t\t<\/div>\n\t\t\t\t<\/div>\n\t\t\t\t<div class=\"elementor-element elementor-element-cddd77b elementor-widget elementor-widget-text-editor\" data-id=\"cddd77b\" data-element_type=\"widget\" data-e-type=\"widget\" data-widget_type=\"text-editor.default\">\n\t\t\t\t<div class=\"elementor-widget-container\">\n\t\t\t\t\t\t\t\t\t<p>Estem aqu\u00ed per guiar-vos i ajudar-vos a combinar textures i formes fins a trobar l&#8217;estil exacte que teniu al cap. Veniu a visitar-nos i descobriu com vestim els moments importants.<\/p>\t\t\t\t\t\t\t\t<\/div>\n\t\t\t\t<\/div>\n\t\t\t\t<div class=\"elementor-element elementor-element-0937776 elementor-align-center elementor-widget elementor-widget-button\" data-id=\"0937776\" data-element_type=\"widget\" data-e-type=\"widget\" data-widget_type=\"button.default\">\n\t\t\t\t<div class=\"elementor-widget-container\">\n\t\t\t\t\t\t\t\t\t<div class=\"elementor-button-wrapper\">\n\t\t\t\t\t<a class=\"elementor-button elementor-button-link elementor-size-sm\" href=\"https:\/\/canribas.com\/ca\/contacte\/\">\n\t\t\t\t\t\t<span class=\"elementor-button-content-wrapper\">\n\t\t\t\t\t\t\t\t\t<span class=\"elementor-button-text\">Veniu a con\u00e8ixer la Masia Can Ribas<\/span>\n\t\t\t\t\t<\/span>\n\t\t\t\t\t<\/a>\n\t\t\t\t<\/div>\n\t\t\t\t\t\t\t\t<\/div>\n\t\t\t\t<\/div>\n\t\t\t\t\t<\/div>\n\t\t\t\t<\/div>\n\t\t\t\t<\/div>\n\t\t","protected":false},"excerpt":{"rendered":"<p>Parament i decoraci\u00f3 a Can Ribas L&#8217;art de vestir la vostra taula A Can Ribas, la taula no t\u00e9 un disseny fix; \u00e9s un reflex de tot all\u00f2 que vulgueu transmetre. Per aix\u00f2, posem a la vostra disposici\u00f3 m\u00faltiples opcions de parament i decoraci\u00f3 per a casaments amb estils molt diferents, perqu\u00e8 pugueu triar com [&hellip;]<\/p>\n","protected":false},"author":6,"featured_media":0,"parent":0,"menu_order":0,"comment_status":"closed","ping_status":"closed","template":"","meta":{"footnotes":""},"class_list":["post-25172","page","type-page","status-publish","hentry"],"_links":{"self":[{"href":"https:\/\/canribas.com\/ca\/wp-json\/wp\/v2\/pages\/25172","targetHints":{"allow":["GET"]}}],"collection":[{"href":"https:\/\/canribas.com\/ca\/wp-json\/wp\/v2\/pages"}],"about":[{"href":"https:\/\/canribas.com\/ca\/wp-json\/wp\/v2\/types\/page"}],"author":[{"embeddable":true,"href":"https:\/\/canribas.com\/ca\/wp-json\/wp\/v2\/users\/6"}],"replies":[{"embeddable":true,"href":"https:\/\/canribas.com\/ca\/wp-json\/wp\/v2\/comments?post=25172"}],"version-history":[{"count":13,"href":"https:\/\/canribas.com\/ca\/wp-json\/wp\/v2\/pages\/25172\/revisions"}],"predecessor-version":[{"id":25292,"href":"https:\/\/canribas.com\/ca\/wp-json\/wp\/v2\/pages\/25172\/revisions\/25292"}],"wp:attachment":[{"href":"https:\/\/canribas.com\/ca\/wp-json\/wp\/v2\/media?parent=25172"}],"curies":[{"name":"wp","href":"https:\/\/api.w.org\/{rel}","templated":true}]}}