{"id":25184,"date":"2026-02-04T07:43:31","date_gmt":"2026-02-04T07:43:31","guid":{"rendered":"https:\/\/canribas.com\/seating-plan\/"},"modified":"2026-03-27T13:48:10","modified_gmt":"2026-03-27T13:48:10","slug":"seating-plan","status":"publish","type":"page","link":"https:\/\/canribas.com\/ca\/seating-plan\/","title":{"rendered":"Seating Plan"},"content":{"rendered":"\t\t<div data-elementor-type=\"wp-page\" data-elementor-id=\"25184\" class=\"elementor elementor-25184 elementor-24926\" data-elementor-post-type=\"page\">\n\t\t\t\t<div class=\"elementor-element elementor-element-d00a1d7 e-flex e-con-boxed e-con e-parent\" data-id=\"d00a1d7\" data-element_type=\"container\" data-e-type=\"container\">\n\t\t\t\t\t<div class=\"e-con-inner\">\n\t\t\t\t<div class=\"elementor-element elementor-element-05aefd1 elementor-widget elementor-widget-heading\" data-id=\"05aefd1\" data-element_type=\"widget\" data-e-type=\"widget\" data-widget_type=\"heading.default\">\n\t\t\t\t<div class=\"elementor-widget-container\">\n\t\t\t\t\t<h1 class=\"elementor-heading-title elementor-size-default\">EL SEATING PLAN DEL VOSTRE CASAMENT<\/h1>\t\t\t\t<\/div>\n\t\t\t\t<\/div>\n\t\t\t\t<div class=\"elementor-element elementor-element-0cd9868 elementor-widget elementor-widget-heading\" data-id=\"0cd9868\" data-element_type=\"widget\" data-e-type=\"widget\" data-widget_type=\"heading.default\">\n\t\t\t\t<div class=\"elementor-widget-container\">\n\t\t\t\t\t<h2 class=\"elementor-heading-title elementor-size-default\">El vostre rac\u00f3 de benvinguda a Can Ribas<\/h2>\t\t\t\t<\/div>\n\t\t\t\t<\/div>\n\t\t\t\t<div class=\"elementor-element elementor-element-e49e930 elementor-widget elementor-widget-text-editor\" data-id=\"e49e930\" data-element_type=\"widget\" data-e-type=\"widget\" data-widget_type=\"text-editor.default\">\n\t\t\t\t<div class=\"elementor-widget-container\">\n\t\t\t\t\t\t\t\t\t<p>El Seating Plan \u00e9s molt m\u00e9s que el protocol; \u00e9s el primer cap\u00edtol on comenceu a explicar la vostra hist\u00f2ria a aquells qui m\u00e9s estimeu. A Can Ribas, dissenyem aquest rac\u00f3 perqu\u00e8 cada convidat es descobreixi en els vostres detalls i senti que, des d&#8217;aquest instant, la celebraci\u00f3 ja ha comen\u00e7at.<\/p>\t\t\t\t\t\t\t\t<\/div>\n\t\t\t\t<\/div>\n\t\t\t\t<div class=\"elementor-element elementor-element-6c1eaf6 elementor-widget__width-inherit elementor-widget elementor-widget-image\" data-id=\"6c1eaf6\" data-element_type=\"widget\" data-e-type=\"widget\" data-widget_type=\"image.default\">\n\t\t\t\t<div class=\"elementor-widget-container\">\n\t\t\t\t\t\t\t\t\t\t\t\t\t\t\t<img fetchpriority=\"high\" decoding=\"async\" width=\"800\" height=\"534\" src=\"https:\/\/canribas.com\/wp-content\/uploads\/2026\/02\/CANRIBAS-128-1024x683.webp\" class=\"attachment-large size-large wp-image-24944\" alt=\"\" srcset=\"https:\/\/canribas.com\/wp-content\/uploads\/2026\/02\/CANRIBAS-128-1024x683.webp 1024w, https:\/\/canribas.com\/wp-content\/uploads\/2026\/02\/CANRIBAS-128-300x200.webp 300w, https:\/\/canribas.com\/wp-content\/uploads\/2026\/02\/CANRIBAS-128-768x512.webp 768w, https:\/\/canribas.com\/wp-content\/uploads\/2026\/02\/CANRIBAS-128-1536x1024.webp 1536w, https:\/\/canribas.com\/wp-content\/uploads\/2026\/02\/CANRIBAS-128.webp 1920w\" sizes=\"(max-width: 800px) 100vw, 800px\" \/>\t\t\t\t\t\t\t\t\t\t\t\t\t\t\t<\/div>\n\t\t\t\t<\/div>\n\t\t\t\t\t<\/div>\n\t\t\t\t<\/div>\n\t\t<div class=\"elementor-element elementor-element-81bba9d e-flex e-con-boxed e-con e-parent\" data-id=\"81bba9d\" data-element_type=\"container\" data-e-type=\"container\" data-settings=\"{&quot;background_background&quot;:&quot;classic&quot;,&quot;shape_divider_top&quot;:&quot;book&quot;}\">\n\t\t\t\t\t<div class=\"e-con-inner\">\n\t\t\t\t<div class=\"elementor-shape elementor-shape-top\" aria-hidden=\"true\" data-negative=\"false\">\n\t\t\t<svg xmlns=\"http:\/\/www.w3.org\/2000\/svg\" viewBox=\"0 0 1000 100\" preserveAspectRatio=\"none\">\n\t<path class=\"elementor-shape-fill\" d=\"M194,99c186.7,0.7,305-78.3,306-97.2c1,18.9,119.3,97.9,306,97.2c114.3-0.3,194,0.3,194,0.3s0-91.7,0-100c0,0,0,0,0-0 L0,0v99.3C0,99.3,79.7,98.7,194,99z\"\/>\n<\/svg>\t\t<\/div>\n\t\t<div class=\"elementor-element elementor-element-c05ed93 e-con-full e-flex e-con e-child\" data-id=\"c05ed93\" data-element_type=\"container\" data-e-type=\"container\">\n\t\t\t\t<div class=\"elementor-element elementor-element-0b675a2 elementor-widget elementor-widget-heading\" data-id=\"0b675a2\" data-element_type=\"widget\" data-e-type=\"widget\" data-widget_type=\"heading.default\">\n\t\t\t\t<div class=\"elementor-widget-container\">\n\t\t\t\t\t<h2 class=\"elementor-heading-title elementor-size-default\">Un Seating Plan per a casaments amb \u00e0nima i estil<\/h2>\t\t\t\t<\/div>\n\t\t\t\t<\/div>\n\t\t\t\t<\/div>\n\t\t<div class=\"elementor-element elementor-element-7b3af9f e-con-full e-flex e-con e-child\" data-id=\"7b3af9f\" data-element_type=\"container\" data-e-type=\"container\">\n\t\t\t\t<div class=\"elementor-element elementor-element-e1bafc3 elementor-widget elementor-widget-text-editor\" data-id=\"e1bafc3\" data-element_type=\"widget\" data-e-type=\"widget\" data-widget_type=\"text-editor.default\">\n\t\t\t\t<div class=\"elementor-widget-container\">\n\t\t\t\t\t\t\t\t\t<p>Sabem que organitzar els vostres \u00e9ssers estimats \u00e9s, sobretot, un gest d&#8217;afecte. Per aix\u00f2, a Can Ribas sempre intentem que cada parella trobi el seu estil i l&#8217;opci\u00f3 que millor expliqui la seva hist\u00f2ria; per aquest motiu, disposem de m\u00faltiples opcions actuals i fidels al nostre estil per al vostre <strong>casament a prop de Barcelona.<\/strong><\/p><p>Perqu\u00e8 l&#8217;organitzaci\u00f3 de les taules sigui un proc\u00e9s agradable i sense complicacions, tindreu a la vostra disposici\u00f3 el nostre <strong>programa muntador de taules<\/strong>, una eina que us facilitar\u00e0 la feina de planificaci\u00f3.<\/p><p>Vosaltres nom\u00e9s heu d&#8217;organitzar les taules. De la resta ens n&#8217;encarreguem nosaltres: ens ocupem de tota la <strong>preparaci\u00f3 i el muntatge final<\/strong> perqu\u00e8, quan arribi el dia del casament, tot estigui a punt i tal com us ho hav\u00edeu imaginat.<\/p>\t\t\t\t\t\t\t\t<\/div>\n\t\t\t\t<\/div>\n\t\t\t\t<\/div>\n\t\t<div class=\"elementor-element elementor-element-78452f6 e-con-full e-flex e-con e-child\" data-id=\"78452f6\" data-element_type=\"container\" data-e-type=\"container\">\n\t\t\t\t<div class=\"elementor-element elementor-element-111f9ac elementor-widget elementor-widget-image\" data-id=\"111f9ac\" data-element_type=\"widget\" data-e-type=\"widget\" data-widget_type=\"image.default\">\n\t\t\t\t<div class=\"elementor-widget-container\">\n\t\t\t\t\t\t\t\t\t\t\t\t\t\t\t<img decoding=\"async\" width=\"800\" height=\"533\" src=\"https:\/\/canribas.com\/wp-content\/uploads\/2026\/02\/CANRIBAS-136.webp\" class=\"attachment-large size-large wp-image-24947\" alt=\"\" srcset=\"https:\/\/canribas.com\/wp-content\/uploads\/2026\/02\/CANRIBAS-136.webp 900w, https:\/\/canribas.com\/wp-content\/uploads\/2026\/02\/CANRIBAS-136-300x200.webp 300w, https:\/\/canribas.com\/wp-content\/uploads\/2026\/02\/CANRIBAS-136-768x512.webp 768w\" sizes=\"(max-width: 800px) 100vw, 800px\" \/>\t\t\t\t\t\t\t\t\t\t\t\t\t\t\t<\/div>\n\t\t\t\t<\/div>\n\t\t\t\t<\/div>\n\t\t\t\t\t<\/div>\n\t\t\t\t<\/div>\n\t\t<div class=\"elementor-element elementor-element-2adc23d e-flex e-con-boxed e-con e-parent\" data-id=\"2adc23d\" data-element_type=\"container\" data-e-type=\"container\">\n\t\t\t\t\t<div class=\"e-con-inner\">\n\t\t\t\t<div class=\"elementor-element elementor-element-1afd1fe elementor-widget elementor-widget-heading\" data-id=\"1afd1fe\" data-element_type=\"widget\" data-e-type=\"widget\" data-widget_type=\"heading.default\">\n\t\t\t\t<div class=\"elementor-widget-container\">\n\t\t\t\t\t<h2 class=\"elementor-heading-title elementor-size-default\">Personalitzaci\u00f3: la vostra hist\u00f2ria en cada nom<\/h2>\t\t\t\t<\/div>\n\t\t\t\t<\/div>\n\t\t\t\t<div class=\"elementor-element elementor-element-7a2550b elementor-widget elementor-widget-text-editor\" data-id=\"7a2550b\" data-element_type=\"widget\" data-e-type=\"widget\" data-widget_type=\"text-editor.default\">\n\t\t\t\t<div class=\"elementor-widget-container\">\n\t\t\t\t\t\t\t\t\t<p>Teniu una tem\u00e0tica que us defineix? Un viatge, una passi\u00f3 o un record especial? A <strong>Can Ribas<\/strong> ens encanta transformar les vostres idees en realitat; per aix\u00f2, posem a la vostra disposici\u00f3 <strong>m\u00faltiples opcions de Seating Plan<\/strong> perqu\u00e8 la distribuci\u00f3 de les taules tamb\u00e9 parli de vosaltres.<\/p><p>Entenem aquest rac\u00f3 com un <strong>detall decoratiu<\/strong> ple de significat. Dissenyem <strong>diferents propostes<\/strong> que s&#8217;adapten al vostre estil, creant un escenari on els vostres convidats s&#8217;aturin, somriguin i busquin el seu lloc amb la mateixa cura amb qu\u00e8 heu preparat cada instant del vostre dia.<\/p>\t\t\t\t\t\t\t\t<\/div>\n\t\t\t\t<\/div>\n\t\t\t\t\t<\/div>\n\t\t\t\t<\/div>\n\t\t<div class=\"elementor-element elementor-element-9e932a9 e-flex e-con-boxed e-con e-parent\" data-id=\"9e932a9\" data-element_type=\"container\" data-e-type=\"container\">\n\t\t\t\t\t<div class=\"e-con-inner\">\n\t\t\t\t<div class=\"elementor-element elementor-element-6d94bfb elementor-widget elementor-widget-gallery\" data-id=\"6d94bfb\" data-element_type=\"widget\" data-e-type=\"widget\" data-settings=\"{&quot;columns&quot;:3,&quot;gap&quot;:{&quot;unit&quot;:&quot;px&quot;,&quot;size&quot;:9,&quot;sizes&quot;:[]},&quot;lazyload&quot;:&quot;yes&quot;,&quot;gallery_layout&quot;:&quot;grid&quot;,&quot;columns_tablet&quot;:2,&quot;columns_mobile&quot;:1,&quot;gap_tablet&quot;:{&quot;unit&quot;:&quot;px&quot;,&quot;size&quot;:10,&quot;sizes&quot;:[]},&quot;gap_mobile&quot;:{&quot;unit&quot;:&quot;px&quot;,&quot;size&quot;:10,&quot;sizes&quot;:[]},&quot;link_to&quot;:&quot;file&quot;,&quot;aspect_ratio&quot;:&quot;3:2&quot;,&quot;overlay_background&quot;:&quot;yes&quot;,&quot;content_hover_animation&quot;:&quot;fade-in&quot;}\" data-widget_type=\"gallery.default\">\n\t\t\t\t<div class=\"elementor-widget-container\">\n\t\t\t\t\t\t\t<div class=\"elementor-gallery__container\">\n\t\t\t\t\t\t\t<a class=\"e-gallery-item elementor-gallery-item elementor-animated-content\" href=\"https:\/\/canribas.com\/wp-content\/uploads\/2026\/02\/CANRIBAS-125.webp\" data-elementor-open-lightbox=\"yes\" data-elementor-lightbox-slideshow=\"6d94bfb\" data-elementor-lightbox-title=\"CANRIBAS-125\" data-e-action-hash=\"#elementor-action%3Aaction%3Dlightbox%26settings%3DeyJpZCI6MjQ5NzYsInVybCI6Imh0dHBzOlwvXC9jYW5yaWJhcy5jb21cL3dwLWNvbnRlbnRcL3VwbG9hZHNcLzIwMjZcLzAyXC9DQU5SSUJBUy0xMjUud2VicCIsInNsaWRlc2hvdyI6IjZkOTRiZmIifQ%3D%3D\">\n\t\t\t\t\t<div class=\"e-gallery-image elementor-gallery-item__image\" data-thumbnail=\"https:\/\/canribas.com\/wp-content\/uploads\/2026\/02\/CANRIBAS-125-768x512.webp\" data-width=\"768\" data-height=\"512\" aria-label=\"\" role=\"img\" ><\/div>\n\t\t\t\t\t\t\t\t\t\t\t<div class=\"elementor-gallery-item__overlay\"><\/div>\n\t\t\t\t\t\t\t\t\t\t\t\t\t\t<\/a>\n\t\t\t\t\t\t\t<a class=\"e-gallery-item elementor-gallery-item elementor-animated-content\" href=\"https:\/\/canribas.com\/wp-content\/uploads\/2026\/02\/0292.webp\" data-elementor-open-lightbox=\"yes\" data-elementor-lightbox-slideshow=\"6d94bfb\" data-elementor-lightbox-title=\"0292\" data-e-action-hash=\"#elementor-action%3Aaction%3Dlightbox%26settings%3DeyJpZCI6MjQ5NzAsInVybCI6Imh0dHBzOlwvXC9jYW5yaWJhcy5jb21cL3dwLWNvbnRlbnRcL3VwbG9hZHNcLzIwMjZcLzAyXC8wMjkyLndlYnAiLCJzbGlkZXNob3ciOiI2ZDk0YmZiIn0%3D\">\n\t\t\t\t\t<div class=\"e-gallery-image elementor-gallery-item__image\" data-thumbnail=\"https:\/\/canribas.com\/wp-content\/uploads\/2026\/02\/0292-768x513.webp\" data-width=\"768\" data-height=\"513\" aria-label=\"\" role=\"img\" ><\/div>\n\t\t\t\t\t\t\t\t\t\t\t<div class=\"elementor-gallery-item__overlay\"><\/div>\n\t\t\t\t\t\t\t\t\t\t\t\t\t\t<\/a>\n\t\t\t\t\t\t\t<a class=\"e-gallery-item elementor-gallery-item elementor-animated-content\" href=\"https:\/\/canribas.com\/wp-content\/uploads\/2026\/02\/CANRIBAS-214.webp\" data-elementor-open-lightbox=\"yes\" data-elementor-lightbox-slideshow=\"6d94bfb\" data-elementor-lightbox-title=\"CANRIBAS-214\" data-e-action-hash=\"#elementor-action%3Aaction%3Dlightbox%26settings%3DeyJpZCI6MjQ5NjQsInVybCI6Imh0dHBzOlwvXC9jYW5yaWJhcy5jb21cL3dwLWNvbnRlbnRcL3VwbG9hZHNcLzIwMjZcLzAyXC9DQU5SSUJBUy0yMTQud2VicCIsInNsaWRlc2hvdyI6IjZkOTRiZmIifQ%3D%3D\">\n\t\t\t\t\t<div class=\"e-gallery-image elementor-gallery-item__image\" data-thumbnail=\"https:\/\/canribas.com\/wp-content\/uploads\/2026\/02\/CANRIBAS-214-768x512.webp\" data-width=\"768\" data-height=\"512\" aria-label=\"\" role=\"img\" ><\/div>\n\t\t\t\t\t\t\t\t\t\t\t<div class=\"elementor-gallery-item__overlay\"><\/div>\n\t\t\t\t\t\t\t\t\t\t\t\t\t\t<\/a>\n\t\t\t\t\t\t\t<a class=\"e-gallery-item elementor-gallery-item elementor-animated-content\" href=\"https:\/\/canribas.com\/wp-content\/uploads\/2026\/02\/CANRIBAS-219.webp\" data-elementor-open-lightbox=\"yes\" data-elementor-lightbox-slideshow=\"6d94bfb\" data-elementor-lightbox-title=\"CANRIBAS-219\" data-e-action-hash=\"#elementor-action%3Aaction%3Dlightbox%26settings%3DeyJpZCI6MjQ5NjEsInVybCI6Imh0dHBzOlwvXC9jYW5yaWJhcy5jb21cL3dwLWNvbnRlbnRcL3VwbG9hZHNcLzIwMjZcLzAyXC9DQU5SSUJBUy0yMTkud2VicCIsInNsaWRlc2hvdyI6IjZkOTRiZmIifQ%3D%3D\">\n\t\t\t\t\t<div class=\"e-gallery-image elementor-gallery-item__image\" data-thumbnail=\"https:\/\/canribas.com\/wp-content\/uploads\/2026\/02\/CANRIBAS-219-768x512.webp\" data-width=\"768\" data-height=\"512\" aria-label=\"\" role=\"img\" ><\/div>\n\t\t\t\t\t\t\t\t\t\t\t<div class=\"elementor-gallery-item__overlay\"><\/div>\n\t\t\t\t\t\t\t\t\t\t\t\t\t\t<\/a>\n\t\t\t\t\t\t\t<a class=\"e-gallery-item elementor-gallery-item elementor-animated-content\" href=\"https:\/\/canribas.com\/wp-content\/uploads\/2026\/02\/CANRIBAS-147.webp\" data-elementor-open-lightbox=\"yes\" data-elementor-lightbox-slideshow=\"6d94bfb\" data-elementor-lightbox-title=\"CANRIBAS-147\" data-e-action-hash=\"#elementor-action%3Aaction%3Dlightbox%26settings%3DeyJpZCI6MjQ5NjcsInVybCI6Imh0dHBzOlwvXC9jYW5yaWJhcy5jb21cL3dwLWNvbnRlbnRcL3VwbG9hZHNcLzIwMjZcLzAyXC9DQU5SSUJBUy0xNDcud2VicCIsInNsaWRlc2hvdyI6IjZkOTRiZmIifQ%3D%3D\">\n\t\t\t\t\t<div class=\"e-gallery-image elementor-gallery-item__image\" data-thumbnail=\"https:\/\/canribas.com\/wp-content\/uploads\/2026\/02\/CANRIBAS-147-768x512.webp\" data-width=\"768\" data-height=\"512\" aria-label=\"\" role=\"img\" ><\/div>\n\t\t\t\t\t\t\t\t\t\t\t<div class=\"elementor-gallery-item__overlay\"><\/div>\n\t\t\t\t\t\t\t\t\t\t\t\t\t\t<\/a>\n\t\t\t\t\t\t\t<a class=\"e-gallery-item elementor-gallery-item elementor-animated-content\" href=\"https:\/\/canribas.com\/wp-content\/uploads\/2026\/02\/CANRIBAS-706.webp\" data-elementor-open-lightbox=\"yes\" data-elementor-lightbox-slideshow=\"6d94bfb\" data-elementor-lightbox-title=\"CANRIBAS-706\" data-e-action-hash=\"#elementor-action%3Aaction%3Dlightbox%26settings%3DeyJpZCI6MjQ5NTIsInVybCI6Imh0dHBzOlwvXC9jYW5yaWJhcy5jb21cL3dwLWNvbnRlbnRcL3VwbG9hZHNcLzIwMjZcLzAyXC9DQU5SSUJBUy03MDYud2VicCIsInNsaWRlc2hvdyI6IjZkOTRiZmIifQ%3D%3D\">\n\t\t\t\t\t<div class=\"e-gallery-image elementor-gallery-item__image\" data-thumbnail=\"https:\/\/canribas.com\/wp-content\/uploads\/2026\/02\/CANRIBAS-706-768x512.webp\" data-width=\"768\" data-height=\"512\" aria-label=\"\" role=\"img\" ><\/div>\n\t\t\t\t\t\t\t\t\t\t\t<div class=\"elementor-gallery-item__overlay\"><\/div>\n\t\t\t\t\t\t\t\t\t\t\t\t\t\t<\/a>\n\t\t\t\t\t\t\t<a class=\"e-gallery-item elementor-gallery-item elementor-animated-content\" href=\"https:\/\/canribas.com\/wp-content\/uploads\/2026\/02\/CANRIBAS-222.webp\" data-elementor-open-lightbox=\"yes\" data-elementor-lightbox-slideshow=\"6d94bfb\" data-elementor-lightbox-title=\"CANRIBAS-222\" data-e-action-hash=\"#elementor-action%3Aaction%3Dlightbox%26settings%3DeyJpZCI6MjQ5NTgsInVybCI6Imh0dHBzOlwvXC9jYW5yaWJhcy5jb21cL3dwLWNvbnRlbnRcL3VwbG9hZHNcLzIwMjZcLzAyXC9DQU5SSUJBUy0yMjIud2VicCIsInNsaWRlc2hvdyI6IjZkOTRiZmIifQ%3D%3D\">\n\t\t\t\t\t<div class=\"e-gallery-image elementor-gallery-item__image\" data-thumbnail=\"https:\/\/canribas.com\/wp-content\/uploads\/2026\/02\/CANRIBAS-222-768x512.webp\" data-width=\"768\" data-height=\"512\" aria-label=\"\" role=\"img\" ><\/div>\n\t\t\t\t\t\t\t\t\t\t\t<div class=\"elementor-gallery-item__overlay\"><\/div>\n\t\t\t\t\t\t\t\t\t\t\t\t\t\t<\/a>\n\t\t\t\t\t\t\t<a class=\"e-gallery-item elementor-gallery-item elementor-animated-content\" href=\"https:\/\/canribas.com\/wp-content\/uploads\/2026\/02\/CANRIBAS-225.webp\" data-elementor-open-lightbox=\"yes\" data-elementor-lightbox-slideshow=\"6d94bfb\" data-elementor-lightbox-title=\"CANRIBAS-225\" data-e-action-hash=\"#elementor-action%3Aaction%3Dlightbox%26settings%3DeyJpZCI6MjQ5NTUsInVybCI6Imh0dHBzOlwvXC9jYW5yaWJhcy5jb21cL3dwLWNvbnRlbnRcL3VwbG9hZHNcLzIwMjZcLzAyXC9DQU5SSUJBUy0yMjUud2VicCIsInNsaWRlc2hvdyI6IjZkOTRiZmIifQ%3D%3D\">\n\t\t\t\t\t<div class=\"e-gallery-image elementor-gallery-item__image\" data-thumbnail=\"https:\/\/canribas.com\/wp-content\/uploads\/2026\/02\/CANRIBAS-225-768x512.webp\" data-width=\"768\" data-height=\"512\" aria-label=\"\" role=\"img\" ><\/div>\n\t\t\t\t\t\t\t\t\t\t\t<div class=\"elementor-gallery-item__overlay\"><\/div>\n\t\t\t\t\t\t\t\t\t\t\t\t\t\t<\/a>\n\t\t\t\t\t\t\t<a class=\"e-gallery-item elementor-gallery-item elementor-animated-content\" href=\"https:\/\/canribas.com\/wp-content\/uploads\/2026\/02\/Paula-Mario_Adelanto-257.webp\" data-elementor-open-lightbox=\"yes\" data-elementor-lightbox-slideshow=\"6d94bfb\" data-elementor-lightbox-title=\"Paula + Mario_Adelanto-257\" data-e-action-hash=\"#elementor-action%3Aaction%3Dlightbox%26settings%3DeyJpZCI6MjQ5NDksInVybCI6Imh0dHBzOlwvXC9jYW5yaWJhcy5jb21cL3dwLWNvbnRlbnRcL3VwbG9hZHNcLzIwMjZcLzAyXC9QYXVsYS1NYXJpb19BZGVsYW50by0yNTcud2VicCIsInNsaWRlc2hvdyI6IjZkOTRiZmIifQ%3D%3D\">\n\t\t\t\t\t<div class=\"e-gallery-image elementor-gallery-item__image\" data-thumbnail=\"https:\/\/canribas.com\/wp-content\/uploads\/2026\/02\/Paula-Mario_Adelanto-257-768x512.webp\" data-width=\"768\" data-height=\"512\" aria-label=\"\" role=\"img\" ><\/div>\n\t\t\t\t\t\t\t\t\t\t\t<div class=\"elementor-gallery-item__overlay\"><\/div>\n\t\t\t\t\t\t\t\t\t\t\t\t\t\t<\/a>\n\t\t\t\t\t<\/div>\n\t\t\t\t\t<\/div>\n\t\t\t\t<\/div>\n\t\t\t\t\t<\/div>\n\t\t\t\t<\/div>\n\t\t<div class=\"elementor-element elementor-element-56bb4d4 e-flex e-con-boxed e-con e-parent\" data-id=\"56bb4d4\" data-element_type=\"container\" data-e-type=\"container\" data-settings=\"{&quot;shape_divider_top&quot;:&quot;book&quot;,&quot;background_background&quot;:&quot;classic&quot;}\">\n\t\t\t\t\t<div class=\"e-con-inner\">\n\t\t\t\t<div class=\"elementor-shape elementor-shape-top\" aria-hidden=\"true\" data-negative=\"false\">\n\t\t\t<svg xmlns=\"http:\/\/www.w3.org\/2000\/svg\" viewBox=\"0 0 1000 100\" preserveAspectRatio=\"none\">\n\t<path class=\"elementor-shape-fill\" d=\"M194,99c186.7,0.7,305-78.3,306-97.2c1,18.9,119.3,97.9,306,97.2c114.3-0.3,194,0.3,194,0.3s0-91.7,0-100c0,0,0,0,0-0 L0,0v99.3C0,99.3,79.7,98.7,194,99z\"\/>\n<\/svg>\t\t<\/div>\n\t\t\t\t<div class=\"elementor-element elementor-element-e89962d elementor-widget elementor-widget-heading\" data-id=\"e89962d\" data-element_type=\"widget\" data-e-type=\"widget\" data-widget_type=\"heading.default\">\n\t\t\t\t<div class=\"elementor-widget-container\">\n\t\t\t\t\t<h2 class=\"elementor-heading-title elementor-size-default\">Donem forma a la vostra benvinguda?<\/h2>\t\t\t\t<\/div>\n\t\t\t\t<\/div>\n\t\t\t\t<div class=\"elementor-element elementor-element-cddd77b elementor-widget elementor-widget-text-editor\" data-id=\"cddd77b\" data-element_type=\"widget\" data-e-type=\"widget\" data-widget_type=\"text-editor.default\">\n\t\t\t\t<div class=\"elementor-widget-container\">\n\t\t\t\t\t\t\t\t\t<p>Els vostres convidats s\u00f3n el m\u00e9s important, i la manera com els rebeu mereix un disseny a l&#8217;al\u00e7ada del vostre somni. Veniu a visitar-nos, passegeu pels nostres espais i decidim junts on comen\u00e7ar\u00e0 la vostra hist\u00f2ria.<\/p>\t\t\t\t\t\t\t\t<\/div>\n\t\t\t\t<\/div>\n\t\t\t\t<div class=\"elementor-element elementor-element-0937776 elementor-align-center elementor-widget elementor-widget-button\" data-id=\"0937776\" data-element_type=\"widget\" data-e-type=\"widget\" data-widget_type=\"button.default\">\n\t\t\t\t<div class=\"elementor-widget-container\">\n\t\t\t\t\t\t\t\t\t<div class=\"elementor-button-wrapper\">\n\t\t\t\t\t<a class=\"elementor-button elementor-button-link elementor-size-sm\" href=\"https:\/\/canribas.com\/ca\/contacte\/\">\n\t\t\t\t\t\t<span class=\"elementor-button-content-wrapper\">\n\t\t\t\t\t\t\t\t\t<span class=\"elementor-button-text\">Dissenyar la nostra benvinguda<\/span>\n\t\t\t\t\t<\/span>\n\t\t\t\t\t<\/a>\n\t\t\t\t<\/div>\n\t\t\t\t\t\t\t\t<\/div>\n\t\t\t\t<\/div>\n\t\t\t\t\t<\/div>\n\t\t\t\t<\/div>\n\t\t\t\t<\/div>\n\t\t","protected":false},"excerpt":{"rendered":"<p>EL SEATING PLAN DEL VOSTRE CASAMENT El vostre rac\u00f3 de benvinguda a Can Ribas El Seating Plan \u00e9s molt m\u00e9s que el protocol; \u00e9s el primer cap\u00edtol on comenceu a explicar la vostra hist\u00f2ria a aquells qui m\u00e9s estimeu. A Can Ribas, dissenyem aquest rac\u00f3 perqu\u00e8 cada convidat es descobreixi en els vostres detalls i [&hellip;]<\/p>\n","protected":false},"author":6,"featured_media":0,"parent":0,"menu_order":0,"comment_status":"closed","ping_status":"closed","template":"","meta":{"footnotes":""},"class_list":["post-25184","page","type-page","status-publish","hentry"],"_links":{"self":[{"href":"https:\/\/canribas.com\/ca\/wp-json\/wp\/v2\/pages\/25184","targetHints":{"allow":["GET"]}}],"collection":[{"href":"https:\/\/canribas.com\/ca\/wp-json\/wp\/v2\/pages"}],"about":[{"href":"https:\/\/canribas.com\/ca\/wp-json\/wp\/v2\/types\/page"}],"author":[{"embeddable":true,"href":"https:\/\/canribas.com\/ca\/wp-json\/wp\/v2\/users\/6"}],"replies":[{"embeddable":true,"href":"https:\/\/canribas.com\/ca\/wp-json\/wp\/v2\/comments?post=25184"}],"version-history":[{"count":9,"href":"https:\/\/canribas.com\/ca\/wp-json\/wp\/v2\/pages\/25184\/revisions"}],"predecessor-version":[{"id":25288,"href":"https:\/\/canribas.com\/ca\/wp-json\/wp\/v2\/pages\/25184\/revisions\/25288"}],"wp:attachment":[{"href":"https:\/\/canribas.com\/ca\/wp-json\/wp\/v2\/media?parent=25184"}],"curies":[{"name":"wp","href":"https:\/\/api.w.org\/{rel}","templated":true}]}}