{"id":25189,"date":"2026-02-04T08:21:50","date_gmt":"2026-02-04T08:21:50","guid":{"rendered":"https:\/\/canribas.com\/wedding-planner\/"},"modified":"2026-03-27T13:47:28","modified_gmt":"2026-03-27T13:47:28","slug":"wedding-planner","status":"publish","type":"page","link":"https:\/\/canribas.com\/ca\/wedding-planner\/","title":{"rendered":"Wedding Planner"},"content":{"rendered":"\t\t<div data-elementor-type=\"wp-page\" data-elementor-id=\"25189\" class=\"elementor elementor-25189 elementor-24994\" data-elementor-post-type=\"page\">\n\t\t\t\t<div class=\"elementor-element elementor-element-d00a1d7 e-flex e-con-boxed e-con e-parent\" data-id=\"d00a1d7\" data-element_type=\"container\" data-e-type=\"container\">\n\t\t\t\t\t<div class=\"e-con-inner\">\n\t\t\t\t<div class=\"elementor-element elementor-element-05aefd1 elementor-widget elementor-widget-heading\" data-id=\"05aefd1\" data-element_type=\"widget\" data-e-type=\"widget\" data-widget_type=\"heading.default\">\n\t\t\t\t<div class=\"elementor-widget-container\">\n\t\t\t\t\t<h1 class=\"elementor-heading-title elementor-size-default\">Acompanyament i assessorament en la vostra planificaci\u00f3<\/h1>\t\t\t\t<\/div>\n\t\t\t\t<\/div>\n\t\t\t\t<div class=\"elementor-element elementor-element-0cd9868 elementor-widget elementor-widget-heading\" data-id=\"0cd9868\" data-element_type=\"widget\" data-e-type=\"widget\" data-widget_type=\"heading.default\">\n\t\t\t\t<div class=\"elementor-widget-container\">\n\t\t\t\t\t<h2 class=\"elementor-heading-title elementor-size-default\">El vostre casament a Can Ribas\n<\/h2>\t\t\t\t<\/div>\n\t\t\t\t<\/div>\n\t\t\t\t<div class=\"elementor-element elementor-element-e49e930 elementor-widget elementor-widget-text-editor\" data-id=\"e49e930\" data-element_type=\"widget\" data-e-type=\"widget\" data-widget_type=\"text-editor.default\">\n\t\t\t\t<div class=\"elementor-widget-container\">\n\t\t\t\t\t\t\t\t\t<p>Organitzar un casament en una masia a prop de Barcelona \u00e9s un proc\u00e9s ple de decisions i moments emocionants. A<strong> Can Ribas<\/strong>, volem que visqueu aquesta etapa amb la m\u00e0xima tranquil\u00b7litat; per aix\u00f2, comptareu amb el suport del nostre <strong>equip d\u2019assessorament<\/strong> durant tota la planificaci\u00f3 del vostre dia. No es tracta de log\u00edstica, sin\u00f3 de posar-nos al vostre costat perqu\u00e8 la nostra experi\u00e8ncia sigui la millor guia per fer realitat les vostres idees.<\/p>\t\t\t\t\t\t\t\t<\/div>\n\t\t\t\t<\/div>\n\t\t\t\t<div class=\"elementor-element elementor-element-6c1eaf6 elementor-widget__width-inherit elementor-widget elementor-widget-image\" data-id=\"6c1eaf6\" data-element_type=\"widget\" data-e-type=\"widget\" data-widget_type=\"image.default\">\n\t\t\t\t<div class=\"elementor-widget-container\">\n\t\t\t\t\t\t\t\t\t\t\t\t\t\t\t<img fetchpriority=\"high\" decoding=\"async\" width=\"1920\" height=\"1277\" src=\"https:\/\/canribas.com\/wp-content\/uploads\/2026\/02\/240406_AP_0344.webp\" class=\"attachment-full size-full wp-image-24999\" alt=\"\" srcset=\"https:\/\/canribas.com\/wp-content\/uploads\/2026\/02\/240406_AP_0344.webp 1920w, https:\/\/canribas.com\/wp-content\/uploads\/2026\/02\/240406_AP_0344-300x200.webp 300w, https:\/\/canribas.com\/wp-content\/uploads\/2026\/02\/240406_AP_0344-1024x681.webp 1024w, https:\/\/canribas.com\/wp-content\/uploads\/2026\/02\/240406_AP_0344-768x511.webp 768w, https:\/\/canribas.com\/wp-content\/uploads\/2026\/02\/240406_AP_0344-1536x1022.webp 1536w\" sizes=\"(max-width: 1920px) 100vw, 1920px\" \/>\t\t\t\t\t\t\t\t\t\t\t\t\t\t\t<\/div>\n\t\t\t\t<\/div>\n\t\t\t\t\t<\/div>\n\t\t\t\t<\/div>\n\t\t<div class=\"elementor-element elementor-element-81bba9d e-flex e-con-boxed e-con e-parent\" data-id=\"81bba9d\" data-element_type=\"container\" data-e-type=\"container\" data-settings=\"{&quot;background_background&quot;:&quot;classic&quot;,&quot;shape_divider_top&quot;:&quot;book&quot;}\">\n\t\t\t\t\t<div class=\"e-con-inner\">\n\t\t\t\t<div class=\"elementor-shape elementor-shape-top\" aria-hidden=\"true\" data-negative=\"false\">\n\t\t\t<svg xmlns=\"http:\/\/www.w3.org\/2000\/svg\" viewBox=\"0 0 1000 100\" preserveAspectRatio=\"none\">\n\t<path class=\"elementor-shape-fill\" d=\"M194,99c186.7,0.7,305-78.3,306-97.2c1,18.9,119.3,97.9,306,97.2c114.3-0.3,194,0.3,194,0.3s0-91.7,0-100c0,0,0,0,0-0 L0,0v99.3C0,99.3,79.7,98.7,194,99z\"\/>\n<\/svg>\t\t<\/div>\n\t\t<div class=\"elementor-element elementor-element-c05ed93 e-con-full e-flex e-con e-child\" data-id=\"c05ed93\" data-element_type=\"container\" data-e-type=\"container\">\n\t\t\t\t<div class=\"elementor-element elementor-element-0b675a2 elementor-widget elementor-widget-heading\" data-id=\"0b675a2\" data-element_type=\"widget\" data-e-type=\"widget\" data-widget_type=\"heading.default\">\n\t\t\t\t<div class=\"elementor-widget-container\">\n\t\t\t\t\t<h2 class=\"elementor-heading-title elementor-size-default\">La vostra planificaci\u00f3, amb les nostres Wedding Planners<\/h2>\t\t\t\t<\/div>\n\t\t\t\t<\/div>\n\t\t\t\t<\/div>\n\t\t<div class=\"elementor-element elementor-element-7b3af9f e-con-full e-flex e-con e-child\" data-id=\"7b3af9f\" data-element_type=\"container\" data-e-type=\"container\">\n\t\t\t\t<div class=\"elementor-element elementor-element-e1bafc3 elementor-widget elementor-widget-text-editor\" data-id=\"e1bafc3\" data-element_type=\"widget\" data-e-type=\"widget\" data-widget_type=\"text-editor.default\">\n\t\t\t\t<div class=\"elementor-widget-container\">\n\t\t\t\t\t\t\t\t\t<p>Tanqueu els ulls i imagineu els mesos previs al vostre \u201cs\u00ed, vull\u201d a <strong>Can Ribas<\/strong>, amb calma i sense estr\u00e8s. A casa nostra, aix\u00f2 \u00e9s possible gr\u00e0cies a <strong>l&#8217;assessorament continu<\/strong> que us oferim en cada pas. No entenem l\u2019organitzaci\u00f3 com una simple llista de tasques, sin\u00f3 com un proc\u00e9s d\u2019escolta activa on les vostres il\u00b7lusions troben una llar.<\/p><p><br \/>El nostre equip es fon amb les vostres idees per donar-los forma, cuidant que l\u2019ess\u00e8ncia de <strong>Can Ribas<\/strong> sigui el marc perfecte per al vostre relat. Des de la selecci\u00f3 dels racons m\u00e9s especials fins a la coordinaci\u00f3 dels temps en el banquet, la vostra<strong> Wedding Planner<\/strong> es converteix en la vostra veu i les vostres mans a la finca.<\/p>\t\t\t\t\t\t\t\t<\/div>\n\t\t\t\t<\/div>\n\t\t\t\t<\/div>\n\t\t<div class=\"elementor-element elementor-element-78452f6 e-con-full e-flex e-con e-child\" data-id=\"78452f6\" data-element_type=\"container\" data-e-type=\"container\">\n\t\t\t\t<div class=\"elementor-element elementor-element-111f9ac elementor-widget elementor-widget-image\" data-id=\"111f9ac\" data-element_type=\"widget\" data-e-type=\"widget\" data-widget_type=\"image.default\">\n\t\t\t\t<div class=\"elementor-widget-container\">\n\t\t\t\t\t\t\t\t\t\t\t\t\t\t\t<img decoding=\"async\" width=\"800\" height=\"533\" src=\"https:\/\/canribas.com\/wp-content\/uploads\/2025\/07\/CANRIBAS-179.webp\" class=\"attachment-large size-large wp-image-23334\" alt=\"\" srcset=\"https:\/\/canribas.com\/wp-content\/uploads\/2025\/07\/CANRIBAS-179.webp 800w, https:\/\/canribas.com\/wp-content\/uploads\/2025\/07\/CANRIBAS-179-300x200.webp 300w, https:\/\/canribas.com\/wp-content\/uploads\/2025\/07\/CANRIBAS-179-768x512.webp 768w\" sizes=\"(max-width: 800px) 100vw, 800px\" \/>\t\t\t\t\t\t\t\t\t\t\t\t\t\t\t<\/div>\n\t\t\t\t<\/div>\n\t\t\t\t<\/div>\n\t\t\t\t\t<\/div>\n\t\t\t\t<\/div>\n\t\t<div class=\"elementor-element elementor-element-2adc23d e-flex e-con-boxed e-con e-parent\" data-id=\"2adc23d\" data-element_type=\"container\" data-e-type=\"container\">\n\t\t\t\t\t<div class=\"e-con-inner\">\n\t\t\t\t<div class=\"elementor-element elementor-element-1afd1fe elementor-widget elementor-widget-heading\" data-id=\"1afd1fe\" data-element_type=\"widget\" data-e-type=\"widget\" data-widget_type=\"heading.default\">\n\t\t\t\t<div class=\"elementor-widget-container\">\n\t\t\t\t\t<h2 class=\"elementor-heading-title elementor-size-default\">Coordinaci\u00f3 i atenci\u00f3 personalitzada durant el casament\n<\/h2>\t\t\t\t<\/div>\n\t\t\t\t<\/div>\n\t\t\t\t<div class=\"elementor-element elementor-element-123c9c6 elementor-widget elementor-widget-text-editor\" data-id=\"123c9c6\" data-element_type=\"widget\" data-e-type=\"widget\" data-widget_type=\"text-editor.default\">\n\t\t\t\t<div class=\"elementor-widget-container\">\n\t\t\t\t\t\t\t\t\t<p>El dia del vostre casament a la nostra masia a Barcelona, el temps s&#8217;ha d&#8217;aturar perqu\u00e8 la vostra \u00fanica ocupaci\u00f3 sigui gaudir. A Can Ribas, elevem l&#8217;experi\u00e8ncia dels nostres nuvis amb un servei exclusiu d&#8217;atenci\u00f3 i coordinaci\u00f3 el dia del casament: una persona del nostre equip estar\u00e0 dedicada \u00edntegrament a vosaltres perqu\u00e8 cada detall del pla es compleixi a la perfecci\u00f3.<\/p>\t\t\t\t\t\t\t\t<\/div>\n\t\t\t\t<\/div>\n\t\t<div class=\"elementor-element elementor-element-f78e3cc e-con-full e-flex e-con e-child\" data-id=\"f78e3cc\" data-element_type=\"container\" data-e-type=\"container\">\n\t\t<div class=\"elementor-element elementor-element-13e19b9 e-con-full e-flex e-con e-child\" data-id=\"13e19b9\" data-element_type=\"container\" data-e-type=\"container\">\n\t\t\t\t<div class=\"elementor-element elementor-element-7a2550b elementor-widget elementor-widget-text-editor\" data-id=\"7a2550b\" data-element_type=\"widget\" data-e-type=\"widget\" data-widget_type=\"text-editor.default\">\n\t\t\t\t<div class=\"elementor-widget-container\">\n\t\t\t\t\t\t\t\t\t<ul><li><strong>Gesti\u00f3 dels temps:<\/strong> Supervisem el timing de l&#8217;esdeveniment perqu\u00e8 cada moment succeeixi amb naturalitat.<\/li><li><strong>Coordinaci\u00f3 de moments clau i entregues:<\/strong> Ens encarreguem d&#8217;organitzar les vostres sorpreses i regals, assegurant que tot estigui a punt quan l\u2019emoci\u00f3 ho requereixi.<\/li><li><strong>Resposta i flu\u00efdesa operatives:<\/strong> Actuem amb discreci\u00f3 i efic\u00e0cia davant qualsevol canvi d&#8217;\u00faltima hora o idea espont\u00e0nia, resolent amb agilitat perqu\u00e8 tot flueixi sense alterar la m\u00e0gia del moment.<\/li><\/ul>\t\t\t\t\t\t\t\t<\/div>\n\t\t\t\t<\/div>\n\t\t\t\t<\/div>\n\t\t<div class=\"elementor-element elementor-element-d62c073 e-con-full e-flex e-con e-child\" data-id=\"d62c073\" data-element_type=\"container\" data-e-type=\"container\">\n\t\t\t\t<div class=\"elementor-element elementor-element-656b96e elementor-widget elementor-widget-image\" data-id=\"656b96e\" data-element_type=\"widget\" data-e-type=\"widget\" data-widget_type=\"image.default\">\n\t\t\t\t<div class=\"elementor-widget-container\">\n\t\t\t\t\t\t\t\t\t\t\t\t\t\t\t<img decoding=\"async\" width=\"800\" height=\"534\" src=\"https:\/\/canribas.com\/wp-content\/uploads\/2026\/02\/@photographer_maxsegura_0283-2-1024x683.webp\" class=\"attachment-large size-large wp-image-25014\" alt=\"\" srcset=\"https:\/\/canribas.com\/wp-content\/uploads\/2026\/02\/@photographer_maxsegura_0283-2-1024x683.webp 1024w, https:\/\/canribas.com\/wp-content\/uploads\/2026\/02\/@photographer_maxsegura_0283-2-300x200.webp 300w, https:\/\/canribas.com\/wp-content\/uploads\/2026\/02\/@photographer_maxsegura_0283-2-768x512.webp 768w, https:\/\/canribas.com\/wp-content\/uploads\/2026\/02\/@photographer_maxsegura_0283-2-1536x1024.webp 1536w, https:\/\/canribas.com\/wp-content\/uploads\/2026\/02\/@photographer_maxsegura_0283-2.webp 1600w\" sizes=\"(max-width: 800px) 100vw, 800px\" \/>\t\t\t\t\t\t\t\t\t\t\t\t\t\t\t<\/div>\n\t\t\t\t<\/div>\n\t\t\t\t<\/div>\n\t\t\t\t<\/div>\n\t\t\t\t\t<\/div>\n\t\t\t\t<\/div>\n\t\t<div class=\"elementor-element elementor-element-d3fefea e-flex e-con-boxed e-con e-parent\" data-id=\"d3fefea\" data-element_type=\"container\" data-e-type=\"container\">\n\t\t\t\t\t<div class=\"e-con-inner\">\n\t\t\t\t<div class=\"elementor-element elementor-element-dff7ec7 elementor-widget elementor-widget-heading\" data-id=\"dff7ec7\" data-element_type=\"widget\" data-e-type=\"widget\" data-widget_type=\"heading.default\">\n\t\t\t\t<div class=\"elementor-widget-container\">\n\t\t\t\t\t<h2 class=\"elementor-heading-title elementor-size-default\">Tot el que necessiteu per a les vostres noces civils a Barcelona\n<\/h2>\t\t\t\t<\/div>\n\t\t\t\t<\/div>\n\t\t\t\t<div class=\"elementor-element elementor-element-83321ae elementor-widget elementor-widget-text-editor\" data-id=\"83321ae\" data-element_type=\"widget\" data-e-type=\"widget\" data-widget_type=\"text-editor.default\">\n\t\t\t\t<div class=\"elementor-widget-container\">\n\t\t\t\t\t\t\t\t\t<p>Organitzar una cerim\u00f2nia civil requereix sensibilitat i atenci\u00f3 al detall. En Can Ribas us oferim la combinaci\u00f3 perfecta: la bellesa d\u2019una masia hist\u00f2rica amb la infraestructura moderna necess\u00e0ria. Una finca per casaments amb les comoditats actuals perqu\u00e8 tot flueixi.<\/p><p>Aqu\u00ed podreu viure el &lt;&lt;s\u00ed, vull&gt;&gt; , l\u2019aperitiu i el banquet en un mateix entorn privilegiat, sense despla\u00e7aments, sense presses, regalant als vostres convidats una experi\u00e8ncia c\u00f2moda i relaxada des del primer minut.<\/p>\t\t\t\t\t\t\t\t<\/div>\n\t\t\t\t<\/div>\n\t\t\t\t\t<\/div>\n\t\t\t\t<\/div>\n\t\t<div class=\"elementor-element elementor-element-56bb4d4 e-flex e-con-boxed e-con e-parent\" data-id=\"56bb4d4\" data-element_type=\"container\" data-e-type=\"container\" data-settings=\"{&quot;shape_divider_top&quot;:&quot;book&quot;,&quot;background_background&quot;:&quot;classic&quot;}\">\n\t\t\t\t\t<div class=\"e-con-inner\">\n\t\t\t\t<div class=\"elementor-shape elementor-shape-top\" aria-hidden=\"true\" data-negative=\"false\">\n\t\t\t<svg xmlns=\"http:\/\/www.w3.org\/2000\/svg\" viewBox=\"0 0 1000 100\" preserveAspectRatio=\"none\">\n\t<path class=\"elementor-shape-fill\" d=\"M194,99c186.7,0.7,305-78.3,306-97.2c1,18.9,119.3,97.9,306,97.2c114.3-0.3,194,0.3,194,0.3s0-91.7,0-100c0,0,0,0,0-0 L0,0v99.3C0,99.3,79.7,98.7,194,99z\"\/>\n<\/svg>\t\t<\/div>\n\t\t\t\t<div class=\"elementor-element elementor-element-e89962d elementor-widget elementor-widget-heading\" data-id=\"e89962d\" data-element_type=\"widget\" data-e-type=\"widget\" data-widget_type=\"heading.default\">\n\t\t\t\t<div class=\"elementor-widget-container\">\n\t\t\t\t\t<h2 class=\"elementor-heading-title elementor-size-default\">Veniu a con\u00e8ixer-nos<\/h2>\t\t\t\t<\/div>\n\t\t\t\t<\/div>\n\t\t\t\t<div class=\"elementor-element elementor-element-cddd77b elementor-widget elementor-widget-text-editor\" data-id=\"cddd77b\" data-element_type=\"widget\" data-e-type=\"widget\" data-widget_type=\"text-editor.default\">\n\t\t\t\t<div class=\"elementor-widget-container\">\n\t\t\t\t\t\t\t\t\t<p data-pm-slice=\"1 1 []\">Us convidem a venir, a seure amb nosaltres i a explicar-nos com imagineu el vostre dia.\u00a0<span style=\"font-size: 1rem;\">Estem desitjant donar-vos la benvinguda a casa.<\/span><\/p>\t\t\t\t\t\t\t\t<\/div>\n\t\t\t\t<\/div>\n\t\t\t\t<div class=\"elementor-element elementor-element-0937776 elementor-align-center elementor-widget elementor-widget-button\" data-id=\"0937776\" data-element_type=\"widget\" data-e-type=\"widget\" data-widget_type=\"button.default\">\n\t\t\t\t<div class=\"elementor-widget-container\">\n\t\t\t\t\t\t\t\t\t<div class=\"elementor-button-wrapper\">\n\t\t\t\t\t<a class=\"elementor-button elementor-button-link elementor-size-sm\" href=\"https:\/\/canribas.com\/ca\/contacte\/\">\n\t\t\t\t\t\t<span class=\"elementor-button-content-wrapper\">\n\t\t\t\t\t\t\t\t\t<span class=\"elementor-button-text\">Concertar una trobada personal<\/span>\n\t\t\t\t\t<\/span>\n\t\t\t\t\t<\/a>\n\t\t\t\t<\/div>\n\t\t\t\t\t\t\t\t<\/div>\n\t\t\t\t<\/div>\n\t\t\t\t\t<\/div>\n\t\t\t\t<\/div>\n\t\t\t\t<\/div>\n\t\t","protected":false},"excerpt":{"rendered":"<p>Acompanyament i assessorament en la vostra planificaci\u00f3 El vostre casament a Can Ribas Organitzar un casament en una masia a prop de Barcelona \u00e9s un proc\u00e9s ple de decisions i moments emocionants. A Can Ribas, volem que visqueu aquesta etapa amb la m\u00e0xima tranquil\u00b7litat; per aix\u00f2, comptareu amb el suport del nostre equip d\u2019assessorament durant [&hellip;]<\/p>\n","protected":false},"author":6,"featured_media":0,"parent":0,"menu_order":0,"comment_status":"closed","ping_status":"closed","template":"","meta":{"footnotes":""},"class_list":["post-25189","page","type-page","status-publish","hentry"],"_links":{"self":[{"href":"https:\/\/canribas.com\/ca\/wp-json\/wp\/v2\/pages\/25189","targetHints":{"allow":["GET"]}}],"collection":[{"href":"https:\/\/canribas.com\/ca\/wp-json\/wp\/v2\/pages"}],"about":[{"href":"https:\/\/canribas.com\/ca\/wp-json\/wp\/v2\/types\/page"}],"author":[{"embeddable":true,"href":"https:\/\/canribas.com\/ca\/wp-json\/wp\/v2\/users\/6"}],"replies":[{"embeddable":true,"href":"https:\/\/canribas.com\/ca\/wp-json\/wp\/v2\/comments?post=25189"}],"version-history":[{"count":15,"href":"https:\/\/canribas.com\/ca\/wp-json\/wp\/v2\/pages\/25189\/revisions"}],"predecessor-version":[{"id":25285,"href":"https:\/\/canribas.com\/ca\/wp-json\/wp\/v2\/pages\/25189\/revisions\/25285"}],"wp:attachment":[{"href":"https:\/\/canribas.com\/ca\/wp-json\/wp\/v2\/media?parent=25189"}],"curies":[{"name":"wp","href":"https:\/\/api.w.org\/{rel}","templated":true}]}}